{"id":6517,"date":"2022-04-29T12:43:16","date_gmt":"2022-04-29T10:43:16","guid":{"rendered":"https:\/\/wellfitness.pl\/kampania-majowa-2"},"modified":"2026-02-27T12:45:29","modified_gmt":"2026-02-27T11:45:29","slug":"%d0%bf%d1%80%d0%be-%d0%bd%d0%b0%d1%81","status":"publish","type":"page","link":"https:\/\/wellfitness.pl\/uk\/o-nas","title":{"rendered":"\u041f\u0440\u043e \u043d\u0430\u0441"},"content":{"rendered":"","protected":false},"excerpt":{"rendered":"","protected":false},"author":5,"featured_media":1379,"parent":0,"menu_order":0,"comment_status":"closed","ping_status":"closed","template":"template-flexible.php","meta":{"_acf_changed":false,"inline_featured_image":false,"footnotes":""},"class_list":["post-6517","page","type-page","status-publish","has-post-thumbnail","hentry"],"acf":[],"yoast_head":"<!-- This site is optimized with the Yoast SEO plugin v27.4 - https:\/\/yoast.com\/product\/yoast-seo-wordpress\/ -->\n<title>O nas | Nasza Misja, Zesp\u00f3\u0142 i Atmosfera | Well Fitness<\/title>\n<meta name=\"description\" content=\"Dowiedz si\u0119, dlaczego Well Fitness to wi\u0119cej ni\u017c si\u0142ownia. Poznaj nasz\u0105 histori\u0119, pasj\u0119 do zdrowego stylu \u017cycia i dowiedz si\u0119, co tworzy nasz\u0105 rodzinn\u0105 atmosfer\u0119.\" \/>\n<meta name=\"robots\" content=\"index, follow, max-snippet:-1, max-image-preview:large, max-video-preview:-1\" \/>\n<link rel=\"canonical\" href=\"https:\/\/wellfitness.pl\/uk\/\u043f\u0440\u043e-\u043d\u0430\u0441\" \/>\n<meta property=\"og:locale\" content=\"uk_UA\" \/>\n<meta property=\"og:type\" content=\"article\" \/>\n<meta property=\"og:title\" content=\"O nas | Nasza Misja, Zesp\u00f3\u0142 i Atmosfera | Well Fitness\" \/>\n<meta property=\"og:description\" content=\"Dowiedz si\u0119, dlaczego Well Fitness to wi\u0119cej ni\u017c si\u0142ownia. Poznaj nasz\u0105 histori\u0119, pasj\u0119 do zdrowego stylu \u017cycia i dowiedz si\u0119, co tworzy nasz\u0105 rodzinn\u0105 atmosfer\u0119.\" \/>\n<meta property=\"og:url\" content=\"https:\/\/wellfitness.pl\/uk\/\u043f\u0440\u043e-\u043d\u0430\u0441\" \/>\n<meta property=\"og:site_name\" content=\"Well Fitness\" \/>\n<meta property=\"article:publisher\" content=\"https:\/\/www.facebook.com\/WellFitnessPolska\/\" \/>\n<meta property=\"article:modified_time\" content=\"2026-02-27T11:45:29+00:00\" \/>\n<meta property=\"og:image\" content=\"https:\/\/wellfitness.pl\/wp-content\/uploads\/2021\/12\/cropped-well-fitness-logo-wf.png\" \/>\n\t<meta property=\"og:image:width\" content=\"512\" \/>\n\t<meta property=\"og:image:height\" content=\"512\" \/>\n\t<meta property=\"og:image:type\" content=\"image\/png\" \/>\n<meta name=\"twitter:card\" content=\"summary_large_image\" \/>\n<meta name=\"twitter:label1\" content=\"\u041f\u0440\u0438\u0431\u043b. \u0447\u0430\u0441 \u0447\u0438\u0442\u0430\u043d\u043d\u044f\" \/>\n\t<meta name=\"twitter:data1\" content=\"1 \u0445\u0432\u0438\u043b\u0438\u043d\u0430\" \/>\n<script type=\"application\/ld+json\" class=\"yoast-schema-graph\">{\"@context\":\"https:\\\/\\\/schema.org\",\"@graph\":[{\"@type\":\"WebPage\",\"@id\":\"https:\\\/\\\/wellfitness.pl\\\/o-nas\",\"url\":\"https:\\\/\\\/wellfitness.pl\\\/o-nas\",\"name\":\"O nas | Nasza Misja, Zesp\u00f3\u0142 i Atmosfera | Well Fitness\",\"isPartOf\":{\"@id\":\"https:\\\/\\\/wellfitness.pl\\\/#website\"},\"primaryImageOfPage\":{\"@id\":\"https:\\\/\\\/wellfitness.pl\\\/o-nas#primaryimage\"},\"thumbnailUrl\":\"https:\\\/\\\/wellfitness.pl\\\/wp-content\\\/uploads\\\/2021\\\/12\\\/cropped-well-fitness-logo-wf.png\",\"datePublished\":\"2022-04-29T10:43:16+00:00\",\"dateModified\":\"2026-02-27T11:45:29+00:00\",\"description\":\"Dowiedz si\u0119, dlaczego Well Fitness to wi\u0119cej ni\u017c si\u0142ownia. Poznaj nasz\u0105 histori\u0119, pasj\u0119 do zdrowego stylu \u017cycia i dowiedz si\u0119, co tworzy nasz\u0105 rodzinn\u0105 atmosfer\u0119.\",\"breadcrumb\":{\"@id\":\"https:\\\/\\\/wellfitness.pl\\\/o-nas#breadcrumb\"},\"inLanguage\":\"uk\",\"potentialAction\":[{\"@type\":\"ReadAction\",\"target\":[\"https:\\\/\\\/wellfitness.pl\\\/o-nas\"]}]},{\"@type\":\"ImageObject\",\"inLanguage\":\"uk\",\"@id\":\"https:\\\/\\\/wellfitness.pl\\\/o-nas#primaryimage\",\"url\":\"https:\\\/\\\/wellfitness.pl\\\/wp-content\\\/uploads\\\/2021\\\/12\\\/cropped-well-fitness-logo-wf.png\",\"contentUrl\":\"https:\\\/\\\/wellfitness.pl\\\/wp-content\\\/uploads\\\/2021\\\/12\\\/cropped-well-fitness-logo-wf.png\",\"width\":512,\"height\":512,\"caption\":\"logo well fitness\"},{\"@type\":\"BreadcrumbList\",\"@id\":\"https:\\\/\\\/wellfitness.pl\\\/o-nas#breadcrumb\",\"itemListElement\":[{\"@type\":\"ListItem\",\"position\":1,\"name\":\"Strona g\u0142\u00f3wna\",\"item\":\"https:\\\/\\\/wellfitness.pl\\\/\"},{\"@type\":\"ListItem\",\"position\":2,\"name\":\"O nas\"}]},{\"@type\":\"WebSite\",\"@id\":\"https:\\\/\\\/wellfitness.pl\\\/#website\",\"url\":\"https:\\\/\\\/wellfitness.pl\\\/\",\"name\":\"Well Fitness\",\"description\":\"Be well. Be fit. Be yourself.\",\"publisher\":{\"@id\":\"https:\\\/\\\/wellfitness.pl\\\/#organization\"},\"potentialAction\":[{\"@type\":\"SearchAction\",\"target\":{\"@type\":\"EntryPoint\",\"urlTemplate\":\"https:\\\/\\\/wellfitness.pl\\\/?s={search_term_string}\"},\"query-input\":{\"@type\":\"PropertyValueSpecification\",\"valueRequired\":true,\"valueName\":\"search_term_string\"}}],\"inLanguage\":\"uk\"},{\"@type\":\"Organization\",\"@id\":\"https:\\\/\\\/wellfitness.pl\\\/#organization\",\"name\":\"Well Fitness\",\"url\":\"https:\\\/\\\/wellfitness.pl\\\/\",\"logo\":{\"@type\":\"ImageObject\",\"inLanguage\":\"uk\",\"@id\":\"https:\\\/\\\/wellfitness.pl\\\/#\\\/schema\\\/logo\\\/image\\\/\",\"url\":\"https:\\\/\\\/wellfitness.pl\\\/wp-content\\\/uploads\\\/2021\\\/12\\\/well-fitness-logo.png\",\"contentUrl\":\"https:\\\/\\\/wellfitness.pl\\\/wp-content\\\/uploads\\\/2021\\\/12\\\/well-fitness-logo.png\",\"width\":512,\"height\":512,\"caption\":\"Well Fitness\"},\"sameAs\":[\"https:\\\/\\\/www.facebook.com\\\/WellFitnessPolska\\\/\",\"https:\\\/\\\/www.instagram.com\\\/wellfitnesspolska\\\/\"],\"contactPoint\":{\"@type\":\"ContactPoint\",\"contactType\":\"customer service\",\"url\":\"https:\\\/\\\/wellfitness.pl\\\/uk\",\"email\":\"\",\"telephone\":\"\"},\"knowsAbout\":[\"fitness\",\"si\u0142ownia\",\"zaj\u0119cia grupowe\",\"wellness\"]}]}<\/script>\n<!-- \/ Yoast SEO plugin. -->","yoast_head_json":{"title":"\u041f\u0440\u043e \u043d\u0430\u0441 | \u041d\u0430\u0448\u0430 \u043c\u0456\u0441\u0456\u044f, \u043a\u043e\u043c\u0430\u043d\u0434\u0430 \u0442\u0430 \u0430\u0442\u043c\u043e\u0441\u0444\u0435\u0440\u0430 | Well Fitness","description":"\u0414\u0456\u0437\u043d\u0430\u0439\u0442\u0435\u0441\u044f, \u0447\u043e\u043c\u0443 Well Fitness - \u0446\u0435 \u0431\u0456\u043b\u044c\u0448\u0435, \u043d\u0456\u0436 \u0442\u0440\u0435\u043d\u0430\u0436\u0435\u0440\u043d\u0438\u0439 \u0437\u0430\u043b. \u0414\u0456\u0437\u043d\u0430\u0439\u0442\u0435\u0441\u044f \u043f\u0440\u043e \u043d\u0430\u0448\u0443 \u0456\u0441\u0442\u043e\u0440\u0456\u044e, \u043d\u0430\u0448\u0443 \u043f\u0440\u0438\u0441\u0442\u0440\u0430\u0441\u0442\u044c \u0434\u043e \u0437\u0434\u043e\u0440\u043e\u0432\u043e\u0433\u043e \u0441\u043f\u043e\u0441\u043e\u0431\u0443 \u0436\u0438\u0442\u0442\u044f \u0442\u0430 \u0434\u0456\u0437\u043d\u0430\u0439\u0442\u0435\u0441\u044f, \u0449\u043e \u0441\u0442\u0432\u043e\u0440\u044e\u0454 \u043d\u0430\u0448\u0443 \u0441\u0456\u043c\u0435\u0439\u043d\u0443 \u0430\u0442\u043c\u043e\u0441\u0444\u0435\u0440\u0443.","robots":{"index":"index","follow":"follow","max-snippet":"max-snippet:-1","max-image-preview":"max-image-preview:large","max-video-preview":"max-video-preview:-1"},"canonical":"https:\/\/wellfitness.pl\/uk\/\u043f\u0440\u043e-\u043d\u0430\u0441","og_locale":"uk_UA","og_type":"article","og_title":"O nas | Nasza Misja, Zesp\u00f3\u0142 i Atmosfera | Well Fitness","og_description":"Dowiedz si\u0119, dlaczego Well Fitness to wi\u0119cej ni\u017c si\u0142ownia. Poznaj nasz\u0105 histori\u0119, pasj\u0119 do zdrowego stylu \u017cycia i dowiedz si\u0119, co tworzy nasz\u0105 rodzinn\u0105 atmosfer\u0119.","og_url":"https:\/\/wellfitness.pl\/uk\/\u043f\u0440\u043e-\u043d\u0430\u0441","og_site_name":"Well Fitness","article_publisher":"https:\/\/www.facebook.com\/WellFitnessPolska\/","article_modified_time":"2026-02-27T11:45:29+00:00","og_image":[{"width":512,"height":512,"url":"https:\/\/wellfitness.pl\/wp-content\/uploads\/2021\/12\/cropped-well-fitness-logo-wf.png","type":"image\/png"}],"twitter_card":"summary_large_image","twitter_misc":{"\u041f\u0440\u0438\u0431\u043b. \u0447\u0430\u0441 \u0447\u0438\u0442\u0430\u043d\u043d\u044f":"1 \u0445\u0432\u0438\u043b\u0438\u043d\u0430"},"schema":{"@context":"https:\/\/schema.org","@graph":[{"@type":"WebPage","@id":"https:\/\/wellfitness.pl\/o-nas","url":"https:\/\/wellfitness.pl\/o-nas","name":"\u041f\u0440\u043e \u043d\u0430\u0441 | \u041d\u0430\u0448\u0430 \u043c\u0456\u0441\u0456\u044f, \u043a\u043e\u043c\u0430\u043d\u0434\u0430 \u0442\u0430 \u0430\u0442\u043c\u043e\u0441\u0444\u0435\u0440\u0430 | Well Fitness","isPartOf":{"@id":"https:\/\/wellfitness.pl\/#website"},"primaryImageOfPage":{"@id":"https:\/\/wellfitness.pl\/o-nas#primaryimage"},"thumbnailUrl":"https:\/\/wellfitness.pl\/wp-content\/uploads\/2021\/12\/cropped-well-fitness-logo-wf.png","datePublished":"2022-04-29T10:43:16+00:00","dateModified":"2026-02-27T11:45:29+00:00","description":"\u0414\u0456\u0437\u043d\u0430\u0439\u0442\u0435\u0441\u044f, \u0447\u043e\u043c\u0443 Well Fitness - \u0446\u0435 \u0431\u0456\u043b\u044c\u0448\u0435, \u043d\u0456\u0436 \u0442\u0440\u0435\u043d\u0430\u0436\u0435\u0440\u043d\u0438\u0439 \u0437\u0430\u043b. \u0414\u0456\u0437\u043d\u0430\u0439\u0442\u0435\u0441\u044f \u043f\u0440\u043e \u043d\u0430\u0448\u0443 \u0456\u0441\u0442\u043e\u0440\u0456\u044e, \u043d\u0430\u0448\u0443 \u043f\u0440\u0438\u0441\u0442\u0440\u0430\u0441\u0442\u044c \u0434\u043e \u0437\u0434\u043e\u0440\u043e\u0432\u043e\u0433\u043e \u0441\u043f\u043e\u0441\u043e\u0431\u0443 \u0436\u0438\u0442\u0442\u044f \u0442\u0430 \u0434\u0456\u0437\u043d\u0430\u0439\u0442\u0435\u0441\u044f, \u0449\u043e \u0441\u0442\u0432\u043e\u0440\u044e\u0454 \u043d\u0430\u0448\u0443 \u0441\u0456\u043c\u0435\u0439\u043d\u0443 \u0430\u0442\u043c\u043e\u0441\u0444\u0435\u0440\u0443.","breadcrumb":{"@id":"https:\/\/wellfitness.pl\/o-nas#breadcrumb"},"inLanguage":"uk","potentialAction":[{"@type":"ReadAction","target":["https:\/\/wellfitness.pl\/o-nas"]}]},{"@type":"ImageObject","inLanguage":"uk","@id":"https:\/\/wellfitness.pl\/o-nas#primaryimage","url":"https:\/\/wellfitness.pl\/wp-content\/uploads\/2021\/12\/cropped-well-fitness-logo-wf.png","contentUrl":"https:\/\/wellfitness.pl\/wp-content\/uploads\/2021\/12\/cropped-well-fitness-logo-wf.png","width":512,"height":512,"caption":"logo well fitness"},{"@type":"BreadcrumbList","@id":"https:\/\/wellfitness.pl\/o-nas#breadcrumb","itemListElement":[{"@type":"ListItem","position":1,"name":"Strona g\u0142\u00f3wna","item":"https:\/\/wellfitness.pl\/"},{"@type":"ListItem","position":2,"name":"O nas"}]},{"@type":"WebSite","@id":"https:\/\/wellfitness.pl\/#website","url":"https:\/\/wellfitness.pl\/","name":"Well Fitness","description":"\u0411\u0443\u0434\u044c\u0442\u0435 \u0437\u0434\u043e\u0440\u043e\u0432\u0456. \u0411\u0443\u0434\u044c \u0443 \u0444\u043e\u0440\u043c\u0456. \u0411\u0443\u0434\u044c \u0441\u043e\u0431\u043e\u044e.","publisher":{"@id":"https:\/\/wellfitness.pl\/#organization"},"potentialAction":[{"@type":"SearchAction","target":{"@type":"EntryPoint","urlTemplate":"https:\/\/wellfitness.pl\/?s={search_term_string}"},"query-input":{"@type":"PropertyValueSpecification","valueRequired":true,"valueName":"search_term_string"}}],"inLanguage":"uk"},{"@type":"Organization","@id":"https:\/\/wellfitness.pl\/#organization","name":"Well Fitness","url":"https:\/\/wellfitness.pl\/","logo":{"@type":"ImageObject","inLanguage":"uk","@id":"https:\/\/wellfitness.pl\/#\/schema\/logo\/image\/","url":"https:\/\/wellfitness.pl\/wp-content\/uploads\/2021\/12\/well-fitness-logo.png","contentUrl":"https:\/\/wellfitness.pl\/wp-content\/uploads\/2021\/12\/well-fitness-logo.png","width":512,"height":512,"caption":"Well Fitness"},"sameAs":["https:\/\/www.facebook.com\/WellFitnessPolska\/","https:\/\/www.instagram.com\/wellfitnesspolska\/"],"contactPoint":{"@type":"ContactPoint","contactType":"customer service","url":"https:\/\/wellfitness.pl\/uk","email":"","telephone":""},"knowsAbout":["fitness","si\u0142ownia","zaj\u0119cia grupowe","wellness"]}]}},"_links":{"self":[{"href":"https:\/\/wellfitness.pl\/uk\/wp-json\/wp\/v2\/pages\/6517","targetHints":{"allow":["GET"]}}],"collection":[{"href":"https:\/\/wellfitness.pl\/uk\/wp-json\/wp\/v2\/pages"}],"about":[{"href":"https:\/\/wellfitness.pl\/uk\/wp-json\/wp\/v2\/types\/page"}],"author":[{"embeddable":true,"href":"https:\/\/wellfitness.pl\/uk\/wp-json\/wp\/v2\/users\/5"}],"replies":[{"embeddable":true,"href":"https:\/\/wellfitness.pl\/uk\/wp-json\/wp\/v2\/comments?post=6517"}],"version-history":[{"count":16,"href":"https:\/\/wellfitness.pl\/uk\/wp-json\/wp\/v2\/pages\/6517\/revisions"}],"predecessor-version":[{"id":14148,"href":"https:\/\/wellfitness.pl\/uk\/wp-json\/wp\/v2\/pages\/6517\/revisions\/14148"}],"wp:featuredmedia":[{"embeddable":true,"href":"https:\/\/wellfitness.pl\/uk\/wp-json\/wp\/v2\/media\/1379"}],"wp:attachment":[{"href":"https:\/\/wellfitness.pl\/uk\/wp-json\/wp\/v2\/media?parent=6517"}],"curies":[{"name":"wp","href":"https:\/\/api.w.org\/{rel}","templated":true}]}}