{"id":14898,"date":"2026-03-06T16:20:57","date_gmt":"2026-03-06T15:20:57","guid":{"rendered":"https:\/\/wellfitness.pl\/?page_id=14898"},"modified":"2026-05-12T07:59:44","modified_gmt":"2026-05-12T05:59:44","slug":"rebranding-smartgym","status":"publish","type":"page","link":"https:\/\/wellfitness.pl\/uk\/rebranding-smartgym","title":{"rendered":"Rebranding Smart Gym"},"content":{"rendered":"","protected":false},"excerpt":{"rendered":"","protected":false},"author":32,"featured_media":14900,"parent":0,"menu_order":0,"comment_status":"closed","ping_status":"closed","template":"","meta":{"_acf_changed":false,"inline_featured_image":false,"footnotes":""},"class_list":["post-14898","page","type-page","status-publish","has-post-thumbnail","hentry"],"acf":[],"yoast_head":"<!-- This site is optimized with the Yoast SEO plugin v27.5 - https:\/\/yoast.com\/product\/yoast-seo-wordpress\/ -->\n<title>Well Fitness \u2013 do\u0142\u0105czaj\u0105 nowe kluby | Zmiany od 1 czerwca<\/title>\n<meta name=\"description\" content=\"Smart Gym zmienia si\u0119 w Well Fitness. Od 1 czerwca do naszej sieci do\u0142\u0105czaj\u0105 nowe kluby i nadchodz\u0105 wa\u017cne zmiany. Sprawd\u017a szczeg\u00f3\u0142y.\" \/>\n<meta name=\"robots\" content=\"index, follow, max-snippet:-1, max-image-preview:large, max-video-preview:-1\" \/>\n<link rel=\"canonical\" href=\"https:\/\/wellfitness.pl\/uk\/rebranding-smartgym\" \/>\n<meta property=\"og:locale\" content=\"uk_UA\" \/>\n<meta property=\"og:type\" content=\"article\" \/>\n<meta property=\"og:title\" content=\"Well Fitness \u2013 do\u0142\u0105czaj\u0105 nowe kluby | Zmiany od 1 czerwca\" \/>\n<meta property=\"og:description\" content=\"Smart Gym zmienia si\u0119 w Well Fitness. Od 1 czerwca do naszej sieci do\u0142\u0105czaj\u0105 nowe kluby i nadchodz\u0105 wa\u017cne zmiany. Sprawd\u017a szczeg\u00f3\u0142y.\" \/>\n<meta property=\"og:url\" content=\"https:\/\/wellfitness.pl\/uk\/rebranding-smartgym\" \/>\n<meta property=\"og:site_name\" content=\"Well Fitness\" \/>\n<meta property=\"article:publisher\" content=\"https:\/\/www.facebook.com\/WellFitnessPolska\/\" \/>\n<meta property=\"article:modified_time\" content=\"2026-05-12T05:59:44+00:00\" \/>\n<meta property=\"og:image\" content=\"https:\/\/wellfitness.pl\/wp-content\/uploads\/2026\/05\/rebranding-smartgym-mobile.jpg\" \/>\n\t<meta property=\"og:image:width\" content=\"1080\" \/>\n\t<meta property=\"og:image:height\" content=\"1080\" \/>\n\t<meta property=\"og:image:type\" content=\"image\/jpeg\" \/>\n<meta name=\"twitter:card\" content=\"summary_large_image\" \/>\n<meta name=\"twitter:label1\" content=\"\u041f\u0440\u0438\u0431\u043b. \u0447\u0430\u0441 \u0447\u0438\u0442\u0430\u043d\u043d\u044f\" \/>\n\t<meta name=\"twitter:data1\" content=\"1 \u0445\u0432\u0438\u043b\u0438\u043d\u0430\" \/>\n<script type=\"application\/ld+json\" class=\"yoast-schema-graph\">{\"@context\":\"https:\\\/\\\/schema.org\",\"@graph\":[{\"@type\":\"WebPage\",\"@id\":\"https:\\\/\\\/wellfitness.pl\\\/rebranding-smartgym\",\"url\":\"https:\\\/\\\/wellfitness.pl\\\/rebranding-smartgym\",\"name\":\"Well Fitness \u2013 do\u0142\u0105czaj\u0105 nowe kluby | Zmiany od 1 czerwca\",\"isPartOf\":{\"@id\":\"https:\\\/\\\/wellfitness.pl\\\/#website\"},\"primaryImageOfPage\":{\"@id\":\"https:\\\/\\\/wellfitness.pl\\\/rebranding-smartgym#primaryimage\"},\"thumbnailUrl\":\"https:\\\/\\\/wellfitness.pl\\\/wp-content\\\/uploads\\\/2026\\\/05\\\/rebranding-smartgym-mobile.jpg\",\"datePublished\":\"2026-03-06T15:20:57+00:00\",\"dateModified\":\"2026-05-12T05:59:44+00:00\",\"description\":\"Smart Gym zmienia si\u0119 w Well Fitness. Od 1 czerwca do naszej sieci do\u0142\u0105czaj\u0105 nowe kluby i nadchodz\u0105 wa\u017cne zmiany. Sprawd\u017a szczeg\u00f3\u0142y.\",\"breadcrumb\":{\"@id\":\"https:\\\/\\\/wellfitness.pl\\\/rebranding-smartgym#breadcrumb\"},\"inLanguage\":\"uk\",\"potentialAction\":[{\"@type\":\"ReadAction\",\"target\":[\"https:\\\/\\\/wellfitness.pl\\\/rebranding-smartgym\"]}]},{\"@type\":\"ImageObject\",\"inLanguage\":\"uk\",\"@id\":\"https:\\\/\\\/wellfitness.pl\\\/rebranding-smartgym#primaryimage\",\"url\":\"https:\\\/\\\/wellfitness.pl\\\/wp-content\\\/uploads\\\/2026\\\/05\\\/rebranding-smartgym-mobile.jpg\",\"contentUrl\":\"https:\\\/\\\/wellfitness.pl\\\/wp-content\\\/uploads\\\/2026\\\/05\\\/rebranding-smartgym-mobile.jpg\",\"width\":1080,\"height\":1080},{\"@type\":\"BreadcrumbList\",\"@id\":\"https:\\\/\\\/wellfitness.pl\\\/rebranding-smartgym#breadcrumb\",\"itemListElement\":[{\"@type\":\"ListItem\",\"position\":1,\"name\":\"Strona g\u0142\u00f3wna\",\"item\":\"https:\\\/\\\/wellfitness.pl\\\/\"},{\"@type\":\"ListItem\",\"position\":2,\"name\":\"Rebranding Smart Gym\"}]},{\"@type\":\"WebSite\",\"@id\":\"https:\\\/\\\/wellfitness.pl\\\/#website\",\"url\":\"https:\\\/\\\/wellfitness.pl\\\/\",\"name\":\"Well Fitness\",\"description\":\"Be well. Be fit. Be yourself.\",\"publisher\":{\"@id\":\"https:\\\/\\\/wellfitness.pl\\\/#organization\"},\"potentialAction\":[{\"@type\":\"SearchAction\",\"target\":{\"@type\":\"EntryPoint\",\"urlTemplate\":\"https:\\\/\\\/wellfitness.pl\\\/?s={search_term_string}\"},\"query-input\":{\"@type\":\"PropertyValueSpecification\",\"valueRequired\":true,\"valueName\":\"search_term_string\"}}],\"inLanguage\":\"uk\"},{\"@type\":\"Organization\",\"@id\":\"https:\\\/\\\/wellfitness.pl\\\/#organization\",\"name\":\"Well Fitness\",\"url\":\"https:\\\/\\\/wellfitness.pl\\\/\",\"logo\":{\"@type\":\"ImageObject\",\"inLanguage\":\"uk\",\"@id\":\"https:\\\/\\\/wellfitness.pl\\\/#\\\/schema\\\/logo\\\/image\\\/\",\"url\":\"https:\\\/\\\/wellfitness.pl\\\/wp-content\\\/uploads\\\/2021\\\/12\\\/well-fitness-logo.png\",\"contentUrl\":\"https:\\\/\\\/wellfitness.pl\\\/wp-content\\\/uploads\\\/2021\\\/12\\\/well-fitness-logo.png\",\"width\":512,\"height\":512,\"caption\":\"Well Fitness\"},\"sameAs\":[\"https:\\\/\\\/www.facebook.com\\\/WellFitnessPolska\\\/\",\"https:\\\/\\\/www.instagram.com\\\/wellfitnesspolska\\\/\"],\"contactPoint\":{\"@type\":\"ContactPoint\",\"contactType\":\"customer service\",\"url\":\"https:\\\/\\\/wellfitness.pl\\\/uk\",\"email\":\"\",\"telephone\":\"\"},\"knowsAbout\":[\"fitness\",\"si\u0142ownia\",\"zaj\u0119cia grupowe\",\"wellness\"]}]}<\/script>\n<!-- \/ Yoast SEO plugin. -->","yoast_head_json":{"title":"Well Fitness \u2013 do\u0142\u0105czaj\u0105 nowe kluby | Zmiany od 1 czerwca","description":"Smart Gym zmienia si\u0119 w Well Fitness. Od 1 czerwca do naszej sieci do\u0142\u0105czaj\u0105 nowe kluby i nadchodz\u0105 wa\u017cne zmiany. Sprawd\u017a szczeg\u00f3\u0142y.","robots":{"index":"index","follow":"follow","max-snippet":"max-snippet:-1","max-image-preview":"max-image-preview:large","max-video-preview":"max-video-preview:-1"},"canonical":"https:\/\/wellfitness.pl\/uk\/rebranding-smartgym","og_locale":"uk_UA","og_type":"article","og_title":"Well Fitness \u2013 do\u0142\u0105czaj\u0105 nowe kluby | Zmiany od 1 czerwca","og_description":"Smart Gym zmienia si\u0119 w Well Fitness. Od 1 czerwca do naszej sieci do\u0142\u0105czaj\u0105 nowe kluby i nadchodz\u0105 wa\u017cne zmiany. Sprawd\u017a szczeg\u00f3\u0142y.","og_url":"https:\/\/wellfitness.pl\/uk\/rebranding-smartgym","og_site_name":"Well Fitness","article_publisher":"https:\/\/www.facebook.com\/WellFitnessPolska\/","article_modified_time":"2026-05-12T05:59:44+00:00","og_image":[{"width":1080,"height":1080,"url":"https:\/\/wellfitness.pl\/wp-content\/uploads\/2026\/05\/rebranding-smartgym-mobile.jpg","type":"image\/jpeg"}],"twitter_card":"summary_large_image","twitter_misc":{"\u041f\u0440\u0438\u0431\u043b. \u0447\u0430\u0441 \u0447\u0438\u0442\u0430\u043d\u043d\u044f":"1 \u0445\u0432\u0438\u043b\u0438\u043d\u0430"},"schema":{"@context":"https:\/\/schema.org","@graph":[{"@type":"WebPage","@id":"https:\/\/wellfitness.pl\/rebranding-smartgym","url":"https:\/\/wellfitness.pl\/rebranding-smartgym","name":"Well Fitness \u2013 do\u0142\u0105czaj\u0105 nowe kluby | Zmiany od 1 czerwca","isPartOf":{"@id":"https:\/\/wellfitness.pl\/#website"},"primaryImageOfPage":{"@id":"https:\/\/wellfitness.pl\/rebranding-smartgym#primaryimage"},"thumbnailUrl":"https:\/\/wellfitness.pl\/wp-content\/uploads\/2026\/05\/rebranding-smartgym-mobile.jpg","datePublished":"2026-03-06T15:20:57+00:00","dateModified":"2026-05-12T05:59:44+00:00","description":"Smart Gym zmienia si\u0119 w Well Fitness. Od 1 czerwca do naszej sieci do\u0142\u0105czaj\u0105 nowe kluby i nadchodz\u0105 wa\u017cne zmiany. Sprawd\u017a szczeg\u00f3\u0142y.","breadcrumb":{"@id":"https:\/\/wellfitness.pl\/rebranding-smartgym#breadcrumb"},"inLanguage":"uk","potentialAction":[{"@type":"ReadAction","target":["https:\/\/wellfitness.pl\/rebranding-smartgym"]}]},{"@type":"ImageObject","inLanguage":"uk","@id":"https:\/\/wellfitness.pl\/rebranding-smartgym#primaryimage","url":"https:\/\/wellfitness.pl\/wp-content\/uploads\/2026\/05\/rebranding-smartgym-mobile.jpg","contentUrl":"https:\/\/wellfitness.pl\/wp-content\/uploads\/2026\/05\/rebranding-smartgym-mobile.jpg","width":1080,"height":1080},{"@type":"BreadcrumbList","@id":"https:\/\/wellfitness.pl\/rebranding-smartgym#breadcrumb","itemListElement":[{"@type":"ListItem","position":1,"name":"Strona g\u0142\u00f3wna","item":"https:\/\/wellfitness.pl\/"},{"@type":"ListItem","position":2,"name":"Rebranding Smart Gym"}]},{"@type":"WebSite","@id":"https:\/\/wellfitness.pl\/#website","url":"https:\/\/wellfitness.pl\/","name":"Well Fitness","description":"\u0411\u0443\u0434\u044c\u0442\u0435 \u0437\u0434\u043e\u0440\u043e\u0432\u0456. \u0411\u0443\u0434\u044c \u0443 \u0444\u043e\u0440\u043c\u0456. \u0411\u0443\u0434\u044c \u0441\u043e\u0431\u043e\u044e.","publisher":{"@id":"https:\/\/wellfitness.pl\/#organization"},"potentialAction":[{"@type":"SearchAction","target":{"@type":"EntryPoint","urlTemplate":"https:\/\/wellfitness.pl\/?s={search_term_string}"},"query-input":{"@type":"PropertyValueSpecification","valueRequired":true,"valueName":"search_term_string"}}],"inLanguage":"uk"},{"@type":"Organization","@id":"https:\/\/wellfitness.pl\/#organization","name":"Well Fitness","url":"https:\/\/wellfitness.pl\/","logo":{"@type":"ImageObject","inLanguage":"uk","@id":"https:\/\/wellfitness.pl\/#\/schema\/logo\/image\/","url":"https:\/\/wellfitness.pl\/wp-content\/uploads\/2021\/12\/well-fitness-logo.png","contentUrl":"https:\/\/wellfitness.pl\/wp-content\/uploads\/2021\/12\/well-fitness-logo.png","width":512,"height":512,"caption":"Well Fitness"},"sameAs":["https:\/\/www.facebook.com\/WellFitnessPolska\/","https:\/\/www.instagram.com\/wellfitnesspolska\/"],"contactPoint":{"@type":"ContactPoint","contactType":"customer service","url":"https:\/\/wellfitness.pl\/uk","email":"","telephone":""},"knowsAbout":["fitness","si\u0142ownia","zaj\u0119cia grupowe","wellness"]}]}},"_links":{"self":[{"href":"https:\/\/wellfitness.pl\/uk\/wp-json\/wp\/v2\/pages\/14898","targetHints":{"allow":["GET"]}}],"collection":[{"href":"https:\/\/wellfitness.pl\/uk\/wp-json\/wp\/v2\/pages"}],"about":[{"href":"https:\/\/wellfitness.pl\/uk\/wp-json\/wp\/v2\/types\/page"}],"author":[{"embeddable":true,"href":"https:\/\/wellfitness.pl\/uk\/wp-json\/wp\/v2\/users\/32"}],"replies":[{"embeddable":true,"href":"https:\/\/wellfitness.pl\/uk\/wp-json\/wp\/v2\/comments?post=14898"}],"version-history":[{"count":4,"href":"https:\/\/wellfitness.pl\/uk\/wp-json\/wp\/v2\/pages\/14898\/revisions"}],"predecessor-version":[{"id":14965,"href":"https:\/\/wellfitness.pl\/uk\/wp-json\/wp\/v2\/pages\/14898\/revisions\/14965"}],"wp:featuredmedia":[{"embeddable":true,"href":"https:\/\/wellfitness.pl\/uk\/wp-json\/wp\/v2\/media\/14900"}],"wp:attachment":[{"href":"https:\/\/wellfitness.pl\/uk\/wp-json\/wp\/v2\/media?parent=14898"}],"curies":[{"name":"wp","href":"https:\/\/api.w.org\/{rel}","templated":true}]}}