{"id":14301,"date":"2026-03-09T14:30:39","date_gmt":"2026-03-09T13:30:39","guid":{"rendered":"https:\/\/wellfitness.pl\/?page_id=14301"},"modified":"2026-03-09T14:30:39","modified_gmt":"2026-03-09T13:30:39","slug":"%d0%bf%d0%b8%d1%82%d0%b0%d0%bd%d0%bd%d1%8f","status":"publish","type":"page","link":"https:\/\/wellfitness.pl\/uk\/faq","title":{"rendered":"\u041f\u041e\u0428\u0418\u0420\u0415\u041d\u0406 \u0417\u0410\u041f\u0418\u0422\u0410\u041d\u041d\u042f"},"content":{"rendered":"","protected":false},"excerpt":{"rendered":"","protected":false},"author":32,"featured_media":14311,"parent":0,"menu_order":0,"comment_status":"closed","ping_status":"closed","template":"","meta":{"_acf_changed":false,"inline_featured_image":false,"footnotes":""},"class_list":["post-14301","page","type-page","status-publish","has-post-thumbnail","hentry"],"acf":[],"yoast_head":"<!-- This site is optimized with the Yoast SEO plugin v27.4 - https:\/\/yoast.com\/product\/yoast-seo-wordpress\/ -->\n<title>FAQ \u2013 Najcz\u0119\u015bciej zadawane pytania | Well Fitness<\/title>\n<meta name=\"description\" content=\"Masz pytania dotycz\u0105ce karnet\u00f3w, aplikacji lub zaj\u0119\u0107 fitness? Sprawd\u017a odpowiedzi na najcz\u0119\u015bciej zadawane pytania w Well Fitness.\" \/>\n<meta name=\"robots\" content=\"index, follow, max-snippet:-1, max-image-preview:large, max-video-preview:-1\" \/>\n<link rel=\"canonical\" href=\"https:\/\/wellfitness.pl\/uk\/\u043f\u0438\u0442\u0430\u043d\u043d\u044f\" \/>\n<meta property=\"og:locale\" content=\"uk_UA\" \/>\n<meta property=\"og:type\" content=\"article\" \/>\n<meta property=\"og:title\" content=\"FAQ \u2013 Najcz\u0119\u015bciej zadawane pytania | Well Fitness\" \/>\n<meta property=\"og:description\" content=\"Masz pytania dotycz\u0105ce karnet\u00f3w, aplikacji lub zaj\u0119\u0107 fitness? Sprawd\u017a odpowiedzi na najcz\u0119\u015bciej zadawane pytania w Well Fitness.\" \/>\n<meta property=\"og:url\" content=\"https:\/\/wellfitness.pl\/uk\/\u043f\u0438\u0442\u0430\u043d\u043d\u044f\" \/>\n<meta property=\"og:site_name\" content=\"Well Fitness\" \/>\n<meta property=\"article:publisher\" content=\"https:\/\/www.facebook.com\/WellFitnessPolska\/\" \/>\n<meta property=\"og:image\" content=\"https:\/\/wellfitness.pl\/wp-content\/uploads\/2026\/03\/faq-well-fitness-scaled.jpg\" \/>\n\t<meta property=\"og:image:width\" content=\"2560\" \/>\n\t<meta property=\"og:image:height\" content=\"1707\" \/>\n\t<meta property=\"og:image:type\" content=\"image\/jpeg\" \/>\n<meta name=\"twitter:card\" content=\"summary_large_image\" \/>\n<meta name=\"twitter:label1\" content=\"\u041f\u0440\u0438\u0431\u043b. \u0447\u0430\u0441 \u0447\u0438\u0442\u0430\u043d\u043d\u044f\" \/>\n\t<meta name=\"twitter:data1\" content=\"1 \u0445\u0432\u0438\u043b\u0438\u043d\u0430\" \/>\n<script type=\"application\/ld+json\" class=\"yoast-schema-graph\">{\"@context\":\"https:\\\/\\\/schema.org\",\"@graph\":[{\"@type\":\"WebPage\",\"@id\":\"https:\\\/\\\/wellfitness.pl\\\/faq\",\"url\":\"https:\\\/\\\/wellfitness.pl\\\/faq\",\"name\":\"FAQ \u2013 Najcz\u0119\u015bciej zadawane pytania | Well Fitness\",\"isPartOf\":{\"@id\":\"https:\\\/\\\/wellfitness.pl\\\/#website\"},\"primaryImageOfPage\":{\"@id\":\"https:\\\/\\\/wellfitness.pl\\\/faq#primaryimage\"},\"thumbnailUrl\":\"https:\\\/\\\/wellfitness.pl\\\/wp-content\\\/uploads\\\/2026\\\/03\\\/faq-well-fitness-scaled.jpg\",\"datePublished\":\"2026-03-09T13:30:39+00:00\",\"description\":\"Masz pytania dotycz\u0105ce karnet\u00f3w, aplikacji lub zaj\u0119\u0107 fitness? Sprawd\u017a odpowiedzi na najcz\u0119\u015bciej zadawane pytania w Well Fitness.\",\"breadcrumb\":{\"@id\":\"https:\\\/\\\/wellfitness.pl\\\/faq#breadcrumb\"},\"inLanguage\":\"uk\",\"potentialAction\":[{\"@type\":\"ReadAction\",\"target\":[\"https:\\\/\\\/wellfitness.pl\\\/faq\"]}]},{\"@type\":\"ImageObject\",\"inLanguage\":\"uk\",\"@id\":\"https:\\\/\\\/wellfitness.pl\\\/faq#primaryimage\",\"url\":\"https:\\\/\\\/wellfitness.pl\\\/wp-content\\\/uploads\\\/2026\\\/03\\\/faq-well-fitness-scaled.jpg\",\"contentUrl\":\"https:\\\/\\\/wellfitness.pl\\\/wp-content\\\/uploads\\\/2026\\\/03\\\/faq-well-fitness-scaled.jpg\",\"width\":2560,\"height\":1707,\"caption\":\"Wn\u0119trze si\u0142owni Well Fitness\"},{\"@type\":\"BreadcrumbList\",\"@id\":\"https:\\\/\\\/wellfitness.pl\\\/faq#breadcrumb\",\"itemListElement\":[{\"@type\":\"ListItem\",\"position\":1,\"name\":\"Strona g\u0142\u00f3wna\",\"item\":\"https:\\\/\\\/wellfitness.pl\\\/\"},{\"@type\":\"ListItem\",\"position\":2,\"name\":\"FAQ\"}]},{\"@type\":\"WebSite\",\"@id\":\"https:\\\/\\\/wellfitness.pl\\\/#website\",\"url\":\"https:\\\/\\\/wellfitness.pl\\\/\",\"name\":\"Well Fitness\",\"description\":\"Be well. Be fit. Be yourself.\",\"publisher\":{\"@id\":\"https:\\\/\\\/wellfitness.pl\\\/#organization\"},\"potentialAction\":[{\"@type\":\"SearchAction\",\"target\":{\"@type\":\"EntryPoint\",\"urlTemplate\":\"https:\\\/\\\/wellfitness.pl\\\/?s={search_term_string}\"},\"query-input\":{\"@type\":\"PropertyValueSpecification\",\"valueRequired\":true,\"valueName\":\"search_term_string\"}}],\"inLanguage\":\"uk\"},{\"@type\":\"Organization\",\"@id\":\"https:\\\/\\\/wellfitness.pl\\\/#organization\",\"name\":\"Well Fitness\",\"url\":\"https:\\\/\\\/wellfitness.pl\\\/\",\"logo\":{\"@type\":\"ImageObject\",\"inLanguage\":\"uk\",\"@id\":\"https:\\\/\\\/wellfitness.pl\\\/#\\\/schema\\\/logo\\\/image\\\/\",\"url\":\"https:\\\/\\\/wellfitness.pl\\\/wp-content\\\/uploads\\\/2021\\\/12\\\/well-fitness-logo.png\",\"contentUrl\":\"https:\\\/\\\/wellfitness.pl\\\/wp-content\\\/uploads\\\/2021\\\/12\\\/well-fitness-logo.png\",\"width\":512,\"height\":512,\"caption\":\"Well Fitness\"},\"sameAs\":[\"https:\\\/\\\/www.facebook.com\\\/WellFitnessPolska\\\/\",\"https:\\\/\\\/www.instagram.com\\\/wellfitnesspolska\\\/\"],\"contactPoint\":{\"@type\":\"ContactPoint\",\"contactType\":\"customer service\",\"url\":\"https:\\\/\\\/wellfitness.pl\\\/uk\",\"email\":\"\",\"telephone\":\"\"},\"knowsAbout\":[\"fitness\",\"si\u0142ownia\",\"zaj\u0119cia grupowe\",\"wellness\"]}]}<\/script>\n<!-- \/ Yoast SEO plugin. -->","yoast_head_json":{"title":"FAQ - \u043f\u043e\u0448\u0438\u0440\u0435\u043d\u0456 \u0437\u0430\u043f\u0438\u0442\u0430\u043d\u043d\u044f | Well Fitness","description":"\u041c\u0430\u0454\u0442\u0435 \u0437\u0430\u043f\u0438\u0442\u0430\u043d\u043d\u044f \u043f\u0440\u043e \u0430\u0431\u043e\u043d\u0435\u043c\u0435\u043d\u0442\u0438, \u0434\u043e\u0434\u0430\u0442\u043a\u0438 \u0447\u0438 \u0444\u0456\u0442\u043d\u0435\u0441-\u043a\u043b\u0430\u0441\u0438? \u041e\u0437\u043d\u0430\u0439\u043e\u043c\u0442\u0435\u0441\u044f \u0437 \u0432\u0456\u0434\u043f\u043e\u0432\u0456\u0434\u044f\u043c\u0438 \u043d\u0430 \u043d\u0430\u0439\u043f\u043e\u0448\u0438\u0440\u0435\u043d\u0456\u0448\u0456 \u0437\u0430\u043f\u0438\u0442\u0430\u043d\u043d\u044f \u043f\u0440\u043e Well Fitness.","robots":{"index":"index","follow":"follow","max-snippet":"max-snippet:-1","max-image-preview":"max-image-preview:large","max-video-preview":"max-video-preview:-1"},"canonical":"https:\/\/wellfitness.pl\/uk\/\u043f\u0438\u0442\u0430\u043d\u043d\u044f","og_locale":"uk_UA","og_type":"article","og_title":"FAQ \u2013 Najcz\u0119\u015bciej zadawane pytania | Well Fitness","og_description":"Masz pytania dotycz\u0105ce karnet\u00f3w, aplikacji lub zaj\u0119\u0107 fitness? Sprawd\u017a odpowiedzi na najcz\u0119\u015bciej zadawane pytania w Well Fitness.","og_url":"https:\/\/wellfitness.pl\/uk\/\u043f\u0438\u0442\u0430\u043d\u043d\u044f","og_site_name":"Well Fitness","article_publisher":"https:\/\/www.facebook.com\/WellFitnessPolska\/","og_image":[{"width":2560,"height":1707,"url":"https:\/\/wellfitness.pl\/wp-content\/uploads\/2026\/03\/faq-well-fitness-scaled.jpg","type":"image\/jpeg"}],"twitter_card":"summary_large_image","twitter_misc":{"\u041f\u0440\u0438\u0431\u043b. \u0447\u0430\u0441 \u0447\u0438\u0442\u0430\u043d\u043d\u044f":"1 \u0445\u0432\u0438\u043b\u0438\u043d\u0430"},"schema":{"@context":"https:\/\/schema.org","@graph":[{"@type":"WebPage","@id":"https:\/\/wellfitness.pl\/faq","url":"https:\/\/wellfitness.pl\/faq","name":"FAQ - \u043f\u043e\u0448\u0438\u0440\u0435\u043d\u0456 \u0437\u0430\u043f\u0438\u0442\u0430\u043d\u043d\u044f | Well Fitness","isPartOf":{"@id":"https:\/\/wellfitness.pl\/#website"},"primaryImageOfPage":{"@id":"https:\/\/wellfitness.pl\/faq#primaryimage"},"thumbnailUrl":"https:\/\/wellfitness.pl\/wp-content\/uploads\/2026\/03\/faq-well-fitness-scaled.jpg","datePublished":"2026-03-09T13:30:39+00:00","description":"\u041c\u0430\u0454\u0442\u0435 \u0437\u0430\u043f\u0438\u0442\u0430\u043d\u043d\u044f \u043f\u0440\u043e \u0430\u0431\u043e\u043d\u0435\u043c\u0435\u043d\u0442\u0438, \u0434\u043e\u0434\u0430\u0442\u043a\u0438 \u0447\u0438 \u0444\u0456\u0442\u043d\u0435\u0441-\u043a\u043b\u0430\u0441\u0438? \u041e\u0437\u043d\u0430\u0439\u043e\u043c\u0442\u0435\u0441\u044f \u0437 \u0432\u0456\u0434\u043f\u043e\u0432\u0456\u0434\u044f\u043c\u0438 \u043d\u0430 \u043d\u0430\u0439\u043f\u043e\u0448\u0438\u0440\u0435\u043d\u0456\u0448\u0456 \u0437\u0430\u043f\u0438\u0442\u0430\u043d\u043d\u044f \u043f\u0440\u043e Well Fitness.","breadcrumb":{"@id":"https:\/\/wellfitness.pl\/faq#breadcrumb"},"inLanguage":"uk","potentialAction":[{"@type":"ReadAction","target":["https:\/\/wellfitness.pl\/faq"]}]},{"@type":"ImageObject","inLanguage":"uk","@id":"https:\/\/wellfitness.pl\/faq#primaryimage","url":"https:\/\/wellfitness.pl\/wp-content\/uploads\/2026\/03\/faq-well-fitness-scaled.jpg","contentUrl":"https:\/\/wellfitness.pl\/wp-content\/uploads\/2026\/03\/faq-well-fitness-scaled.jpg","width":2560,"height":1707,"caption":"Wn\u0119trze si\u0142owni Well Fitness"},{"@type":"BreadcrumbList","@id":"https:\/\/wellfitness.pl\/faq#breadcrumb","itemListElement":[{"@type":"ListItem","position":1,"name":"Strona g\u0142\u00f3wna","item":"https:\/\/wellfitness.pl\/"},{"@type":"ListItem","position":2,"name":"FAQ"}]},{"@type":"WebSite","@id":"https:\/\/wellfitness.pl\/#website","url":"https:\/\/wellfitness.pl\/","name":"Well Fitness","description":"\u0411\u0443\u0434\u044c\u0442\u0435 \u0437\u0434\u043e\u0440\u043e\u0432\u0456. \u0411\u0443\u0434\u044c \u0443 \u0444\u043e\u0440\u043c\u0456. \u0411\u0443\u0434\u044c \u0441\u043e\u0431\u043e\u044e.","publisher":{"@id":"https:\/\/wellfitness.pl\/#organization"},"potentialAction":[{"@type":"SearchAction","target":{"@type":"EntryPoint","urlTemplate":"https:\/\/wellfitness.pl\/?s={search_term_string}"},"query-input":{"@type":"PropertyValueSpecification","valueRequired":true,"valueName":"search_term_string"}}],"inLanguage":"uk"},{"@type":"Organization","@id":"https:\/\/wellfitness.pl\/#organization","name":"Well Fitness","url":"https:\/\/wellfitness.pl\/","logo":{"@type":"ImageObject","inLanguage":"uk","@id":"https:\/\/wellfitness.pl\/#\/schema\/logo\/image\/","url":"https:\/\/wellfitness.pl\/wp-content\/uploads\/2021\/12\/well-fitness-logo.png","contentUrl":"https:\/\/wellfitness.pl\/wp-content\/uploads\/2021\/12\/well-fitness-logo.png","width":512,"height":512,"caption":"Well Fitness"},"sameAs":["https:\/\/www.facebook.com\/WellFitnessPolska\/","https:\/\/www.instagram.com\/wellfitnesspolska\/"],"contactPoint":{"@type":"ContactPoint","contactType":"customer service","url":"https:\/\/wellfitness.pl\/uk","email":"","telephone":""},"knowsAbout":["fitness","si\u0142ownia","zaj\u0119cia grupowe","wellness"]}]}},"_links":{"self":[{"href":"https:\/\/wellfitness.pl\/uk\/wp-json\/wp\/v2\/pages\/14301","targetHints":{"allow":["GET"]}}],"collection":[{"href":"https:\/\/wellfitness.pl\/uk\/wp-json\/wp\/v2\/pages"}],"about":[{"href":"https:\/\/wellfitness.pl\/uk\/wp-json\/wp\/v2\/types\/page"}],"author":[{"embeddable":true,"href":"https:\/\/wellfitness.pl\/uk\/wp-json\/wp\/v2\/users\/32"}],"replies":[{"embeddable":true,"href":"https:\/\/wellfitness.pl\/uk\/wp-json\/wp\/v2\/comments?post=14301"}],"version-history":[{"count":9,"href":"https:\/\/wellfitness.pl\/uk\/wp-json\/wp\/v2\/pages\/14301\/revisions"}],"predecessor-version":[{"id":14313,"href":"https:\/\/wellfitness.pl\/uk\/wp-json\/wp\/v2\/pages\/14301\/revisions\/14313"}],"wp:featuredmedia":[{"embeddable":true,"href":"https:\/\/wellfitness.pl\/uk\/wp-json\/wp\/v2\/media\/14311"}],"wp:attachment":[{"href":"https:\/\/wellfitness.pl\/uk\/wp-json\/wp\/v2\/media?parent=14301"}],"curies":[{"name":"wp","href":"https:\/\/api.w.org\/{rel}","templated":true}]}}