{"id":14195,"date":"2026-03-06T16:20:57","date_gmt":"2026-03-06T15:20:57","guid":{"rendered":"https:\/\/wellfitness.pl\/?page_id=14195"},"modified":"2026-04-09T13:34:22","modified_gmt":"2026-04-09T11:34:22","slug":"%d1%80%d0%b5%d0%b1%d1%80%d0%b5%d0%bd%d0%b4%d0%b8%d0%bd%d0%b3-%d1%84%d1%96%d1%82%d0%bd%d0%b5%d1%81-%d0%bf%d0%bb%d0%b0%d1%82%d0%b8%d0%bd%d1%83%d0%bc%d1%83","status":"publish","type":"page","link":"https:\/\/wellfitness.pl\/uk\/rebranding-fitness-platinium","title":{"rendered":"\u0420\u0435\u0431\u0440\u0435\u043d\u0434\u0438\u043d\u0433 Fitness Platinum"},"content":{"rendered":"","protected":false},"excerpt":{"rendered":"","protected":false},"author":32,"featured_media":0,"parent":0,"menu_order":0,"comment_status":"closed","ping_status":"closed","template":"","meta":{"_acf_changed":false,"inline_featured_image":false,"footnotes":""},"class_list":["post-14195","page","type-page","status-publish","hentry"],"acf":[],"yoast_head":"<!-- This site is optimized with the Yoast SEO plugin v27.5 - https:\/\/yoast.com\/product\/yoast-seo-wordpress\/ -->\n<title>Well Fitness \u2013 do\u0142\u0105czaj\u0105 nowe kluby | Zmiany od 1 kwietnia<\/title>\n<meta name=\"description\" content=\"Fitness Platinium zmienia si\u0119 w Well Fitness. Od 1 kwietnia do naszej sieci do\u0142\u0105czaj\u0105 nowe kluby i nadchodz\u0105 wa\u017cne zmiany. Sprawd\u017a szczeg\u00f3\u0142y.\" \/>\n<meta name=\"robots\" content=\"index, follow, max-snippet:-1, max-image-preview:large, max-video-preview:-1\" \/>\n<link rel=\"canonical\" href=\"https:\/\/wellfitness.pl\/uk\/\u0440\u0435\u0431\u0440\u0435\u043d\u0434\u0438\u043d\u0433-\u0444\u0456\u0442\u043d\u0435\u0441-\u043f\u043b\u0430\u0442\u0438\u043d\u0443\u043c\u0443\" \/>\n<meta property=\"og:locale\" content=\"uk_UA\" \/>\n<meta property=\"og:type\" content=\"article\" \/>\n<meta property=\"og:title\" content=\"Well Fitness \u2013 do\u0142\u0105czaj\u0105 nowe kluby | Zmiany od 1 kwietnia\" \/>\n<meta property=\"og:description\" content=\"Fitness Platinium zmienia si\u0119 w Well Fitness. Od 1 kwietnia do naszej sieci do\u0142\u0105czaj\u0105 nowe kluby i nadchodz\u0105 wa\u017cne zmiany. Sprawd\u017a szczeg\u00f3\u0142y.\" \/>\n<meta property=\"og:url\" content=\"https:\/\/wellfitness.pl\/uk\/\u0440\u0435\u0431\u0440\u0435\u043d\u0434\u0438\u043d\u0433-\u0444\u0456\u0442\u043d\u0435\u0441-\u043f\u043b\u0430\u0442\u0438\u043d\u0443\u043c\u0443\" \/>\n<meta property=\"og:site_name\" content=\"Well Fitness\" \/>\n<meta property=\"article:publisher\" content=\"https:\/\/www.facebook.com\/WellFitnessPolska\/\" \/>\n<meta property=\"article:modified_time\" content=\"2026-04-09T11:34:22+00:00\" \/>\n<meta property=\"og:image\" content=\"https:\/\/wellfitness.pl\/wp-content\/uploads\/2021\/12\/well-fitness-logo.png\" \/>\n\t<meta property=\"og:image:width\" content=\"512\" \/>\n\t<meta property=\"og:image:height\" content=\"512\" \/>\n\t<meta property=\"og:image:type\" content=\"image\/png\" \/>\n<meta name=\"twitter:card\" content=\"summary_large_image\" \/>\n<script type=\"application\/ld+json\" class=\"yoast-schema-graph\">{\"@context\":\"https:\\\/\\\/schema.org\",\"@graph\":[{\"@type\":\"WebPage\",\"@id\":\"https:\\\/\\\/wellfitness.pl\\\/rebranding-fitness-platinium\",\"url\":\"https:\\\/\\\/wellfitness.pl\\\/rebranding-fitness-platinium\",\"name\":\"Well Fitness \u2013 do\u0142\u0105czaj\u0105 nowe kluby | Zmiany od 1 kwietnia\",\"isPartOf\":{\"@id\":\"https:\\\/\\\/wellfitness.pl\\\/#website\"},\"datePublished\":\"2026-03-06T15:20:57+00:00\",\"dateModified\":\"2026-04-09T11:34:22+00:00\",\"description\":\"Fitness Platinium zmienia si\u0119 w Well Fitness. Od 1 kwietnia do naszej sieci do\u0142\u0105czaj\u0105 nowe kluby i nadchodz\u0105 wa\u017cne zmiany. Sprawd\u017a szczeg\u00f3\u0142y.\",\"breadcrumb\":{\"@id\":\"https:\\\/\\\/wellfitness.pl\\\/rebranding-fitness-platinium#breadcrumb\"},\"inLanguage\":\"uk\",\"potentialAction\":[{\"@type\":\"ReadAction\",\"target\":[\"https:\\\/\\\/wellfitness.pl\\\/rebranding-fitness-platinium\"]}]},{\"@type\":\"BreadcrumbList\",\"@id\":\"https:\\\/\\\/wellfitness.pl\\\/rebranding-fitness-platinium#breadcrumb\",\"itemListElement\":[{\"@type\":\"ListItem\",\"position\":1,\"name\":\"Strona g\u0142\u00f3wna\",\"item\":\"https:\\\/\\\/wellfitness.pl\\\/\"},{\"@type\":\"ListItem\",\"position\":2,\"name\":\"Rebranding Fitness Platinium\"}]},{\"@type\":\"WebSite\",\"@id\":\"https:\\\/\\\/wellfitness.pl\\\/#website\",\"url\":\"https:\\\/\\\/wellfitness.pl\\\/\",\"name\":\"Well Fitness\",\"description\":\"Be well. Be fit. Be yourself.\",\"publisher\":{\"@id\":\"https:\\\/\\\/wellfitness.pl\\\/#organization\"},\"potentialAction\":[{\"@type\":\"SearchAction\",\"target\":{\"@type\":\"EntryPoint\",\"urlTemplate\":\"https:\\\/\\\/wellfitness.pl\\\/?s={search_term_string}\"},\"query-input\":{\"@type\":\"PropertyValueSpecification\",\"valueRequired\":true,\"valueName\":\"search_term_string\"}}],\"inLanguage\":\"uk\"},{\"@type\":\"Organization\",\"@id\":\"https:\\\/\\\/wellfitness.pl\\\/#organization\",\"name\":\"Well Fitness\",\"url\":\"https:\\\/\\\/wellfitness.pl\\\/\",\"logo\":{\"@type\":\"ImageObject\",\"inLanguage\":\"uk\",\"@id\":\"https:\\\/\\\/wellfitness.pl\\\/#\\\/schema\\\/logo\\\/image\\\/\",\"url\":\"https:\\\/\\\/wellfitness.pl\\\/wp-content\\\/uploads\\\/2021\\\/12\\\/well-fitness-logo.png\",\"contentUrl\":\"https:\\\/\\\/wellfitness.pl\\\/wp-content\\\/uploads\\\/2021\\\/12\\\/well-fitness-logo.png\",\"width\":512,\"height\":512,\"caption\":\"Well Fitness\"},\"sameAs\":[\"https:\\\/\\\/www.facebook.com\\\/WellFitnessPolska\\\/\",\"https:\\\/\\\/www.instagram.com\\\/wellfitnesspolska\\\/\"],\"contactPoint\":{\"@type\":\"ContactPoint\",\"contactType\":\"customer service\",\"url\":\"https:\\\/\\\/wellfitness.pl\\\/uk\",\"email\":\"\",\"telephone\":\"\"},\"knowsAbout\":[\"fitness\",\"si\u0142ownia\",\"zaj\u0119cia grupowe\",\"wellness\"]}]}<\/script>\n<!-- \/ Yoast SEO plugin. -->","yoast_head_json":{"title":"Well Fitness - \u043f\u0440\u0438\u0454\u0434\u043d\u0443\u044e\u0442\u044c\u0441\u044f \u043d\u043e\u0432\u0456 \u043a\u043b\u0443\u0431\u0438 | \u0417\u043c\u0456\u043d\u0438 \u0437 1 \u043a\u0432\u0456\u0442\u043d\u044f","description":"Fitness Platinum \u043f\u0435\u0440\u0435\u0442\u0432\u043e\u0440\u044e\u0454\u0442\u044c\u0441\u044f \u043d\u0430 Well Fitness. \u0417 1 \u043a\u0432\u0456\u0442\u043d\u044f \u0434\u043e \u043d\u0430\u0448\u043e\u0457 \u043c\u0435\u0440\u0435\u0436\u0456 \u043f\u0440\u0438\u0454\u0434\u043d\u0443\u044e\u0442\u044c\u0441\u044f \u043d\u043e\u0432\u0456 \u043a\u043b\u0443\u0431\u0438 \u0442\u0430 \u0432\u0456\u0434\u0431\u0443\u0432\u0430\u044e\u0442\u044c\u0441\u044f \u0432\u0430\u0436\u043b\u0438\u0432\u0456 \u0437\u043c\u0456\u043d\u0438. \u0414\u0456\u0437\u043d\u0430\u0432\u0430\u0439\u0442\u0435\u0441\u044c \u0434\u0435\u0442\u0430\u043b\u0456.","robots":{"index":"index","follow":"follow","max-snippet":"max-snippet:-1","max-image-preview":"max-image-preview:large","max-video-preview":"max-video-preview:-1"},"canonical":"https:\/\/wellfitness.pl\/uk\/\u0440\u0435\u0431\u0440\u0435\u043d\u0434\u0438\u043d\u0433-\u0444\u0456\u0442\u043d\u0435\u0441-\u043f\u043b\u0430\u0442\u0438\u043d\u0443\u043c\u0443","og_locale":"uk_UA","og_type":"article","og_title":"Well Fitness \u2013 do\u0142\u0105czaj\u0105 nowe kluby | Zmiany od 1 kwietnia","og_description":"Fitness Platinium zmienia si\u0119 w Well Fitness. Od 1 kwietnia do naszej sieci do\u0142\u0105czaj\u0105 nowe kluby i nadchodz\u0105 wa\u017cne zmiany. Sprawd\u017a szczeg\u00f3\u0142y.","og_url":"https:\/\/wellfitness.pl\/uk\/\u0440\u0435\u0431\u0440\u0435\u043d\u0434\u0438\u043d\u0433-\u0444\u0456\u0442\u043d\u0435\u0441-\u043f\u043b\u0430\u0442\u0438\u043d\u0443\u043c\u0443","og_site_name":"Well Fitness","article_publisher":"https:\/\/www.facebook.com\/WellFitnessPolska\/","article_modified_time":"2026-04-09T11:34:22+00:00","og_image":[{"width":512,"height":512,"url":"https:\/\/wellfitness.pl\/wp-content\/uploads\/2021\/12\/well-fitness-logo.png","type":"image\/png"}],"twitter_card":"summary_large_image","schema":{"@context":"https:\/\/schema.org","@graph":[{"@type":"WebPage","@id":"https:\/\/wellfitness.pl\/rebranding-fitness-platinium","url":"https:\/\/wellfitness.pl\/rebranding-fitness-platinium","name":"Well Fitness - \u043f\u0440\u0438\u0454\u0434\u043d\u0443\u044e\u0442\u044c\u0441\u044f \u043d\u043e\u0432\u0456 \u043a\u043b\u0443\u0431\u0438 | \u0417\u043c\u0456\u043d\u0438 \u0437 1 \u043a\u0432\u0456\u0442\u043d\u044f","isPartOf":{"@id":"https:\/\/wellfitness.pl\/#website"},"datePublished":"2026-03-06T15:20:57+00:00","dateModified":"2026-04-09T11:34:22+00:00","description":"Fitness Platinum \u043f\u0435\u0440\u0435\u0442\u0432\u043e\u0440\u044e\u0454\u0442\u044c\u0441\u044f \u043d\u0430 Well Fitness. \u0417 1 \u043a\u0432\u0456\u0442\u043d\u044f \u0434\u043e \u043d\u0430\u0448\u043e\u0457 \u043c\u0435\u0440\u0435\u0436\u0456 \u043f\u0440\u0438\u0454\u0434\u043d\u0443\u044e\u0442\u044c\u0441\u044f \u043d\u043e\u0432\u0456 \u043a\u043b\u0443\u0431\u0438 \u0442\u0430 \u0432\u0456\u0434\u0431\u0443\u0432\u0430\u044e\u0442\u044c\u0441\u044f \u0432\u0430\u0436\u043b\u0438\u0432\u0456 \u0437\u043c\u0456\u043d\u0438. \u0414\u0456\u0437\u043d\u0430\u0432\u0430\u0439\u0442\u0435\u0441\u044c \u0434\u0435\u0442\u0430\u043b\u0456.","breadcrumb":{"@id":"https:\/\/wellfitness.pl\/rebranding-fitness-platinium#breadcrumb"},"inLanguage":"uk","potentialAction":[{"@type":"ReadAction","target":["https:\/\/wellfitness.pl\/rebranding-fitness-platinium"]}]},{"@type":"BreadcrumbList","@id":"https:\/\/wellfitness.pl\/rebranding-fitness-platinium#breadcrumb","itemListElement":[{"@type":"ListItem","position":1,"name":"Strona g\u0142\u00f3wna","item":"https:\/\/wellfitness.pl\/"},{"@type":"ListItem","position":2,"name":"Rebranding Fitness Platinium"}]},{"@type":"WebSite","@id":"https:\/\/wellfitness.pl\/#website","url":"https:\/\/wellfitness.pl\/","name":"Well Fitness","description":"\u0411\u0443\u0434\u044c\u0442\u0435 \u0437\u0434\u043e\u0440\u043e\u0432\u0456. \u0411\u0443\u0434\u044c \u0443 \u0444\u043e\u0440\u043c\u0456. \u0411\u0443\u0434\u044c \u0441\u043e\u0431\u043e\u044e.","publisher":{"@id":"https:\/\/wellfitness.pl\/#organization"},"potentialAction":[{"@type":"SearchAction","target":{"@type":"EntryPoint","urlTemplate":"https:\/\/wellfitness.pl\/?s={search_term_string}"},"query-input":{"@type":"PropertyValueSpecification","valueRequired":true,"valueName":"search_term_string"}}],"inLanguage":"uk"},{"@type":"Organization","@id":"https:\/\/wellfitness.pl\/#organization","name":"Well Fitness","url":"https:\/\/wellfitness.pl\/","logo":{"@type":"ImageObject","inLanguage":"uk","@id":"https:\/\/wellfitness.pl\/#\/schema\/logo\/image\/","url":"https:\/\/wellfitness.pl\/wp-content\/uploads\/2021\/12\/well-fitness-logo.png","contentUrl":"https:\/\/wellfitness.pl\/wp-content\/uploads\/2021\/12\/well-fitness-logo.png","width":512,"height":512,"caption":"Well Fitness"},"sameAs":["https:\/\/www.facebook.com\/WellFitnessPolska\/","https:\/\/www.instagram.com\/wellfitnesspolska\/"],"contactPoint":{"@type":"ContactPoint","contactType":"customer service","url":"https:\/\/wellfitness.pl\/uk","email":"","telephone":""},"knowsAbout":["fitness","si\u0142ownia","zaj\u0119cia grupowe","wellness"]}]}},"_links":{"self":[{"href":"https:\/\/wellfitness.pl\/uk\/wp-json\/wp\/v2\/pages\/14195","targetHints":{"allow":["GET"]}}],"collection":[{"href":"https:\/\/wellfitness.pl\/uk\/wp-json\/wp\/v2\/pages"}],"about":[{"href":"https:\/\/wellfitness.pl\/uk\/wp-json\/wp\/v2\/types\/page"}],"author":[{"embeddable":true,"href":"https:\/\/wellfitness.pl\/uk\/wp-json\/wp\/v2\/users\/32"}],"replies":[{"embeddable":true,"href":"https:\/\/wellfitness.pl\/uk\/wp-json\/wp\/v2\/comments?post=14195"}],"version-history":[{"count":51,"href":"https:\/\/wellfitness.pl\/uk\/wp-json\/wp\/v2\/pages\/14195\/revisions"}],"predecessor-version":[{"id":14691,"href":"https:\/\/wellfitness.pl\/uk\/wp-json\/wp\/v2\/pages\/14195\/revisions\/14691"}],"wp:attachment":[{"href":"https:\/\/wellfitness.pl\/uk\/wp-json\/wp\/v2\/media?parent=14195"}],"curies":[{"name":"wp","href":"https:\/\/api.w.org\/{rel}","templated":true}]}}