{"id":13922,"date":"2022-09-13T09:22:58","date_gmt":"2022-09-13T07:22:58","guid":{"rendered":"https:\/\/wellfitness.pl\/?page_id=13922"},"modified":"2026-02-23T13:13:20","modified_gmt":"2026-02-23T12:13:20","slug":"%d0%ba%d0%b0%d1%82%d0%be%d0%b2%d1%96%d1%86%d0%b5","status":"publish","type":"page","link":"https:\/\/wellfitness.pl\/uk\/trener-personalny\/katowice","title":{"rendered":"\u041f\u0435\u0440\u0441\u043e\u043d\u0430\u043b\u044c\u043d\u0438\u0439 \u0442\u0440\u0435\u043d\u0435\u0440 \u041a\u0430\u0442\u043e\u0432\u0456\u0446\u0435"},"content":{"rendered":"","protected":false},"excerpt":{"rendered":"","protected":false},"author":7,"featured_media":13924,"parent":57,"menu_order":0,"comment_status":"closed","ping_status":"closed","template":"template-flexible.php","meta":{"_acf_changed":false,"inline_featured_image":false,"footnotes":""},"class_list":["post-13922","page","type-page","status-publish","has-post-thumbnail","hentry"],"acf":[],"yoast_head":"<!-- This site is optimized with the Yoast SEO plugin v27.4 - https:\/\/yoast.com\/product\/yoast-seo-wordpress\/ -->\n<title>Trener Personalny Katowice | Well Fitness<\/title>\n<meta name=\"description\" content=\"Schudnij i zbuduj form\u0119 pod okiem eksperta. Trener personalny w Katowicach (3 lokalizacje). Pakiety indywidualne, medyczne i w parze.\" \/>\n<meta name=\"robots\" content=\"index, follow, max-snippet:-1, max-image-preview:large, max-video-preview:-1\" \/>\n<link rel=\"canonical\" href=\"https:\/\/wellfitness.pl\/uk\/\u043e\u0441\u043e\u0431\u0438\u0441\u0442\u0438\u0439-\u0442\u0440\u0435\u043d\u0435\u0440\/\u043a\u0430\u0442\u043e\u0432\u0456\u0446\u0435\" \/>\n<meta property=\"og:locale\" content=\"uk_UA\" \/>\n<meta property=\"og:type\" content=\"article\" \/>\n<meta property=\"og:title\" content=\"Trener Personalny Katowice | Well Fitness\" \/>\n<meta property=\"og:description\" content=\"Schudnij i zbuduj form\u0119 pod okiem eksperta. Trener personalny w Katowicach (3 lokalizacje). Pakiety indywidualne, medyczne i w parze.\" \/>\n<meta property=\"og:url\" content=\"https:\/\/wellfitness.pl\/uk\/\u043e\u0441\u043e\u0431\u0438\u0441\u0442\u0438\u0439-\u0442\u0440\u0435\u043d\u0435\u0440\/\u043a\u0430\u0442\u043e\u0432\u0456\u0446\u0435\" \/>\n<meta property=\"og:site_name\" content=\"Well Fitness\" \/>\n<meta property=\"article:publisher\" content=\"https:\/\/www.facebook.com\/WellFitnessPolska\/\" \/>\n<meta property=\"article:modified_time\" content=\"2026-02-23T12:13:20+00:00\" \/>\n<meta property=\"og:image\" content=\"https:\/\/wellfitness.pl\/wp-content\/uploads\/2026\/02\/trener-personalny-katowice.jpg\" \/>\n\t<meta property=\"og:image:width\" content=\"2560\" \/>\n\t<meta property=\"og:image:height\" content=\"1707\" \/>\n\t<meta property=\"og:image:type\" content=\"image\/jpeg\" \/>\n<meta name=\"twitter:card\" content=\"summary_large_image\" \/>\n<meta name=\"twitter:label1\" content=\"\u041f\u0440\u0438\u0431\u043b. \u0447\u0430\u0441 \u0447\u0438\u0442\u0430\u043d\u043d\u044f\" \/>\n\t<meta name=\"twitter:data1\" content=\"1 \u0445\u0432\u0438\u043b\u0438\u043d\u0430\" \/>\n<script type=\"application\/ld+json\" class=\"yoast-schema-graph\">{\"@context\":\"https:\\\/\\\/schema.org\",\"@graph\":[{\"@type\":\"WebPage\",\"@id\":\"https:\\\/\\\/wellfitness.pl\\\/trener-personalny\\\/katowice\",\"url\":\"https:\\\/\\\/wellfitness.pl\\\/trener-personalny\\\/katowice\",\"name\":\"Trener Personalny Katowice | Well Fitness\",\"isPartOf\":{\"@id\":\"https:\\\/\\\/wellfitness.pl\\\/#website\"},\"primaryImageOfPage\":{\"@id\":\"https:\\\/\\\/wellfitness.pl\\\/trener-personalny\\\/katowice#primaryimage\"},\"thumbnailUrl\":\"https:\\\/\\\/wellfitness.pl\\\/wp-content\\\/uploads\\\/2026\\\/02\\\/trener-personalny-katowice.jpg\",\"datePublished\":\"2022-09-13T07:22:58+00:00\",\"dateModified\":\"2026-02-23T12:13:20+00:00\",\"description\":\"Schudnij i zbuduj form\u0119 pod okiem eksperta. Trener personalny w Katowicach (3 lokalizacje). Pakiety indywidualne, medyczne i w parze.\",\"breadcrumb\":{\"@id\":\"https:\\\/\\\/wellfitness.pl\\\/trener-personalny\\\/katowice#breadcrumb\"},\"inLanguage\":\"uk\",\"potentialAction\":[{\"@type\":\"ReadAction\",\"target\":[\"https:\\\/\\\/wellfitness.pl\\\/trener-personalny\\\/katowice\"]}]},{\"@type\":\"ImageObject\",\"inLanguage\":\"uk\",\"@id\":\"https:\\\/\\\/wellfitness.pl\\\/trener-personalny\\\/katowice#primaryimage\",\"url\":\"https:\\\/\\\/wellfitness.pl\\\/wp-content\\\/uploads\\\/2026\\\/02\\\/trener-personalny-katowice.jpg\",\"contentUrl\":\"https:\\\/\\\/wellfitness.pl\\\/wp-content\\\/uploads\\\/2026\\\/02\\\/trener-personalny-katowice.jpg\",\"width\":2560,\"height\":1707,\"caption\":\"Dw\u00f3ch m\u0119\u017cczyzn podczas konsultacji z trenerem personalnym w si\u0142owni w Katowicach \u2013 rozmowa przy stoliku, w tle sprz\u0119t cardio.\"},{\"@type\":\"BreadcrumbList\",\"@id\":\"https:\\\/\\\/wellfitness.pl\\\/trener-personalny\\\/katowice#breadcrumb\",\"itemListElement\":[{\"@type\":\"ListItem\",\"position\":1,\"name\":\"Strona g\u0142\u00f3wna\",\"item\":\"https:\\\/\\\/wellfitness.pl\\\/\"},{\"@type\":\"ListItem\",\"position\":2,\"name\":\"Trener personalny\",\"item\":\"https:\\\/\\\/wellfitness.pl\\\/trener-personalny\"},{\"@type\":\"ListItem\",\"position\":3,\"name\":\"Katowice\"}]},{\"@type\":\"WebSite\",\"@id\":\"https:\\\/\\\/wellfitness.pl\\\/#website\",\"url\":\"https:\\\/\\\/wellfitness.pl\\\/\",\"name\":\"Well Fitness\",\"description\":\"Be well. Be fit. Be yourself.\",\"publisher\":{\"@id\":\"https:\\\/\\\/wellfitness.pl\\\/#organization\"},\"potentialAction\":[{\"@type\":\"SearchAction\",\"target\":{\"@type\":\"EntryPoint\",\"urlTemplate\":\"https:\\\/\\\/wellfitness.pl\\\/?s={search_term_string}\"},\"query-input\":{\"@type\":\"PropertyValueSpecification\",\"valueRequired\":true,\"valueName\":\"search_term_string\"}}],\"inLanguage\":\"uk\"},{\"@type\":\"Organization\",\"@id\":\"https:\\\/\\\/wellfitness.pl\\\/#organization\",\"name\":\"Well Fitness\",\"url\":\"https:\\\/\\\/wellfitness.pl\\\/\",\"logo\":{\"@type\":\"ImageObject\",\"inLanguage\":\"uk\",\"@id\":\"https:\\\/\\\/wellfitness.pl\\\/#\\\/schema\\\/logo\\\/image\\\/\",\"url\":\"https:\\\/\\\/wellfitness.pl\\\/wp-content\\\/uploads\\\/2021\\\/12\\\/well-fitness-logo.png\",\"contentUrl\":\"https:\\\/\\\/wellfitness.pl\\\/wp-content\\\/uploads\\\/2021\\\/12\\\/well-fitness-logo.png\",\"width\":512,\"height\":512,\"caption\":\"Well Fitness\"},\"sameAs\":[\"https:\\\/\\\/www.facebook.com\\\/WellFitnessPolska\\\/\",\"https:\\\/\\\/www.instagram.com\\\/wellfitnesspolska\\\/\"],\"contactPoint\":{\"@type\":\"ContactPoint\",\"contactType\":\"customer service\",\"url\":\"https:\\\/\\\/wellfitness.pl\\\/uk\",\"email\":\"\",\"telephone\":\"\"},\"knowsAbout\":[\"fitness\",\"si\u0142ownia\",\"zaj\u0119cia grupowe\",\"wellness\"]}]}<\/script>\n<!-- \/ Yoast SEO plugin. -->","yoast_head_json":{"title":"\u041f\u0435\u0440\u0441\u043e\u043d\u0430\u043b\u044c\u043d\u0438\u0439 \u0442\u0440\u0435\u043d\u0435\u0440 \u041a\u0430\u0442\u043e\u0432\u0456\u0446\u0435 | Well Fitness","description":"\u0421\u0445\u0443\u0434\u043d\u0435\u043d\u043d\u044f \u0442\u0430 \u043f\u043e\u043a\u0440\u0430\u0449\u0435\u043d\u043d\u044f \u0444\u0456\u0433\u0443\u0440\u0438 \u043f\u0456\u0434 \u043a\u0435\u0440\u0456\u0432\u043d\u0438\u0446\u0442\u0432\u043e\u043c \u0435\u043a\u0441\u043f\u0435\u0440\u0442\u0430. \u041f\u0435\u0440\u0441\u043e\u043d\u0430\u043b\u044c\u043d\u0438\u0439 \u0442\u0440\u0435\u043d\u0435\u0440 \u0443 \u041a\u0430\u0442\u043e\u0432\u0456\u0446\u0435 (3 \u043c\u0456\u0441\u0446\u044f). \u0406\u043d\u0434\u0438\u0432\u0456\u0434\u0443\u0430\u043b\u044c\u043d\u0456, \u043c\u0435\u0434\u0438\u0447\u043d\u0456 \u0442\u0430 \u0441\u0456\u043c\u0435\u0439\u043d\u0456 \u043f\u0430\u043a\u0435\u0442\u0438.","robots":{"index":"index","follow":"follow","max-snippet":"max-snippet:-1","max-image-preview":"max-image-preview:large","max-video-preview":"max-video-preview:-1"},"canonical":"https:\/\/wellfitness.pl\/uk\/\u043e\u0441\u043e\u0431\u0438\u0441\u0442\u0438\u0439-\u0442\u0440\u0435\u043d\u0435\u0440\/\u043a\u0430\u0442\u043e\u0432\u0456\u0446\u0435","og_locale":"uk_UA","og_type":"article","og_title":"Trener Personalny Katowice | Well Fitness","og_description":"Schudnij i zbuduj form\u0119 pod okiem eksperta. Trener personalny w Katowicach (3 lokalizacje). Pakiety indywidualne, medyczne i w parze.","og_url":"https:\/\/wellfitness.pl\/uk\/\u043e\u0441\u043e\u0431\u0438\u0441\u0442\u0438\u0439-\u0442\u0440\u0435\u043d\u0435\u0440\/\u043a\u0430\u0442\u043e\u0432\u0456\u0446\u0435","og_site_name":"Well Fitness","article_publisher":"https:\/\/www.facebook.com\/WellFitnessPolska\/","article_modified_time":"2026-02-23T12:13:20+00:00","og_image":[{"width":2560,"height":1707,"url":"https:\/\/wellfitness.pl\/wp-content\/uploads\/2026\/02\/trener-personalny-katowice.jpg","type":"image\/jpeg"}],"twitter_card":"summary_large_image","twitter_misc":{"\u041f\u0440\u0438\u0431\u043b. \u0447\u0430\u0441 \u0447\u0438\u0442\u0430\u043d\u043d\u044f":"1 \u0445\u0432\u0438\u043b\u0438\u043d\u0430"},"schema":{"@context":"https:\/\/schema.org","@graph":[{"@type":"WebPage","@id":"https:\/\/wellfitness.pl\/trener-personalny\/katowice","url":"https:\/\/wellfitness.pl\/trener-personalny\/katowice","name":"\u041f\u0435\u0440\u0441\u043e\u043d\u0430\u043b\u044c\u043d\u0438\u0439 \u0442\u0440\u0435\u043d\u0435\u0440 \u041a\u0430\u0442\u043e\u0432\u0456\u0446\u0435 | Well Fitness","isPartOf":{"@id":"https:\/\/wellfitness.pl\/#website"},"primaryImageOfPage":{"@id":"https:\/\/wellfitness.pl\/trener-personalny\/katowice#primaryimage"},"thumbnailUrl":"https:\/\/wellfitness.pl\/wp-content\/uploads\/2026\/02\/trener-personalny-katowice.jpg","datePublished":"2022-09-13T07:22:58+00:00","dateModified":"2026-02-23T12:13:20+00:00","description":"\u0421\u0445\u0443\u0434\u043d\u0435\u043d\u043d\u044f \u0442\u0430 \u043f\u043e\u043a\u0440\u0430\u0449\u0435\u043d\u043d\u044f \u0444\u0456\u0433\u0443\u0440\u0438 \u043f\u0456\u0434 \u043a\u0435\u0440\u0456\u0432\u043d\u0438\u0446\u0442\u0432\u043e\u043c \u0435\u043a\u0441\u043f\u0435\u0440\u0442\u0430. \u041f\u0435\u0440\u0441\u043e\u043d\u0430\u043b\u044c\u043d\u0438\u0439 \u0442\u0440\u0435\u043d\u0435\u0440 \u0443 \u041a\u0430\u0442\u043e\u0432\u0456\u0446\u0435 (3 \u043c\u0456\u0441\u0446\u044f). \u0406\u043d\u0434\u0438\u0432\u0456\u0434\u0443\u0430\u043b\u044c\u043d\u0456, \u043c\u0435\u0434\u0438\u0447\u043d\u0456 \u0442\u0430 \u0441\u0456\u043c\u0435\u0439\u043d\u0456 \u043f\u0430\u043a\u0435\u0442\u0438.","breadcrumb":{"@id":"https:\/\/wellfitness.pl\/trener-personalny\/katowice#breadcrumb"},"inLanguage":"uk","potentialAction":[{"@type":"ReadAction","target":["https:\/\/wellfitness.pl\/trener-personalny\/katowice"]}]},{"@type":"ImageObject","inLanguage":"uk","@id":"https:\/\/wellfitness.pl\/trener-personalny\/katowice#primaryimage","url":"https:\/\/wellfitness.pl\/wp-content\/uploads\/2026\/02\/trener-personalny-katowice.jpg","contentUrl":"https:\/\/wellfitness.pl\/wp-content\/uploads\/2026\/02\/trener-personalny-katowice.jpg","width":2560,"height":1707,"caption":"Dw\u00f3ch m\u0119\u017cczyzn podczas konsultacji z trenerem personalnym w si\u0142owni w Katowicach \u2013 rozmowa przy stoliku, w tle sprz\u0119t cardio."},{"@type":"BreadcrumbList","@id":"https:\/\/wellfitness.pl\/trener-personalny\/katowice#breadcrumb","itemListElement":[{"@type":"ListItem","position":1,"name":"Strona g\u0142\u00f3wna","item":"https:\/\/wellfitness.pl\/"},{"@type":"ListItem","position":2,"name":"Trener personalny","item":"https:\/\/wellfitness.pl\/trener-personalny"},{"@type":"ListItem","position":3,"name":"Katowice"}]},{"@type":"WebSite","@id":"https:\/\/wellfitness.pl\/#website","url":"https:\/\/wellfitness.pl\/","name":"Well Fitness","description":"\u0411\u0443\u0434\u044c\u0442\u0435 \u0437\u0434\u043e\u0440\u043e\u0432\u0456. \u0411\u0443\u0434\u044c \u0443 \u0444\u043e\u0440\u043c\u0456. \u0411\u0443\u0434\u044c \u0441\u043e\u0431\u043e\u044e.","publisher":{"@id":"https:\/\/wellfitness.pl\/#organization"},"potentialAction":[{"@type":"SearchAction","target":{"@type":"EntryPoint","urlTemplate":"https:\/\/wellfitness.pl\/?s={search_term_string}"},"query-input":{"@type":"PropertyValueSpecification","valueRequired":true,"valueName":"search_term_string"}}],"inLanguage":"uk"},{"@type":"Organization","@id":"https:\/\/wellfitness.pl\/#organization","name":"Well Fitness","url":"https:\/\/wellfitness.pl\/","logo":{"@type":"ImageObject","inLanguage":"uk","@id":"https:\/\/wellfitness.pl\/#\/schema\/logo\/image\/","url":"https:\/\/wellfitness.pl\/wp-content\/uploads\/2021\/12\/well-fitness-logo.png","contentUrl":"https:\/\/wellfitness.pl\/wp-content\/uploads\/2021\/12\/well-fitness-logo.png","width":512,"height":512,"caption":"Well Fitness"},"sameAs":["https:\/\/www.facebook.com\/WellFitnessPolska\/","https:\/\/www.instagram.com\/wellfitnesspolska\/"],"contactPoint":{"@type":"ContactPoint","contactType":"customer service","url":"https:\/\/wellfitness.pl\/uk","email":"","telephone":""},"knowsAbout":["fitness","si\u0142ownia","zaj\u0119cia grupowe","wellness"]}]}},"_links":{"self":[{"href":"https:\/\/wellfitness.pl\/uk\/wp-json\/wp\/v2\/pages\/13922","targetHints":{"allow":["GET"]}}],"collection":[{"href":"https:\/\/wellfitness.pl\/uk\/wp-json\/wp\/v2\/pages"}],"about":[{"href":"https:\/\/wellfitness.pl\/uk\/wp-json\/wp\/v2\/types\/page"}],"author":[{"embeddable":true,"href":"https:\/\/wellfitness.pl\/uk\/wp-json\/wp\/v2\/users\/7"}],"replies":[{"embeddable":true,"href":"https:\/\/wellfitness.pl\/uk\/wp-json\/wp\/v2\/comments?post=13922"}],"version-history":[{"count":7,"href":"https:\/\/wellfitness.pl\/uk\/wp-json\/wp\/v2\/pages\/13922\/revisions"}],"predecessor-version":[{"id":14057,"href":"https:\/\/wellfitness.pl\/uk\/wp-json\/wp\/v2\/pages\/13922\/revisions\/14057"}],"up":[{"embeddable":true,"href":"https:\/\/wellfitness.pl\/uk\/wp-json\/wp\/v2\/pages\/57"}],"wp:featuredmedia":[{"embeddable":true,"href":"https:\/\/wellfitness.pl\/uk\/wp-json\/wp\/v2\/media\/13924"}],"wp:attachment":[{"href":"https:\/\/wellfitness.pl\/uk\/wp-json\/wp\/v2\/media?parent=13922"}],"curies":[{"name":"wp","href":"https:\/\/api.w.org\/{rel}","templated":true}]}}