{"id":1222,"date":"2021-10-27T13:38:25","date_gmt":"2021-10-27T11:38:25","guid":{"rendered":"https:\/\/wellfitness.pl\/?page_id=1222"},"modified":"2026-03-23T11:16:49","modified_gmt":"2026-03-23T10:16:49","slug":"%d0%b3%d0%b0%d1%80%d0%bd%d0%b8%d0%b9-%d0%bf%d0%be%d1%87%d0%b0%d1%82%d0%be%d0%ba","status":"publish","type":"page","link":"https:\/\/wellfitness.pl\/uk\/well-start","title":{"rendered":"\u0412\u0434\u0430\u043b\u0438\u0439 \u0441\u0442\u0430\u0440\u0442"},"content":{"rendered":"","protected":false},"excerpt":{"rendered":"","protected":false},"author":3,"featured_media":0,"parent":0,"menu_order":0,"comment_status":"closed","ping_status":"closed","template":"template-flexible.php","meta":{"_acf_changed":false,"inline_featured_image":false,"footnotes":""},"class_list":["post-1222","page","type-page","status-publish","hentry"],"acf":[],"yoast_head":"<!-- This site is optimized with the Yoast SEO plugin v27.4 - https:\/\/yoast.com\/product\/yoast-seo-wordpress\/ -->\n<title>Well Start I Well Fitness<\/title>\n<meta name=\"description\" content=\"Zaj\u0119cia prowadzone przez trener\u00f3w personalnych w ma\u0142ych grupach, kt\u00f3re wprowadz\u0105 Ci\u0119 w \u015bwiat si\u0142owni. Poznasz strefy i dost\u0119pne maszyny.\" \/>\n<meta name=\"robots\" content=\"index, follow, max-snippet:-1, max-image-preview:large, max-video-preview:-1\" \/>\n<link rel=\"canonical\" href=\"https:\/\/wellfitness.pl\/uk\/\u0433\u0430\u0440\u043d\u0438\u0439-\u043f\u043e\u0447\u0430\u0442\u043e\u043a\" \/>\n<meta property=\"og:locale\" content=\"uk_UA\" \/>\n<meta property=\"og:type\" content=\"article\" \/>\n<meta property=\"og:title\" content=\"Well Start I Well Fitness\" \/>\n<meta property=\"og:description\" content=\"Zaj\u0119cia prowadzone przez trener\u00f3w personalnych w ma\u0142ych grupach, kt\u00f3re wprowadz\u0105 Ci\u0119 w \u015bwiat si\u0142owni. Poznasz strefy i dost\u0119pne maszyny.\" \/>\n<meta property=\"og:url\" content=\"https:\/\/wellfitness.pl\/uk\/\u0433\u0430\u0440\u043d\u0438\u0439-\u043f\u043e\u0447\u0430\u0442\u043e\u043a\" \/>\n<meta property=\"og:site_name\" content=\"Well Fitness\" \/>\n<meta property=\"article:publisher\" content=\"https:\/\/www.facebook.com\/WellFitnessPolska\/\" \/>\n<meta property=\"article:modified_time\" content=\"2026-03-23T10:16:49+00:00\" \/>\n<meta property=\"og:image\" content=\"https:\/\/wellfitness.pl\/wp-content\/uploads\/2021\/12\/well-fitness-logo.png\" \/>\n\t<meta property=\"og:image:width\" content=\"512\" \/>\n\t<meta property=\"og:image:height\" content=\"512\" \/>\n\t<meta property=\"og:image:type\" content=\"image\/png\" \/>\n<meta name=\"twitter:card\" content=\"summary_large_image\" \/>\n<script type=\"application\/ld+json\" class=\"yoast-schema-graph\">{\"@context\":\"https:\\\/\\\/schema.org\",\"@graph\":[{\"@type\":\"WebPage\",\"@id\":\"https:\\\/\\\/wellfitness.pl\\\/well-start\",\"url\":\"https:\\\/\\\/wellfitness.pl\\\/well-start\",\"name\":\"Well Start I Well Fitness\",\"isPartOf\":{\"@id\":\"https:\\\/\\\/wellfitness.pl\\\/#website\"},\"datePublished\":\"2021-10-27T11:38:25+00:00\",\"dateModified\":\"2026-03-23T10:16:49+00:00\",\"description\":\"Zaj\u0119cia prowadzone przez trener\u00f3w personalnych w ma\u0142ych grupach, kt\u00f3re wprowadz\u0105 Ci\u0119 w \u015bwiat si\u0142owni. Poznasz strefy i dost\u0119pne maszyny.\",\"breadcrumb\":{\"@id\":\"https:\\\/\\\/wellfitness.pl\\\/well-start#breadcrumb\"},\"inLanguage\":\"uk\",\"potentialAction\":[{\"@type\":\"ReadAction\",\"target\":[\"https:\\\/\\\/wellfitness.pl\\\/well-start\"]}]},{\"@type\":\"BreadcrumbList\",\"@id\":\"https:\\\/\\\/wellfitness.pl\\\/well-start#breadcrumb\",\"itemListElement\":[{\"@type\":\"ListItem\",\"position\":1,\"name\":\"Strona g\u0142\u00f3wna\",\"item\":\"https:\\\/\\\/wellfitness.pl\\\/\"},{\"@type\":\"ListItem\",\"position\":2,\"name\":\"Well Start\"}]},{\"@type\":\"WebSite\",\"@id\":\"https:\\\/\\\/wellfitness.pl\\\/#website\",\"url\":\"https:\\\/\\\/wellfitness.pl\\\/\",\"name\":\"Well Fitness\",\"description\":\"Be well. Be fit. Be yourself.\",\"publisher\":{\"@id\":\"https:\\\/\\\/wellfitness.pl\\\/#organization\"},\"potentialAction\":[{\"@type\":\"SearchAction\",\"target\":{\"@type\":\"EntryPoint\",\"urlTemplate\":\"https:\\\/\\\/wellfitness.pl\\\/?s={search_term_string}\"},\"query-input\":{\"@type\":\"PropertyValueSpecification\",\"valueRequired\":true,\"valueName\":\"search_term_string\"}}],\"inLanguage\":\"uk\"},{\"@type\":\"Organization\",\"@id\":\"https:\\\/\\\/wellfitness.pl\\\/#organization\",\"name\":\"Well Fitness\",\"url\":\"https:\\\/\\\/wellfitness.pl\\\/\",\"logo\":{\"@type\":\"ImageObject\",\"inLanguage\":\"uk\",\"@id\":\"https:\\\/\\\/wellfitness.pl\\\/#\\\/schema\\\/logo\\\/image\\\/\",\"url\":\"https:\\\/\\\/wellfitness.pl\\\/wp-content\\\/uploads\\\/2021\\\/12\\\/well-fitness-logo.png\",\"contentUrl\":\"https:\\\/\\\/wellfitness.pl\\\/wp-content\\\/uploads\\\/2021\\\/12\\\/well-fitness-logo.png\",\"width\":512,\"height\":512,\"caption\":\"Well Fitness\"},\"sameAs\":[\"https:\\\/\\\/www.facebook.com\\\/WellFitnessPolska\\\/\",\"https:\\\/\\\/www.instagram.com\\\/wellfitnesspolska\\\/\"],\"contactPoint\":{\"@type\":\"ContactPoint\",\"contactType\":\"customer service\",\"url\":\"https:\\\/\\\/wellfitness.pl\\\/uk\",\"email\":\"\",\"telephone\":\"\"},\"knowsAbout\":[\"fitness\",\"si\u0142ownia\",\"zaj\u0119cia grupowe\",\"wellness\"]}]}<\/script>\n<!-- \/ Yoast SEO plugin. -->","yoast_head_json":{"title":"Well Start \u0442\u0430 Well Fitness","description":"\u0417\u0430\u043d\u044f\u0442\u0442\u044f \u043f\u0456\u0434 \u043a\u0435\u0440\u0456\u0432\u043d\u0438\u0446\u0442\u0432\u043e\u043c \u043f\u0435\u0440\u0441\u043e\u043d\u0430\u043b\u044c\u043d\u0438\u0445 \u0442\u0440\u0435\u043d\u0435\u0440\u0456\u0432 \u0443 \u043d\u0435\u0432\u0435\u043b\u0438\u043a\u0438\u0445 \u0433\u0440\u0443\u043f\u0430\u0445, \u044f\u043a\u0456 \u043f\u043e\u0437\u043d\u0430\u0439\u043e\u043c\u043b\u044f\u0442\u044c \u0432\u0430\u0441 \u0437\u0456 \u0441\u0432\u0456\u0442\u043e\u043c \u0442\u0440\u0435\u043d\u0430\u0436\u0435\u0440\u043d\u043e\u0433\u043e \u0437\u0430\u043b\u0443. \u0412\u0438 \u0434\u0456\u0437\u043d\u0430\u0454\u0442\u0435\u0441\u044c \u043f\u0440\u043e \u0437\u043e\u043d\u0438 \u0442\u0430 \u0434\u043e\u0441\u0442\u0443\u043f\u043d\u0456 \u0442\u0440\u0435\u043d\u0430\u0436\u0435\u0440\u0438.","robots":{"index":"index","follow":"follow","max-snippet":"max-snippet:-1","max-image-preview":"max-image-preview:large","max-video-preview":"max-video-preview:-1"},"canonical":"https:\/\/wellfitness.pl\/uk\/\u0433\u0430\u0440\u043d\u0438\u0439-\u043f\u043e\u0447\u0430\u0442\u043e\u043a","og_locale":"uk_UA","og_type":"article","og_title":"Well Start I Well Fitness","og_description":"Zaj\u0119cia prowadzone przez trener\u00f3w personalnych w ma\u0142ych grupach, kt\u00f3re wprowadz\u0105 Ci\u0119 w \u015bwiat si\u0142owni. Poznasz strefy i dost\u0119pne maszyny.","og_url":"https:\/\/wellfitness.pl\/uk\/\u0433\u0430\u0440\u043d\u0438\u0439-\u043f\u043e\u0447\u0430\u0442\u043e\u043a","og_site_name":"Well Fitness","article_publisher":"https:\/\/www.facebook.com\/WellFitnessPolska\/","article_modified_time":"2026-03-23T10:16:49+00:00","og_image":[{"width":512,"height":512,"url":"https:\/\/wellfitness.pl\/wp-content\/uploads\/2021\/12\/well-fitness-logo.png","type":"image\/png"}],"twitter_card":"summary_large_image","schema":{"@context":"https:\/\/schema.org","@graph":[{"@type":"WebPage","@id":"https:\/\/wellfitness.pl\/well-start","url":"https:\/\/wellfitness.pl\/well-start","name":"Well Start \u0442\u0430 Well Fitness","isPartOf":{"@id":"https:\/\/wellfitness.pl\/#website"},"datePublished":"2021-10-27T11:38:25+00:00","dateModified":"2026-03-23T10:16:49+00:00","description":"\u0417\u0430\u043d\u044f\u0442\u0442\u044f \u043f\u0456\u0434 \u043a\u0435\u0440\u0456\u0432\u043d\u0438\u0446\u0442\u0432\u043e\u043c \u043f\u0435\u0440\u0441\u043e\u043d\u0430\u043b\u044c\u043d\u0438\u0445 \u0442\u0440\u0435\u043d\u0435\u0440\u0456\u0432 \u0443 \u043d\u0435\u0432\u0435\u043b\u0438\u043a\u0438\u0445 \u0433\u0440\u0443\u043f\u0430\u0445, \u044f\u043a\u0456 \u043f\u043e\u0437\u043d\u0430\u0439\u043e\u043c\u043b\u044f\u0442\u044c \u0432\u0430\u0441 \u0437\u0456 \u0441\u0432\u0456\u0442\u043e\u043c \u0442\u0440\u0435\u043d\u0430\u0436\u0435\u0440\u043d\u043e\u0433\u043e \u0437\u0430\u043b\u0443. \u0412\u0438 \u0434\u0456\u0437\u043d\u0430\u0454\u0442\u0435\u0441\u044c \u043f\u0440\u043e \u0437\u043e\u043d\u0438 \u0442\u0430 \u0434\u043e\u0441\u0442\u0443\u043f\u043d\u0456 \u0442\u0440\u0435\u043d\u0430\u0436\u0435\u0440\u0438.","breadcrumb":{"@id":"https:\/\/wellfitness.pl\/well-start#breadcrumb"},"inLanguage":"uk","potentialAction":[{"@type":"ReadAction","target":["https:\/\/wellfitness.pl\/well-start"]}]},{"@type":"BreadcrumbList","@id":"https:\/\/wellfitness.pl\/well-start#breadcrumb","itemListElement":[{"@type":"ListItem","position":1,"name":"Strona g\u0142\u00f3wna","item":"https:\/\/wellfitness.pl\/"},{"@type":"ListItem","position":2,"name":"Well Start"}]},{"@type":"WebSite","@id":"https:\/\/wellfitness.pl\/#website","url":"https:\/\/wellfitness.pl\/","name":"Well Fitness","description":"\u0411\u0443\u0434\u044c\u0442\u0435 \u0437\u0434\u043e\u0440\u043e\u0432\u0456. \u0411\u0443\u0434\u044c \u0443 \u0444\u043e\u0440\u043c\u0456. \u0411\u0443\u0434\u044c \u0441\u043e\u0431\u043e\u044e.","publisher":{"@id":"https:\/\/wellfitness.pl\/#organization"},"potentialAction":[{"@type":"SearchAction","target":{"@type":"EntryPoint","urlTemplate":"https:\/\/wellfitness.pl\/?s={search_term_string}"},"query-input":{"@type":"PropertyValueSpecification","valueRequired":true,"valueName":"search_term_string"}}],"inLanguage":"uk"},{"@type":"Organization","@id":"https:\/\/wellfitness.pl\/#organization","name":"Well Fitness","url":"https:\/\/wellfitness.pl\/","logo":{"@type":"ImageObject","inLanguage":"uk","@id":"https:\/\/wellfitness.pl\/#\/schema\/logo\/image\/","url":"https:\/\/wellfitness.pl\/wp-content\/uploads\/2021\/12\/well-fitness-logo.png","contentUrl":"https:\/\/wellfitness.pl\/wp-content\/uploads\/2021\/12\/well-fitness-logo.png","width":512,"height":512,"caption":"Well Fitness"},"sameAs":["https:\/\/www.facebook.com\/WellFitnessPolska\/","https:\/\/www.instagram.com\/wellfitnesspolska\/"],"contactPoint":{"@type":"ContactPoint","contactType":"customer service","url":"https:\/\/wellfitness.pl\/uk","email":"","telephone":""},"knowsAbout":["fitness","si\u0142ownia","zaj\u0119cia grupowe","wellness"]}]}},"_links":{"self":[{"href":"https:\/\/wellfitness.pl\/uk\/wp-json\/wp\/v2\/pages\/1222","targetHints":{"allow":["GET"]}}],"collection":[{"href":"https:\/\/wellfitness.pl\/uk\/wp-json\/wp\/v2\/pages"}],"about":[{"href":"https:\/\/wellfitness.pl\/uk\/wp-json\/wp\/v2\/types\/page"}],"author":[{"embeddable":true,"href":"https:\/\/wellfitness.pl\/uk\/wp-json\/wp\/v2\/users\/3"}],"replies":[{"embeddable":true,"href":"https:\/\/wellfitness.pl\/uk\/wp-json\/wp\/v2\/comments?post=1222"}],"version-history":[{"count":47,"href":"https:\/\/wellfitness.pl\/uk\/wp-json\/wp\/v2\/pages\/1222\/revisions"}],"predecessor-version":[{"id":14542,"href":"https:\/\/wellfitness.pl\/uk\/wp-json\/wp\/v2\/pages\/1222\/revisions\/14542"}],"wp:attachment":[{"href":"https:\/\/wellfitness.pl\/uk\/wp-json\/wp\/v2\/media?parent=1222"}],"curies":[{"name":"wp","href":"https:\/\/api.w.org\/{rel}","templated":true}]}}