{"id":10667,"date":"2022-01-13T15:44:29","date_gmt":"2022-01-13T14:44:29","guid":{"rendered":"https:\/\/wellfitness.pl\/?page_id=10667"},"modified":"2025-08-22T09:59:40","modified_gmt":"2025-08-22T07:59:40","slug":"%d0%bf%d0%bb%d0%b0%d0%bd-%d0%bd%d0%b0%d0%b2%d1%87%d0%b0%d0%bd%d0%bd%d1%8f","status":"publish","type":"page","link":"https:\/\/wellfitness.pl\/uk\/plan-treningowy","title":{"rendered":"\u041f\u043b\u0430\u043d \u0442\u0440\u0435\u043d\u0456\u043d\u0433\u0443"},"content":{"rendered":"","protected":false},"excerpt":{"rendered":"","protected":false},"author":5,"featured_media":0,"parent":0,"menu_order":0,"comment_status":"closed","ping_status":"closed","template":"template-flexible.php","meta":{"_acf_changed":false,"inline_featured_image":false,"footnotes":""},"class_list":["post-10667","page","type-page","status-publish","hentry"],"acf":[],"yoast_head":"<!-- This site is optimized with the Yoast SEO plugin v27.4 - https:\/\/yoast.com\/product\/yoast-seo-wordpress\/ -->\n<title>Plan treningowy | Darmowe plany do pobrania | Well Fitness<\/title>\n<meta name=\"description\" content=\"Indywidualny plan treningowy do pobrania za darmo. Opracowany przez trenera Well Fitness \u2013 zgodnie z Twoimi mo\u017cliwo\u015bciami i stylem \u017cycia.\" \/>\n<meta name=\"robots\" content=\"index, follow, max-snippet:-1, max-image-preview:large, max-video-preview:-1\" \/>\n<link rel=\"canonical\" href=\"https:\/\/wellfitness.pl\/uk\/\u043f\u043b\u0430\u043d-\u043d\u0430\u0432\u0447\u0430\u043d\u043d\u044f\" \/>\n<meta property=\"og:locale\" content=\"uk_UA\" \/>\n<meta property=\"og:type\" content=\"article\" \/>\n<meta property=\"og:title\" content=\"Plan treningowy | Darmowe plany do pobrania | Well Fitness\" \/>\n<meta property=\"og:description\" content=\"Indywidualny plan treningowy do pobrania za darmo. Opracowany przez trenera Well Fitness \u2013 zgodnie z Twoimi mo\u017cliwo\u015bciami i stylem \u017cycia.\" \/>\n<meta property=\"og:url\" content=\"https:\/\/wellfitness.pl\/uk\/\u043f\u043b\u0430\u043d-\u043d\u0430\u0432\u0447\u0430\u043d\u043d\u044f\" \/>\n<meta property=\"og:site_name\" content=\"Well Fitness\" \/>\n<meta property=\"article:publisher\" content=\"https:\/\/www.facebook.com\/WellFitnessPolska\/\" \/>\n<meta property=\"article:modified_time\" content=\"2025-08-22T07:59:40+00:00\" \/>\n<meta property=\"og:image\" content=\"https:\/\/wellfitness.pl\/wp-content\/uploads\/2021\/12\/well-fitness-logo.png\" \/>\n\t<meta property=\"og:image:width\" content=\"512\" \/>\n\t<meta property=\"og:image:height\" content=\"512\" \/>\n\t<meta property=\"og:image:type\" content=\"image\/png\" \/>\n<meta name=\"twitter:card\" content=\"summary_large_image\" \/>\n<script type=\"application\/ld+json\" class=\"yoast-schema-graph\">{\"@context\":\"https:\\\/\\\/schema.org\",\"@graph\":[{\"@type\":\"WebPage\",\"@id\":\"https:\\\/\\\/wellfitness.pl\\\/plan-treningowy\",\"url\":\"https:\\\/\\\/wellfitness.pl\\\/plan-treningowy\",\"name\":\"Plan treningowy | Darmowe plany do pobrania | Well Fitness\",\"isPartOf\":{\"@id\":\"https:\\\/\\\/wellfitness.pl\\\/#website\"},\"datePublished\":\"2022-01-13T14:44:29+00:00\",\"dateModified\":\"2025-08-22T07:59:40+00:00\",\"description\":\"Indywidualny plan treningowy do pobrania za darmo. Opracowany przez trenera Well Fitness \u2013 zgodnie z Twoimi mo\u017cliwo\u015bciami i stylem \u017cycia.\",\"breadcrumb\":{\"@id\":\"https:\\\/\\\/wellfitness.pl\\\/plan-treningowy#breadcrumb\"},\"inLanguage\":\"uk\",\"potentialAction\":[{\"@type\":\"ReadAction\",\"target\":[\"https:\\\/\\\/wellfitness.pl\\\/plan-treningowy\"]}]},{\"@type\":\"BreadcrumbList\",\"@id\":\"https:\\\/\\\/wellfitness.pl\\\/plan-treningowy#breadcrumb\",\"itemListElement\":[{\"@type\":\"ListItem\",\"position\":1,\"name\":\"Strona g\u0142\u00f3wna\",\"item\":\"https:\\\/\\\/wellfitness.pl\\\/\"},{\"@type\":\"ListItem\",\"position\":2,\"name\":\"Plan treningowy\"}]},{\"@type\":\"WebSite\",\"@id\":\"https:\\\/\\\/wellfitness.pl\\\/#website\",\"url\":\"https:\\\/\\\/wellfitness.pl\\\/\",\"name\":\"Well Fitness\",\"description\":\"Be well. Be fit. Be yourself.\",\"publisher\":{\"@id\":\"https:\\\/\\\/wellfitness.pl\\\/#organization\"},\"potentialAction\":[{\"@type\":\"SearchAction\",\"target\":{\"@type\":\"EntryPoint\",\"urlTemplate\":\"https:\\\/\\\/wellfitness.pl\\\/?s={search_term_string}\"},\"query-input\":{\"@type\":\"PropertyValueSpecification\",\"valueRequired\":true,\"valueName\":\"search_term_string\"}}],\"inLanguage\":\"uk\"},{\"@type\":\"Organization\",\"@id\":\"https:\\\/\\\/wellfitness.pl\\\/#organization\",\"name\":\"Well Fitness\",\"url\":\"https:\\\/\\\/wellfitness.pl\\\/\",\"logo\":{\"@type\":\"ImageObject\",\"inLanguage\":\"uk\",\"@id\":\"https:\\\/\\\/wellfitness.pl\\\/#\\\/schema\\\/logo\\\/image\\\/\",\"url\":\"https:\\\/\\\/wellfitness.pl\\\/wp-content\\\/uploads\\\/2021\\\/12\\\/well-fitness-logo.png\",\"contentUrl\":\"https:\\\/\\\/wellfitness.pl\\\/wp-content\\\/uploads\\\/2021\\\/12\\\/well-fitness-logo.png\",\"width\":512,\"height\":512,\"caption\":\"Well Fitness\"},\"sameAs\":[\"https:\\\/\\\/www.facebook.com\\\/WellFitnessPolska\\\/\",\"https:\\\/\\\/www.instagram.com\\\/wellfitnesspolska\\\/\"],\"contactPoint\":{\"@type\":\"ContactPoint\",\"contactType\":\"customer service\",\"url\":\"https:\\\/\\\/wellfitness.pl\\\/uk\",\"email\":\"\",\"telephone\":\"\"},\"knowsAbout\":[\"fitness\",\"si\u0142ownia\",\"zaj\u0119cia grupowe\",\"wellness\"]}]}<\/script>\n<!-- \/ Yoast SEO plugin. -->","yoast_head_json":{"title":"\u041f\u043b\u0430\u043d \u0442\u0440\u0435\u043d\u0443\u0432\u0430\u043d\u044c | \u0411\u0435\u0437\u043a\u043e\u0448\u0442\u043e\u0432\u043d\u0456 \u043f\u043b\u0430\u043d\u0438 \u0434\u043b\u044f \u0437\u0430\u0432\u0430\u043d\u0442\u0430\u0436\u0435\u043d\u043d\u044f | Well Fitness","description":"\u0406\u043d\u0434\u0438\u0432\u0456\u0434\u0443\u0430\u043b\u044c\u043d\u0438\u0439 \u043f\u043b\u0430\u043d \u0442\u0440\u0435\u043d\u0443\u0432\u0430\u043d\u044c \u0437\u0430\u0432\u0430\u043d\u0442\u0430\u0436\u0438\u0442\u0438 \u0431\u0435\u0437\u043a\u043e\u0448\u0442\u043e\u0432\u043d\u043e. \u0420\u043e\u0437\u0440\u043e\u0431\u043b\u0435\u043d\u0438\u0439 \u0442\u0440\u0435\u043d\u0435\u0440\u043e\u043c Well Fitness - \u0432\u0456\u0434\u043f\u043e\u0432\u0456\u0434\u043d\u043e \u0434\u043e \u0432\u0430\u0448\u0438\u0445 \u043c\u043e\u0436\u043b\u0438\u0432\u043e\u0441\u0442\u0435\u0439 \u0442\u0430 \u0441\u043f\u043e\u0441\u043e\u0431\u0443 \u0436\u0438\u0442\u0442\u044f.","robots":{"index":"index","follow":"follow","max-snippet":"max-snippet:-1","max-image-preview":"max-image-preview:large","max-video-preview":"max-video-preview:-1"},"canonical":"https:\/\/wellfitness.pl\/uk\/\u043f\u043b\u0430\u043d-\u043d\u0430\u0432\u0447\u0430\u043d\u043d\u044f","og_locale":"uk_UA","og_type":"article","og_title":"Plan treningowy | Darmowe plany do pobrania | Well Fitness","og_description":"Indywidualny plan treningowy do pobrania za darmo. Opracowany przez trenera Well Fitness \u2013 zgodnie z Twoimi mo\u017cliwo\u015bciami i stylem \u017cycia.","og_url":"https:\/\/wellfitness.pl\/uk\/\u043f\u043b\u0430\u043d-\u043d\u0430\u0432\u0447\u0430\u043d\u043d\u044f","og_site_name":"Well Fitness","article_publisher":"https:\/\/www.facebook.com\/WellFitnessPolska\/","article_modified_time":"2025-08-22T07:59:40+00:00","og_image":[{"width":512,"height":512,"url":"https:\/\/wellfitness.pl\/wp-content\/uploads\/2021\/12\/well-fitness-logo.png","type":"image\/png"}],"twitter_card":"summary_large_image","schema":{"@context":"https:\/\/schema.org","@graph":[{"@type":"WebPage","@id":"https:\/\/wellfitness.pl\/plan-treningowy","url":"https:\/\/wellfitness.pl\/plan-treningowy","name":"\u041f\u043b\u0430\u043d \u0442\u0440\u0435\u043d\u0443\u0432\u0430\u043d\u044c | \u0411\u0435\u0437\u043a\u043e\u0448\u0442\u043e\u0432\u043d\u0456 \u043f\u043b\u0430\u043d\u0438 \u0434\u043b\u044f \u0437\u0430\u0432\u0430\u043d\u0442\u0430\u0436\u0435\u043d\u043d\u044f | Well Fitness","isPartOf":{"@id":"https:\/\/wellfitness.pl\/#website"},"datePublished":"2022-01-13T14:44:29+00:00","dateModified":"2025-08-22T07:59:40+00:00","description":"\u0406\u043d\u0434\u0438\u0432\u0456\u0434\u0443\u0430\u043b\u044c\u043d\u0438\u0439 \u043f\u043b\u0430\u043d \u0442\u0440\u0435\u043d\u0443\u0432\u0430\u043d\u044c \u0437\u0430\u0432\u0430\u043d\u0442\u0430\u0436\u0438\u0442\u0438 \u0431\u0435\u0437\u043a\u043e\u0448\u0442\u043e\u0432\u043d\u043e. \u0420\u043e\u0437\u0440\u043e\u0431\u043b\u0435\u043d\u0438\u0439 \u0442\u0440\u0435\u043d\u0435\u0440\u043e\u043c Well Fitness - \u0432\u0456\u0434\u043f\u043e\u0432\u0456\u0434\u043d\u043e \u0434\u043e \u0432\u0430\u0448\u0438\u0445 \u043c\u043e\u0436\u043b\u0438\u0432\u043e\u0441\u0442\u0435\u0439 \u0442\u0430 \u0441\u043f\u043e\u0441\u043e\u0431\u0443 \u0436\u0438\u0442\u0442\u044f.","breadcrumb":{"@id":"https:\/\/wellfitness.pl\/plan-treningowy#breadcrumb"},"inLanguage":"uk","potentialAction":[{"@type":"ReadAction","target":["https:\/\/wellfitness.pl\/plan-treningowy"]}]},{"@type":"BreadcrumbList","@id":"https:\/\/wellfitness.pl\/plan-treningowy#breadcrumb","itemListElement":[{"@type":"ListItem","position":1,"name":"Strona g\u0142\u00f3wna","item":"https:\/\/wellfitness.pl\/"},{"@type":"ListItem","position":2,"name":"Plan treningowy"}]},{"@type":"WebSite","@id":"https:\/\/wellfitness.pl\/#website","url":"https:\/\/wellfitness.pl\/","name":"Well Fitness","description":"\u0411\u0443\u0434\u044c\u0442\u0435 \u0437\u0434\u043e\u0440\u043e\u0432\u0456. \u0411\u0443\u0434\u044c \u0443 \u0444\u043e\u0440\u043c\u0456. \u0411\u0443\u0434\u044c \u0441\u043e\u0431\u043e\u044e.","publisher":{"@id":"https:\/\/wellfitness.pl\/#organization"},"potentialAction":[{"@type":"SearchAction","target":{"@type":"EntryPoint","urlTemplate":"https:\/\/wellfitness.pl\/?s={search_term_string}"},"query-input":{"@type":"PropertyValueSpecification","valueRequired":true,"valueName":"search_term_string"}}],"inLanguage":"uk"},{"@type":"Organization","@id":"https:\/\/wellfitness.pl\/#organization","name":"Well Fitness","url":"https:\/\/wellfitness.pl\/","logo":{"@type":"ImageObject","inLanguage":"uk","@id":"https:\/\/wellfitness.pl\/#\/schema\/logo\/image\/","url":"https:\/\/wellfitness.pl\/wp-content\/uploads\/2021\/12\/well-fitness-logo.png","contentUrl":"https:\/\/wellfitness.pl\/wp-content\/uploads\/2021\/12\/well-fitness-logo.png","width":512,"height":512,"caption":"Well Fitness"},"sameAs":["https:\/\/www.facebook.com\/WellFitnessPolska\/","https:\/\/www.instagram.com\/wellfitnesspolska\/"],"contactPoint":{"@type":"ContactPoint","contactType":"customer service","url":"https:\/\/wellfitness.pl\/uk","email":"","telephone":""},"knowsAbout":["fitness","si\u0142ownia","zaj\u0119cia grupowe","wellness"]}]}},"_links":{"self":[{"href":"https:\/\/wellfitness.pl\/uk\/wp-json\/wp\/v2\/pages\/10667","targetHints":{"allow":["GET"]}}],"collection":[{"href":"https:\/\/wellfitness.pl\/uk\/wp-json\/wp\/v2\/pages"}],"about":[{"href":"https:\/\/wellfitness.pl\/uk\/wp-json\/wp\/v2\/types\/page"}],"author":[{"embeddable":true,"href":"https:\/\/wellfitness.pl\/uk\/wp-json\/wp\/v2\/users\/5"}],"replies":[{"embeddable":true,"href":"https:\/\/wellfitness.pl\/uk\/wp-json\/wp\/v2\/comments?post=10667"}],"version-history":[{"count":30,"href":"https:\/\/wellfitness.pl\/uk\/wp-json\/wp\/v2\/pages\/10667\/revisions"}],"predecessor-version":[{"id":12046,"href":"https:\/\/wellfitness.pl\/uk\/wp-json\/wp\/v2\/pages\/10667\/revisions\/12046"}],"wp:attachment":[{"href":"https:\/\/wellfitness.pl\/uk\/wp-json\/wp\/v2\/media?parent=10667"}],"curies":[{"name":"wp","href":"https:\/\/api.w.org\/{rel}","templated":true}]}}