{"id":10498,"date":"2022-09-05T11:11:46","date_gmt":"2022-09-05T09:11:46","guid":{"rendered":"https:\/\/wellfitness.pl\/?page_id=10498"},"modified":"2025-05-06T12:53:22","modified_gmt":"2025-05-06T10:53:22","slug":"rawa-mazowiecka-faq","status":"publish","type":"page","link":"https:\/\/wellfitness.pl\/uk\/rawa-mazowiecka-faq","title":{"rendered":"\u041f\u043e\u0448\u0438\u0440\u0435\u043d\u0456 \u0437\u0430\u043f\u0438\u0442\u0430\u043d\u043d\u044f \u043f\u0440\u043e \u0420\u0430\u0432\u0443 \u041c\u0430\u0437\u043e\u0432\u0435\u0446\u044c\u043a\u0443"},"content":{"rendered":"","protected":false},"excerpt":{"rendered":"","protected":false},"author":13,"featured_media":0,"parent":0,"menu_order":0,"comment_status":"closed","ping_status":"closed","template":"template-flexible.php","meta":{"_acf_changed":false,"inline_featured_image":false,"footnotes":""},"class_list":["post-10498","page","type-page","status-publish","hentry"],"acf":[],"yoast_head":"<!-- This site is optimized with the Yoast SEO plugin v27.4 - https:\/\/yoast.com\/product\/yoast-seo-wordpress\/ -->\n<title>Rawa Mazowiecka FAQ | Well Fitness<\/title>\n<meta name=\"description\" content=\"Si\u0142ownia Well Fitness to miejsce dla Ciebie! Poznaj spo\u0142eczno\u015b\u0107, kt\u00f3ra wspiera si\u0119 w skutecznym osi\u0105ganiu cel\u00f3w treningowych. Do\u0142\u0105cz ju\u017c dzi\u015b!\" \/>\n<meta name=\"robots\" content=\"index, follow, max-snippet:-1, max-image-preview:large, max-video-preview:-1\" \/>\n<link rel=\"canonical\" href=\"https:\/\/wellfitness.pl\/uk\/rawa-mazowiecka-faq\" \/>\n<meta property=\"og:locale\" content=\"uk_UA\" \/>\n<meta property=\"og:type\" content=\"article\" \/>\n<meta property=\"og:title\" content=\"Rawa Mazowiecka FAQ | Well Fitness\" \/>\n<meta property=\"og:description\" content=\"Si\u0142ownia Well Fitness to miejsce dla Ciebie! Poznaj spo\u0142eczno\u015b\u0107, kt\u00f3ra wspiera si\u0119 w skutecznym osi\u0105ganiu cel\u00f3w treningowych. Do\u0142\u0105cz ju\u017c dzi\u015b!\" \/>\n<meta property=\"og:url\" content=\"https:\/\/wellfitness.pl\/uk\/rawa-mazowiecka-faq\" \/>\n<meta property=\"og:site_name\" content=\"Well Fitness\" \/>\n<meta property=\"article:publisher\" content=\"https:\/\/www.facebook.com\/WellFitnessPolska\/\" \/>\n<meta property=\"article:modified_time\" content=\"2025-05-06T10:53:22+00:00\" \/>\n<meta property=\"og:image\" content=\"https:\/\/wellfitness.pl\/wp-content\/uploads\/2021\/12\/well-fitness-logo.png\" \/>\n\t<meta property=\"og:image:width\" content=\"512\" \/>\n\t<meta property=\"og:image:height\" content=\"512\" \/>\n\t<meta property=\"og:image:type\" content=\"image\/png\" \/>\n<meta name=\"twitter:card\" content=\"summary_large_image\" \/>\n<script type=\"application\/ld+json\" class=\"yoast-schema-graph\">{\"@context\":\"https:\\\/\\\/schema.org\",\"@graph\":[{\"@type\":\"WebPage\",\"@id\":\"https:\\\/\\\/wellfitness.pl\\\/rawa-mazowiecka-faq\",\"url\":\"https:\\\/\\\/wellfitness.pl\\\/rawa-mazowiecka-faq\",\"name\":\"Rawa Mazowiecka FAQ | Well Fitness\",\"isPartOf\":{\"@id\":\"https:\\\/\\\/wellfitness.pl\\\/#website\"},\"datePublished\":\"2022-09-05T09:11:46+00:00\",\"dateModified\":\"2025-05-06T10:53:22+00:00\",\"description\":\"Si\u0142ownia Well Fitness to miejsce dla Ciebie! Poznaj spo\u0142eczno\u015b\u0107, kt\u00f3ra wspiera si\u0119 w skutecznym osi\u0105ganiu cel\u00f3w treningowych. Do\u0142\u0105cz ju\u017c dzi\u015b!\",\"breadcrumb\":{\"@id\":\"https:\\\/\\\/wellfitness.pl\\\/rawa-mazowiecka-faq#breadcrumb\"},\"inLanguage\":\"uk\",\"potentialAction\":[{\"@type\":\"ReadAction\",\"target\":[\"https:\\\/\\\/wellfitness.pl\\\/rawa-mazowiecka-faq\"]}]},{\"@type\":\"BreadcrumbList\",\"@id\":\"https:\\\/\\\/wellfitness.pl\\\/rawa-mazowiecka-faq#breadcrumb\",\"itemListElement\":[{\"@type\":\"ListItem\",\"position\":1,\"name\":\"Strona g\u0142\u00f3wna\",\"item\":\"https:\\\/\\\/wellfitness.pl\\\/\"},{\"@type\":\"ListItem\",\"position\":2,\"name\":\"Rawa Mazowiecka FAQ\"}]},{\"@type\":\"WebSite\",\"@id\":\"https:\\\/\\\/wellfitness.pl\\\/#website\",\"url\":\"https:\\\/\\\/wellfitness.pl\\\/\",\"name\":\"Well Fitness\",\"description\":\"Be well. Be fit. Be yourself.\",\"publisher\":{\"@id\":\"https:\\\/\\\/wellfitness.pl\\\/#organization\"},\"potentialAction\":[{\"@type\":\"SearchAction\",\"target\":{\"@type\":\"EntryPoint\",\"urlTemplate\":\"https:\\\/\\\/wellfitness.pl\\\/?s={search_term_string}\"},\"query-input\":{\"@type\":\"PropertyValueSpecification\",\"valueRequired\":true,\"valueName\":\"search_term_string\"}}],\"inLanguage\":\"uk\"},{\"@type\":\"Organization\",\"@id\":\"https:\\\/\\\/wellfitness.pl\\\/#organization\",\"name\":\"Well Fitness\",\"url\":\"https:\\\/\\\/wellfitness.pl\\\/\",\"logo\":{\"@type\":\"ImageObject\",\"inLanguage\":\"uk\",\"@id\":\"https:\\\/\\\/wellfitness.pl\\\/#\\\/schema\\\/logo\\\/image\\\/\",\"url\":\"https:\\\/\\\/wellfitness.pl\\\/wp-content\\\/uploads\\\/2021\\\/12\\\/well-fitness-logo.png\",\"contentUrl\":\"https:\\\/\\\/wellfitness.pl\\\/wp-content\\\/uploads\\\/2021\\\/12\\\/well-fitness-logo.png\",\"width\":512,\"height\":512,\"caption\":\"Well Fitness\"},\"sameAs\":[\"https:\\\/\\\/www.facebook.com\\\/WellFitnessPolska\\\/\",\"https:\\\/\\\/www.instagram.com\\\/wellfitnesspolska\\\/\"],\"contactPoint\":{\"@type\":\"ContactPoint\",\"contactType\":\"customer service\",\"url\":\"https:\\\/\\\/wellfitness.pl\\\/uk\",\"email\":\"\",\"telephone\":\"\"},\"knowsAbout\":[\"fitness\",\"si\u0142ownia\",\"zaj\u0119cia grupowe\",\"wellness\"]}]}<\/script>\n<!-- \/ Yoast SEO plugin. -->","yoast_head_json":{"title":"Rawa Mazowiecka FAQ | Well Fitness","description":"Well Fitness Gym - \u0446\u0435 \u043c\u0456\u0441\u0446\u0435 \u0434\u043b\u044f \u0432\u0430\u0441! \u041f\u043e\u0437\u043d\u0430\u0439\u043e\u043c\u0442\u0435\u0441\u044f \u0437\u0456 \u0441\u043f\u0456\u043b\u044c\u043d\u043e\u0442\u043e\u044e, \u044f\u043a\u0430 \u043f\u0456\u0434\u0442\u0440\u0438\u043c\u0443\u0454 \u043e\u0434\u0438\u043d \u043e\u0434\u043d\u043e\u0433\u043e \u0432 \u0443\u0441\u043f\u0456\u0448\u043d\u043e\u043c\u0443 \u0434\u043e\u0441\u044f\u0433\u043d\u0435\u043d\u043d\u0456 \u0432\u0430\u0448\u0438\u0445 \u0442\u0440\u0435\u043d\u0443\u0432\u0430\u043b\u044c\u043d\u0438\u0445 \u0446\u0456\u043b\u0435\u0439. \u041f\u0440\u0438\u0454\u0434\u043d\u0443\u0439\u0442\u0435\u0441\u044c \u0432\u0436\u0435 \u0441\u044c\u043e\u0433\u043e\u0434\u043d\u0456!","robots":{"index":"index","follow":"follow","max-snippet":"max-snippet:-1","max-image-preview":"max-image-preview:large","max-video-preview":"max-video-preview:-1"},"canonical":"https:\/\/wellfitness.pl\/uk\/rawa-mazowiecka-faq","og_locale":"uk_UA","og_type":"article","og_title":"Rawa Mazowiecka FAQ | Well Fitness","og_description":"Si\u0142ownia Well Fitness to miejsce dla Ciebie! Poznaj spo\u0142eczno\u015b\u0107, kt\u00f3ra wspiera si\u0119 w skutecznym osi\u0105ganiu cel\u00f3w treningowych. Do\u0142\u0105cz ju\u017c dzi\u015b!","og_url":"https:\/\/wellfitness.pl\/uk\/rawa-mazowiecka-faq","og_site_name":"Well Fitness","article_publisher":"https:\/\/www.facebook.com\/WellFitnessPolska\/","article_modified_time":"2025-05-06T10:53:22+00:00","og_image":[{"width":512,"height":512,"url":"https:\/\/wellfitness.pl\/wp-content\/uploads\/2021\/12\/well-fitness-logo.png","type":"image\/png"}],"twitter_card":"summary_large_image","schema":{"@context":"https:\/\/schema.org","@graph":[{"@type":"WebPage","@id":"https:\/\/wellfitness.pl\/rawa-mazowiecka-faq","url":"https:\/\/wellfitness.pl\/rawa-mazowiecka-faq","name":"Rawa Mazowiecka FAQ | Well Fitness","isPartOf":{"@id":"https:\/\/wellfitness.pl\/#website"},"datePublished":"2022-09-05T09:11:46+00:00","dateModified":"2025-05-06T10:53:22+00:00","description":"Well Fitness Gym - \u0446\u0435 \u043c\u0456\u0441\u0446\u0435 \u0434\u043b\u044f \u0432\u0430\u0441! \u041f\u043e\u0437\u043d\u0430\u0439\u043e\u043c\u0442\u0435\u0441\u044f \u0437\u0456 \u0441\u043f\u0456\u043b\u044c\u043d\u043e\u0442\u043e\u044e, \u044f\u043a\u0430 \u043f\u0456\u0434\u0442\u0440\u0438\u043c\u0443\u0454 \u043e\u0434\u0438\u043d \u043e\u0434\u043d\u043e\u0433\u043e \u0432 \u0443\u0441\u043f\u0456\u0448\u043d\u043e\u043c\u0443 \u0434\u043e\u0441\u044f\u0433\u043d\u0435\u043d\u043d\u0456 \u0432\u0430\u0448\u0438\u0445 \u0442\u0440\u0435\u043d\u0443\u0432\u0430\u043b\u044c\u043d\u0438\u0445 \u0446\u0456\u043b\u0435\u0439. \u041f\u0440\u0438\u0454\u0434\u043d\u0443\u0439\u0442\u0435\u0441\u044c \u0432\u0436\u0435 \u0441\u044c\u043e\u0433\u043e\u0434\u043d\u0456!","breadcrumb":{"@id":"https:\/\/wellfitness.pl\/rawa-mazowiecka-faq#breadcrumb"},"inLanguage":"uk","potentialAction":[{"@type":"ReadAction","target":["https:\/\/wellfitness.pl\/rawa-mazowiecka-faq"]}]},{"@type":"BreadcrumbList","@id":"https:\/\/wellfitness.pl\/rawa-mazowiecka-faq#breadcrumb","itemListElement":[{"@type":"ListItem","position":1,"name":"Strona g\u0142\u00f3wna","item":"https:\/\/wellfitness.pl\/"},{"@type":"ListItem","position":2,"name":"Rawa Mazowiecka FAQ"}]},{"@type":"WebSite","@id":"https:\/\/wellfitness.pl\/#website","url":"https:\/\/wellfitness.pl\/","name":"Well Fitness","description":"\u0411\u0443\u0434\u044c\u0442\u0435 \u0437\u0434\u043e\u0440\u043e\u0432\u0456. \u0411\u0443\u0434\u044c \u0443 \u0444\u043e\u0440\u043c\u0456. \u0411\u0443\u0434\u044c \u0441\u043e\u0431\u043e\u044e.","publisher":{"@id":"https:\/\/wellfitness.pl\/#organization"},"potentialAction":[{"@type":"SearchAction","target":{"@type":"EntryPoint","urlTemplate":"https:\/\/wellfitness.pl\/?s={search_term_string}"},"query-input":{"@type":"PropertyValueSpecification","valueRequired":true,"valueName":"search_term_string"}}],"inLanguage":"uk"},{"@type":"Organization","@id":"https:\/\/wellfitness.pl\/#organization","name":"Well Fitness","url":"https:\/\/wellfitness.pl\/","logo":{"@type":"ImageObject","inLanguage":"uk","@id":"https:\/\/wellfitness.pl\/#\/schema\/logo\/image\/","url":"https:\/\/wellfitness.pl\/wp-content\/uploads\/2021\/12\/well-fitness-logo.png","contentUrl":"https:\/\/wellfitness.pl\/wp-content\/uploads\/2021\/12\/well-fitness-logo.png","width":512,"height":512,"caption":"Well Fitness"},"sameAs":["https:\/\/www.facebook.com\/WellFitnessPolska\/","https:\/\/www.instagram.com\/wellfitnesspolska\/"],"contactPoint":{"@type":"ContactPoint","contactType":"customer service","url":"https:\/\/wellfitness.pl\/uk","email":"","telephone":""},"knowsAbout":["fitness","si\u0142ownia","zaj\u0119cia grupowe","wellness"]}]}},"_links":{"self":[{"href":"https:\/\/wellfitness.pl\/uk\/wp-json\/wp\/v2\/pages\/10498","targetHints":{"allow":["GET"]}}],"collection":[{"href":"https:\/\/wellfitness.pl\/uk\/wp-json\/wp\/v2\/pages"}],"about":[{"href":"https:\/\/wellfitness.pl\/uk\/wp-json\/wp\/v2\/types\/page"}],"author":[{"embeddable":true,"href":"https:\/\/wellfitness.pl\/uk\/wp-json\/wp\/v2\/users\/13"}],"replies":[{"embeddable":true,"href":"https:\/\/wellfitness.pl\/uk\/wp-json\/wp\/v2\/comments?post=10498"}],"version-history":[{"count":2,"href":"https:\/\/wellfitness.pl\/uk\/wp-json\/wp\/v2\/pages\/10498\/revisions"}],"predecessor-version":[{"id":10500,"href":"https:\/\/wellfitness.pl\/uk\/wp-json\/wp\/v2\/pages\/10498\/revisions\/10500"}],"wp:attachment":[{"href":"https:\/\/wellfitness.pl\/uk\/wp-json\/wp\/v2\/media?parent=10498"}],"curies":[{"name":"wp","href":"https:\/\/api.w.org\/{rel}","templated":true}]}}