{"id":9780,"date":"2025-03-05T11:30:27","date_gmt":"2025-03-05T10:30:27","guid":{"rendered":"https:\/\/wellfitness.pl\/?page_id=9780"},"modified":"2025-08-25T14:40:09","modified_gmt":"2025-08-25T12:40:09","slug":"first-visit-to-well-fitness","status":"publish","type":"page","link":"https:\/\/wellfitness.pl\/en\/pierwsza-wizyta-well-fitness","title":{"rendered":"First visit"},"content":{"rendered":"","protected":false},"excerpt":{"rendered":"","protected":false},"author":32,"featured_media":9507,"parent":0,"menu_order":0,"comment_status":"closed","ping_status":"closed","template":"template-flexible.php","meta":{"_acf_changed":false,"inline_featured_image":false,"footnotes":""},"class_list":["post-9780","page","type-page","status-publish","has-post-thumbnail","hentry"],"acf":[],"yoast_head":"<!-- This site is optimized with the Yoast SEO plugin v27.4 - https:\/\/yoast.com\/product\/yoast-seo-wordpress\/ -->\n<title>Pierwsza wizyta | Well Fitness<\/title>\n<meta name=\"description\" content=\"Sprawd\u017a, jak zapisa\u0107 si\u0119 na zaj\u0119cia i skorzysta\u0107 z treningu personalnego. Poradnik dla pocz\u0105tkuj\u0105cych klubowicz\u00f3w Well Fitness.\" \/>\n<meta name=\"robots\" content=\"index, follow, max-snippet:-1, max-image-preview:large, max-video-preview:-1\" \/>\n<link rel=\"canonical\" href=\"https:\/\/wellfitness.pl\/en\/first-visit-to-well-fitness\" \/>\n<meta property=\"og:locale\" content=\"en_GB\" \/>\n<meta property=\"og:type\" content=\"article\" \/>\n<meta property=\"og:title\" content=\"Pierwsza wizyta | Well Fitness\" \/>\n<meta property=\"og:description\" content=\"Sprawd\u017a, jak zapisa\u0107 si\u0119 na zaj\u0119cia i skorzysta\u0107 z treningu personalnego. Poradnik dla pocz\u0105tkuj\u0105cych klubowicz\u00f3w Well Fitness.\" \/>\n<meta property=\"og:url\" content=\"https:\/\/wellfitness.pl\/en\/first-visit-to-well-fitness\" \/>\n<meta property=\"og:site_name\" content=\"Well Fitness\" \/>\n<meta property=\"article:publisher\" content=\"https:\/\/www.facebook.com\/WellFitnessPolska\/\" \/>\n<meta property=\"article:modified_time\" content=\"2025-08-25T12:40:09+00:00\" \/>\n<meta property=\"og:image\" content=\"https:\/\/wellfitness.pl\/wp-content\/uploads\/2025\/02\/TIGERS_WF_Sesja_brandingowa_2024_2-scaled-e1739284104308.jpg\" \/>\n\t<meta property=\"og:image:width\" content=\"2556\" \/>\n\t<meta property=\"og:image:height\" content=\"1200\" \/>\n\t<meta property=\"og:image:type\" content=\"image\/jpeg\" \/>\n<meta name=\"twitter:card\" content=\"summary_large_image\" \/>\n<meta name=\"twitter:label1\" content=\"Estimated reading time\" \/>\n\t<meta name=\"twitter:data1\" content=\"1 minute\" \/>\n<script type=\"application\/ld+json\" class=\"yoast-schema-graph\">{\"@context\":\"https:\\\/\\\/schema.org\",\"@graph\":[{\"@type\":\"WebPage\",\"@id\":\"https:\\\/\\\/wellfitness.pl\\\/pierwsza-wizyta-well-fitness\",\"url\":\"https:\\\/\\\/wellfitness.pl\\\/pierwsza-wizyta-well-fitness\",\"name\":\"Pierwsza wizyta | Well Fitness\",\"isPartOf\":{\"@id\":\"https:\\\/\\\/wellfitness.pl\\\/#website\"},\"primaryImageOfPage\":{\"@id\":\"https:\\\/\\\/wellfitness.pl\\\/pierwsza-wizyta-well-fitness#primaryimage\"},\"thumbnailUrl\":\"https:\\\/\\\/wellfitness.pl\\\/wp-content\\\/uploads\\\/2025\\\/02\\\/TIGERS_WF_Sesja_brandingowa_2024_2-scaled-e1739284104308.jpg\",\"datePublished\":\"2025-03-05T10:30:27+00:00\",\"dateModified\":\"2025-08-25T12:40:09+00:00\",\"description\":\"Sprawd\u017a, jak zapisa\u0107 si\u0119 na zaj\u0119cia i skorzysta\u0107 z treningu personalnego. Poradnik dla pocz\u0105tkuj\u0105cych klubowicz\u00f3w Well Fitness.\",\"breadcrumb\":{\"@id\":\"https:\\\/\\\/wellfitness.pl\\\/pierwsza-wizyta-well-fitness#breadcrumb\"},\"inLanguage\":\"en-GB\",\"potentialAction\":[{\"@type\":\"ReadAction\",\"target\":[\"https:\\\/\\\/wellfitness.pl\\\/pierwsza-wizyta-well-fitness\"]}]},{\"@type\":\"ImageObject\",\"inLanguage\":\"en-GB\",\"@id\":\"https:\\\/\\\/wellfitness.pl\\\/pierwsza-wizyta-well-fitness#primaryimage\",\"url\":\"https:\\\/\\\/wellfitness.pl\\\/wp-content\\\/uploads\\\/2025\\\/02\\\/TIGERS_WF_Sesja_brandingowa_2024_2-scaled-e1739284104308.jpg\",\"contentUrl\":\"https:\\\/\\\/wellfitness.pl\\\/wp-content\\\/uploads\\\/2025\\\/02\\\/TIGERS_WF_Sesja_brandingowa_2024_2-scaled-e1739284104308.jpg\",\"width\":2556,\"height\":1200,\"caption\":\"SLOVENIA 06\\\/2021\"},{\"@type\":\"BreadcrumbList\",\"@id\":\"https:\\\/\\\/wellfitness.pl\\\/pierwsza-wizyta-well-fitness#breadcrumb\",\"itemListElement\":[{\"@type\":\"ListItem\",\"position\":1,\"name\":\"Strona g\u0142\u00f3wna\",\"item\":\"https:\\\/\\\/wellfitness.pl\\\/\"},{\"@type\":\"ListItem\",\"position\":2,\"name\":\"Pierwsza wizyta\"}]},{\"@type\":\"WebSite\",\"@id\":\"https:\\\/\\\/wellfitness.pl\\\/#website\",\"url\":\"https:\\\/\\\/wellfitness.pl\\\/\",\"name\":\"Well Fitness\",\"description\":\"Be well. Be fit. Be yourself.\",\"publisher\":{\"@id\":\"https:\\\/\\\/wellfitness.pl\\\/#organization\"},\"potentialAction\":[{\"@type\":\"SearchAction\",\"target\":{\"@type\":\"EntryPoint\",\"urlTemplate\":\"https:\\\/\\\/wellfitness.pl\\\/?s={search_term_string}\"},\"query-input\":{\"@type\":\"PropertyValueSpecification\",\"valueRequired\":true,\"valueName\":\"search_term_string\"}}],\"inLanguage\":\"en-GB\"},{\"@type\":\"Organization\",\"@id\":\"https:\\\/\\\/wellfitness.pl\\\/#organization\",\"name\":\"Well Fitness\",\"url\":\"https:\\\/\\\/wellfitness.pl\\\/\",\"logo\":{\"@type\":\"ImageObject\",\"inLanguage\":\"en-GB\",\"@id\":\"https:\\\/\\\/wellfitness.pl\\\/#\\\/schema\\\/logo\\\/image\\\/\",\"url\":\"https:\\\/\\\/wellfitness.pl\\\/wp-content\\\/uploads\\\/2021\\\/12\\\/well-fitness-logo.png\",\"contentUrl\":\"https:\\\/\\\/wellfitness.pl\\\/wp-content\\\/uploads\\\/2021\\\/12\\\/well-fitness-logo.png\",\"width\":512,\"height\":512,\"caption\":\"Well Fitness\"},\"sameAs\":[\"https:\\\/\\\/www.facebook.com\\\/WellFitnessPolska\\\/\",\"https:\\\/\\\/www.instagram.com\\\/wellfitnesspolska\\\/\"],\"contactPoint\":{\"@type\":\"ContactPoint\",\"contactType\":\"customer service\",\"url\":\"https:\\\/\\\/wellfitness.pl\\\/en\",\"email\":\"\",\"telephone\":\"\"},\"knowsAbout\":[\"fitness\",\"si\u0142ownia\",\"zaj\u0119cia grupowe\",\"wellness\"]}]}<\/script>\n<!-- \/ Yoast SEO plugin. -->","yoast_head_json":{"title":"First visit | Well Fitness","description":"Find out how to sign up for classes and benefit from personal training. A beginner's guide for Well Fitness clubbers.","robots":{"index":"index","follow":"follow","max-snippet":"max-snippet:-1","max-image-preview":"max-image-preview:large","max-video-preview":"max-video-preview:-1"},"canonical":"https:\/\/wellfitness.pl\/en\/first-visit-to-well-fitness","og_locale":"en_GB","og_type":"article","og_title":"Pierwsza wizyta | Well Fitness","og_description":"Sprawd\u017a, jak zapisa\u0107 si\u0119 na zaj\u0119cia i skorzysta\u0107 z treningu personalnego. Poradnik dla pocz\u0105tkuj\u0105cych klubowicz\u00f3w Well Fitness.","og_url":"https:\/\/wellfitness.pl\/en\/first-visit-to-well-fitness","og_site_name":"Well Fitness","article_publisher":"https:\/\/www.facebook.com\/WellFitnessPolska\/","article_modified_time":"2025-08-25T12:40:09+00:00","og_image":[{"width":2556,"height":1200,"url":"https:\/\/wellfitness.pl\/wp-content\/uploads\/2025\/02\/TIGERS_WF_Sesja_brandingowa_2024_2-scaled-e1739284104308.jpg","type":"image\/jpeg"}],"twitter_card":"summary_large_image","twitter_misc":{"Estimated reading time":"1 minute"},"schema":{"@context":"https:\/\/schema.org","@graph":[{"@type":"WebPage","@id":"https:\/\/wellfitness.pl\/pierwsza-wizyta-well-fitness","url":"https:\/\/wellfitness.pl\/pierwsza-wizyta-well-fitness","name":"First visit | Well Fitness","isPartOf":{"@id":"https:\/\/wellfitness.pl\/#website"},"primaryImageOfPage":{"@id":"https:\/\/wellfitness.pl\/pierwsza-wizyta-well-fitness#primaryimage"},"thumbnailUrl":"https:\/\/wellfitness.pl\/wp-content\/uploads\/2025\/02\/TIGERS_WF_Sesja_brandingowa_2024_2-scaled-e1739284104308.jpg","datePublished":"2025-03-05T10:30:27+00:00","dateModified":"2025-08-25T12:40:09+00:00","description":"Find out how to sign up for classes and benefit from personal training. A beginner's guide for Well Fitness clubbers.","breadcrumb":{"@id":"https:\/\/wellfitness.pl\/pierwsza-wizyta-well-fitness#breadcrumb"},"inLanguage":"en-GB","potentialAction":[{"@type":"ReadAction","target":["https:\/\/wellfitness.pl\/pierwsza-wizyta-well-fitness"]}]},{"@type":"ImageObject","inLanguage":"en-GB","@id":"https:\/\/wellfitness.pl\/pierwsza-wizyta-well-fitness#primaryimage","url":"https:\/\/wellfitness.pl\/wp-content\/uploads\/2025\/02\/TIGERS_WF_Sesja_brandingowa_2024_2-scaled-e1739284104308.jpg","contentUrl":"https:\/\/wellfitness.pl\/wp-content\/uploads\/2025\/02\/TIGERS_WF_Sesja_brandingowa_2024_2-scaled-e1739284104308.jpg","width":2556,"height":1200,"caption":"SLOVENIA 06\/2021"},{"@type":"BreadcrumbList","@id":"https:\/\/wellfitness.pl\/pierwsza-wizyta-well-fitness#breadcrumb","itemListElement":[{"@type":"ListItem","position":1,"name":"Strona g\u0142\u00f3wna","item":"https:\/\/wellfitness.pl\/"},{"@type":"ListItem","position":2,"name":"Pierwsza wizyta"}]},{"@type":"WebSite","@id":"https:\/\/wellfitness.pl\/#website","url":"https:\/\/wellfitness.pl\/","name":"Well Fitness","description":"Be well. Be fit. Be yourself.","publisher":{"@id":"https:\/\/wellfitness.pl\/#organization"},"potentialAction":[{"@type":"SearchAction","target":{"@type":"EntryPoint","urlTemplate":"https:\/\/wellfitness.pl\/?s={search_term_string}"},"query-input":{"@type":"PropertyValueSpecification","valueRequired":true,"valueName":"search_term_string"}}],"inLanguage":"en-GB"},{"@type":"Organization","@id":"https:\/\/wellfitness.pl\/#organization","name":"Well Fitness","url":"https:\/\/wellfitness.pl\/","logo":{"@type":"ImageObject","inLanguage":"en-GB","@id":"https:\/\/wellfitness.pl\/#\/schema\/logo\/image\/","url":"https:\/\/wellfitness.pl\/wp-content\/uploads\/2021\/12\/well-fitness-logo.png","contentUrl":"https:\/\/wellfitness.pl\/wp-content\/uploads\/2021\/12\/well-fitness-logo.png","width":512,"height":512,"caption":"Well Fitness"},"sameAs":["https:\/\/www.facebook.com\/WellFitnessPolska\/","https:\/\/www.instagram.com\/wellfitnesspolska\/"],"contactPoint":{"@type":"ContactPoint","contactType":"customer service","url":"https:\/\/wellfitness.pl\/en","email":"","telephone":""},"knowsAbout":["fitness","si\u0142ownia","zaj\u0119cia grupowe","wellness"]}]}},"_links":{"self":[{"href":"https:\/\/wellfitness.pl\/en\/wp-json\/wp\/v2\/pages\/9780","targetHints":{"allow":["GET"]}}],"collection":[{"href":"https:\/\/wellfitness.pl\/en\/wp-json\/wp\/v2\/pages"}],"about":[{"href":"https:\/\/wellfitness.pl\/en\/wp-json\/wp\/v2\/types\/page"}],"author":[{"embeddable":true,"href":"https:\/\/wellfitness.pl\/en\/wp-json\/wp\/v2\/users\/32"}],"replies":[{"embeddable":true,"href":"https:\/\/wellfitness.pl\/en\/wp-json\/wp\/v2\/comments?post=9780"}],"version-history":[{"count":138,"href":"https:\/\/wellfitness.pl\/en\/wp-json\/wp\/v2\/pages\/9780\/revisions"}],"predecessor-version":[{"id":12072,"href":"https:\/\/wellfitness.pl\/en\/wp-json\/wp\/v2\/pages\/9780\/revisions\/12072"}],"wp:featuredmedia":[{"embeddable":true,"href":"https:\/\/wellfitness.pl\/en\/wp-json\/wp\/v2\/media\/9507"}],"wp:attachment":[{"href":"https:\/\/wellfitness.pl\/en\/wp-json\/wp\/v2\/media?parent=9780"}],"curies":[{"name":"wp","href":"https:\/\/api.w.org\/{rel}","templated":true}]}}