{"id":6517,"date":"2022-04-29T12:43:16","date_gmt":"2022-04-29T10:43:16","guid":{"rendered":"https:\/\/wellfitness.pl\/kampania-majowa-2"},"modified":"2026-02-27T12:45:29","modified_gmt":"2026-02-27T11:45:29","slug":"about-us","status":"publish","type":"page","link":"https:\/\/wellfitness.pl\/en\/o-nas","title":{"rendered":"About us"},"content":{"rendered":"","protected":false},"excerpt":{"rendered":"","protected":false},"author":5,"featured_media":1379,"parent":0,"menu_order":0,"comment_status":"closed","ping_status":"closed","template":"template-flexible.php","meta":{"_acf_changed":false,"inline_featured_image":false,"footnotes":""},"class_list":["post-6517","page","type-page","status-publish","has-post-thumbnail","hentry"],"acf":[],"yoast_head":"<!-- This site is optimized with the Yoast SEO plugin v27.4 - https:\/\/yoast.com\/product\/yoast-seo-wordpress\/ -->\n<title>O nas | Nasza Misja, Zesp\u00f3\u0142 i Atmosfera | Well Fitness<\/title>\n<meta name=\"description\" content=\"Dowiedz si\u0119, dlaczego Well Fitness to wi\u0119cej ni\u017c si\u0142ownia. Poznaj nasz\u0105 histori\u0119, pasj\u0119 do zdrowego stylu \u017cycia i dowiedz si\u0119, co tworzy nasz\u0105 rodzinn\u0105 atmosfer\u0119.\" \/>\n<meta name=\"robots\" content=\"index, follow, max-snippet:-1, max-image-preview:large, max-video-preview:-1\" \/>\n<link rel=\"canonical\" href=\"https:\/\/wellfitness.pl\/en\/about-us\" \/>\n<meta property=\"og:locale\" content=\"en_GB\" \/>\n<meta property=\"og:type\" content=\"article\" \/>\n<meta property=\"og:title\" content=\"O nas | Nasza Misja, Zesp\u00f3\u0142 i Atmosfera | Well Fitness\" \/>\n<meta property=\"og:description\" content=\"Dowiedz si\u0119, dlaczego Well Fitness to wi\u0119cej ni\u017c si\u0142ownia. Poznaj nasz\u0105 histori\u0119, pasj\u0119 do zdrowego stylu \u017cycia i dowiedz si\u0119, co tworzy nasz\u0105 rodzinn\u0105 atmosfer\u0119.\" \/>\n<meta property=\"og:url\" content=\"https:\/\/wellfitness.pl\/en\/about-us\" \/>\n<meta property=\"og:site_name\" content=\"Well Fitness\" \/>\n<meta property=\"article:publisher\" content=\"https:\/\/www.facebook.com\/WellFitnessPolska\/\" \/>\n<meta property=\"article:modified_time\" content=\"2026-02-27T11:45:29+00:00\" \/>\n<meta property=\"og:image\" content=\"https:\/\/wellfitness.pl\/wp-content\/uploads\/2021\/12\/cropped-well-fitness-logo-wf.png\" \/>\n\t<meta property=\"og:image:width\" content=\"512\" \/>\n\t<meta property=\"og:image:height\" content=\"512\" \/>\n\t<meta property=\"og:image:type\" content=\"image\/png\" \/>\n<meta name=\"twitter:card\" content=\"summary_large_image\" \/>\n<meta name=\"twitter:label1\" content=\"Estimated reading time\" \/>\n\t<meta name=\"twitter:data1\" content=\"1 minute\" \/>\n<script type=\"application\/ld+json\" class=\"yoast-schema-graph\">{\"@context\":\"https:\\\/\\\/schema.org\",\"@graph\":[{\"@type\":\"WebPage\",\"@id\":\"https:\\\/\\\/wellfitness.pl\\\/o-nas\",\"url\":\"https:\\\/\\\/wellfitness.pl\\\/o-nas\",\"name\":\"O nas | Nasza Misja, Zesp\u00f3\u0142 i Atmosfera | Well Fitness\",\"isPartOf\":{\"@id\":\"https:\\\/\\\/wellfitness.pl\\\/#website\"},\"primaryImageOfPage\":{\"@id\":\"https:\\\/\\\/wellfitness.pl\\\/o-nas#primaryimage\"},\"thumbnailUrl\":\"https:\\\/\\\/wellfitness.pl\\\/wp-content\\\/uploads\\\/2021\\\/12\\\/cropped-well-fitness-logo-wf.png\",\"datePublished\":\"2022-04-29T10:43:16+00:00\",\"dateModified\":\"2026-02-27T11:45:29+00:00\",\"description\":\"Dowiedz si\u0119, dlaczego Well Fitness to wi\u0119cej ni\u017c si\u0142ownia. Poznaj nasz\u0105 histori\u0119, pasj\u0119 do zdrowego stylu \u017cycia i dowiedz si\u0119, co tworzy nasz\u0105 rodzinn\u0105 atmosfer\u0119.\",\"breadcrumb\":{\"@id\":\"https:\\\/\\\/wellfitness.pl\\\/o-nas#breadcrumb\"},\"inLanguage\":\"en-GB\",\"potentialAction\":[{\"@type\":\"ReadAction\",\"target\":[\"https:\\\/\\\/wellfitness.pl\\\/o-nas\"]}]},{\"@type\":\"ImageObject\",\"inLanguage\":\"en-GB\",\"@id\":\"https:\\\/\\\/wellfitness.pl\\\/o-nas#primaryimage\",\"url\":\"https:\\\/\\\/wellfitness.pl\\\/wp-content\\\/uploads\\\/2021\\\/12\\\/cropped-well-fitness-logo-wf.png\",\"contentUrl\":\"https:\\\/\\\/wellfitness.pl\\\/wp-content\\\/uploads\\\/2021\\\/12\\\/cropped-well-fitness-logo-wf.png\",\"width\":512,\"height\":512,\"caption\":\"logo well fitness\"},{\"@type\":\"BreadcrumbList\",\"@id\":\"https:\\\/\\\/wellfitness.pl\\\/o-nas#breadcrumb\",\"itemListElement\":[{\"@type\":\"ListItem\",\"position\":1,\"name\":\"Strona g\u0142\u00f3wna\",\"item\":\"https:\\\/\\\/wellfitness.pl\\\/\"},{\"@type\":\"ListItem\",\"position\":2,\"name\":\"O nas\"}]},{\"@type\":\"WebSite\",\"@id\":\"https:\\\/\\\/wellfitness.pl\\\/#website\",\"url\":\"https:\\\/\\\/wellfitness.pl\\\/\",\"name\":\"Well Fitness\",\"description\":\"Be well. Be fit. Be yourself.\",\"publisher\":{\"@id\":\"https:\\\/\\\/wellfitness.pl\\\/#organization\"},\"potentialAction\":[{\"@type\":\"SearchAction\",\"target\":{\"@type\":\"EntryPoint\",\"urlTemplate\":\"https:\\\/\\\/wellfitness.pl\\\/?s={search_term_string}\"},\"query-input\":{\"@type\":\"PropertyValueSpecification\",\"valueRequired\":true,\"valueName\":\"search_term_string\"}}],\"inLanguage\":\"en-GB\"},{\"@type\":\"Organization\",\"@id\":\"https:\\\/\\\/wellfitness.pl\\\/#organization\",\"name\":\"Well Fitness\",\"url\":\"https:\\\/\\\/wellfitness.pl\\\/\",\"logo\":{\"@type\":\"ImageObject\",\"inLanguage\":\"en-GB\",\"@id\":\"https:\\\/\\\/wellfitness.pl\\\/#\\\/schema\\\/logo\\\/image\\\/\",\"url\":\"https:\\\/\\\/wellfitness.pl\\\/wp-content\\\/uploads\\\/2021\\\/12\\\/well-fitness-logo.png\",\"contentUrl\":\"https:\\\/\\\/wellfitness.pl\\\/wp-content\\\/uploads\\\/2021\\\/12\\\/well-fitness-logo.png\",\"width\":512,\"height\":512,\"caption\":\"Well Fitness\"},\"sameAs\":[\"https:\\\/\\\/www.facebook.com\\\/WellFitnessPolska\\\/\",\"https:\\\/\\\/www.instagram.com\\\/wellfitnesspolska\\\/\"],\"contactPoint\":{\"@type\":\"ContactPoint\",\"contactType\":\"customer service\",\"url\":\"https:\\\/\\\/wellfitness.pl\\\/en\",\"email\":\"\",\"telephone\":\"\"},\"knowsAbout\":[\"fitness\",\"si\u0142ownia\",\"zaj\u0119cia grupowe\",\"wellness\"]}]}<\/script>\n<!-- \/ Yoast SEO plugin. -->","yoast_head_json":{"title":"About us | Our Mission, Team and Atmosphere | Well Fitness","description":"Find out why Well Fitness is more than a gym. Learn about our history, our passion for healthy living and find out what creates our family atmosphere.","robots":{"index":"index","follow":"follow","max-snippet":"max-snippet:-1","max-image-preview":"max-image-preview:large","max-video-preview":"max-video-preview:-1"},"canonical":"https:\/\/wellfitness.pl\/en\/about-us","og_locale":"en_GB","og_type":"article","og_title":"O nas | Nasza Misja, Zesp\u00f3\u0142 i Atmosfera | Well Fitness","og_description":"Dowiedz si\u0119, dlaczego Well Fitness to wi\u0119cej ni\u017c si\u0142ownia. Poznaj nasz\u0105 histori\u0119, pasj\u0119 do zdrowego stylu \u017cycia i dowiedz si\u0119, co tworzy nasz\u0105 rodzinn\u0105 atmosfer\u0119.","og_url":"https:\/\/wellfitness.pl\/en\/about-us","og_site_name":"Well Fitness","article_publisher":"https:\/\/www.facebook.com\/WellFitnessPolska\/","article_modified_time":"2026-02-27T11:45:29+00:00","og_image":[{"width":512,"height":512,"url":"https:\/\/wellfitness.pl\/wp-content\/uploads\/2021\/12\/cropped-well-fitness-logo-wf.png","type":"image\/png"}],"twitter_card":"summary_large_image","twitter_misc":{"Estimated reading time":"1 minute"},"schema":{"@context":"https:\/\/schema.org","@graph":[{"@type":"WebPage","@id":"https:\/\/wellfitness.pl\/o-nas","url":"https:\/\/wellfitness.pl\/o-nas","name":"About us | Our Mission, Team and Atmosphere | Well Fitness","isPartOf":{"@id":"https:\/\/wellfitness.pl\/#website"},"primaryImageOfPage":{"@id":"https:\/\/wellfitness.pl\/o-nas#primaryimage"},"thumbnailUrl":"https:\/\/wellfitness.pl\/wp-content\/uploads\/2021\/12\/cropped-well-fitness-logo-wf.png","datePublished":"2022-04-29T10:43:16+00:00","dateModified":"2026-02-27T11:45:29+00:00","description":"Find out why Well Fitness is more than a gym. Learn about our history, our passion for healthy living and find out what creates our family atmosphere.","breadcrumb":{"@id":"https:\/\/wellfitness.pl\/o-nas#breadcrumb"},"inLanguage":"en-GB","potentialAction":[{"@type":"ReadAction","target":["https:\/\/wellfitness.pl\/o-nas"]}]},{"@type":"ImageObject","inLanguage":"en-GB","@id":"https:\/\/wellfitness.pl\/o-nas#primaryimage","url":"https:\/\/wellfitness.pl\/wp-content\/uploads\/2021\/12\/cropped-well-fitness-logo-wf.png","contentUrl":"https:\/\/wellfitness.pl\/wp-content\/uploads\/2021\/12\/cropped-well-fitness-logo-wf.png","width":512,"height":512,"caption":"logo well fitness"},{"@type":"BreadcrumbList","@id":"https:\/\/wellfitness.pl\/o-nas#breadcrumb","itemListElement":[{"@type":"ListItem","position":1,"name":"Strona g\u0142\u00f3wna","item":"https:\/\/wellfitness.pl\/"},{"@type":"ListItem","position":2,"name":"O nas"}]},{"@type":"WebSite","@id":"https:\/\/wellfitness.pl\/#website","url":"https:\/\/wellfitness.pl\/","name":"Well Fitness","description":"Be well. Be fit. Be yourself.","publisher":{"@id":"https:\/\/wellfitness.pl\/#organization"},"potentialAction":[{"@type":"SearchAction","target":{"@type":"EntryPoint","urlTemplate":"https:\/\/wellfitness.pl\/?s={search_term_string}"},"query-input":{"@type":"PropertyValueSpecification","valueRequired":true,"valueName":"search_term_string"}}],"inLanguage":"en-GB"},{"@type":"Organization","@id":"https:\/\/wellfitness.pl\/#organization","name":"Well Fitness","url":"https:\/\/wellfitness.pl\/","logo":{"@type":"ImageObject","inLanguage":"en-GB","@id":"https:\/\/wellfitness.pl\/#\/schema\/logo\/image\/","url":"https:\/\/wellfitness.pl\/wp-content\/uploads\/2021\/12\/well-fitness-logo.png","contentUrl":"https:\/\/wellfitness.pl\/wp-content\/uploads\/2021\/12\/well-fitness-logo.png","width":512,"height":512,"caption":"Well Fitness"},"sameAs":["https:\/\/www.facebook.com\/WellFitnessPolska\/","https:\/\/www.instagram.com\/wellfitnesspolska\/"],"contactPoint":{"@type":"ContactPoint","contactType":"customer service","url":"https:\/\/wellfitness.pl\/en","email":"","telephone":""},"knowsAbout":["fitness","si\u0142ownia","zaj\u0119cia grupowe","wellness"]}]}},"_links":{"self":[{"href":"https:\/\/wellfitness.pl\/en\/wp-json\/wp\/v2\/pages\/6517","targetHints":{"allow":["GET"]}}],"collection":[{"href":"https:\/\/wellfitness.pl\/en\/wp-json\/wp\/v2\/pages"}],"about":[{"href":"https:\/\/wellfitness.pl\/en\/wp-json\/wp\/v2\/types\/page"}],"author":[{"embeddable":true,"href":"https:\/\/wellfitness.pl\/en\/wp-json\/wp\/v2\/users\/5"}],"replies":[{"embeddable":true,"href":"https:\/\/wellfitness.pl\/en\/wp-json\/wp\/v2\/comments?post=6517"}],"version-history":[{"count":16,"href":"https:\/\/wellfitness.pl\/en\/wp-json\/wp\/v2\/pages\/6517\/revisions"}],"predecessor-version":[{"id":14148,"href":"https:\/\/wellfitness.pl\/en\/wp-json\/wp\/v2\/pages\/6517\/revisions\/14148"}],"wp:featuredmedia":[{"embeddable":true,"href":"https:\/\/wellfitness.pl\/en\/wp-json\/wp\/v2\/media\/1379"}],"wp:attachment":[{"href":"https:\/\/wellfitness.pl\/en\/wp-json\/wp\/v2\/media?parent=6517"}],"curies":[{"name":"wp","href":"https:\/\/api.w.org\/{rel}","templated":true}]}}