{"id":3490,"date":"2022-09-13T09:22:58","date_gmt":"2022-09-13T07:22:58","guid":{"rendered":"https:\/\/wellfitness.pl\/?page_id=3490"},"modified":"2026-02-23T12:28:37","modified_gmt":"2026-02-23T11:28:37","slug":"wroclaw","status":"publish","type":"page","link":"https:\/\/wellfitness.pl\/en\/trener-personalny\/wroclaw","title":{"rendered":"Personal trainer Wroc\u0142aw"},"content":{"rendered":"<p>If you want to know the details of the offer\u00a0<strong>personal training<\/strong><br \/>\nw\u00a0<strong>Well Fitness<\/strong>, check out what it offers\u00a0<strong>gym in Wroclaw<\/strong>.<img loading=\"lazy\" decoding=\"async\" class=\"alignnone size-medium wp-image-12335\" src=\"https:\/\/wellfitness.pl\/wp-content\/uploads\/2025\/09\/trener-personalny-wroclaw-scaled-e1757939529491-800x481.jpg\" alt=\"Two men during a consultation with a personal trainer at a gym in Wroc\u0142aw - conversation at a table, cardio equipment in the background.\" width=\"300\" height=\"180\" srcset=\"https:\/\/wellfitness.pl\/wp-content\/uploads\/2025\/09\/trener-personalny-wroclaw-scaled-e1757939529491-800x481.jpg 800w, https:\/\/wellfitness.pl\/wp-content\/uploads\/2025\/09\/trener-personalny-wroclaw-scaled-e1757939529491-1400x842.jpg 1400w, https:\/\/wellfitness.pl\/wp-content\/uploads\/2025\/09\/trener-personalny-wroclaw-scaled-e1757939529491-768x462.jpg 768w, https:\/\/wellfitness.pl\/wp-content\/uploads\/2025\/09\/trener-personalny-wroclaw-scaled-e1757939529491-1536x924.jpg 1536w, https:\/\/wellfitness.pl\/wp-content\/uploads\/2025\/09\/trener-personalny-wroclaw-scaled-e1757939529491-2048x1232.jpg 2048w, https:\/\/wellfitness.pl\/wp-content\/uploads\/2025\/09\/trener-personalny-wroclaw-scaled-e1757939529491-18x12.jpg 18w, https:\/\/wellfitness.pl\/wp-content\/uploads\/2025\/09\/trener-personalny-wroclaw-scaled-e1757939529491-350x211.jpg 350w, https:\/\/wellfitness.pl\/wp-content\/uploads\/2025\/09\/trener-personalny-wroclaw-scaled-e1757939529491-1920x1155.jpg 1920w\" sizes=\"auto, (max-width: 300px) 100vw, 300px\" \/><\/p>","protected":false},"excerpt":{"rendered":"<p>If you would like to find out more about the personal training offer at Well Fitness, check out what the gym in Wroc\u0142aw has to offer.<\/p>","protected":false},"author":7,"featured_media":12335,"parent":57,"menu_order":0,"comment_status":"closed","ping_status":"closed","template":"template-flexible.php","meta":{"_acf_changed":false,"inline_featured_image":false,"footnotes":""},"class_list":["post-3490","page","type-page","status-publish","has-post-thumbnail","hentry"],"acf":[],"yoast_head":"<!-- This site is optimized with the Yoast SEO plugin v27.4 - https:\/\/yoast.com\/product\/yoast-seo-wordpress\/ -->\n<title>Trener Personalny Wroc\u0142aw | Well Fitness<\/title>\n<meta name=\"description\" content=\"Trener personalny Wroc\u0142aw? Sprawd\u017a ofert\u0119 Well Fitness. Wybierz klub i um\u00f3w si\u0119 na trening dopasowany do Twoich cel\u00f3w.\" \/>\n<meta name=\"robots\" content=\"index, follow, max-snippet:-1, max-image-preview:large, max-video-preview:-1\" \/>\n<link rel=\"canonical\" href=\"https:\/\/wellfitness.pl\/en\/personal-trainer\/wroclaw\" \/>\n<meta property=\"og:locale\" content=\"en_GB\" \/>\n<meta property=\"og:type\" content=\"article\" \/>\n<meta property=\"og:title\" content=\"Trener Personalny Wroc\u0142aw | Well Fitness\" \/>\n<meta property=\"og:description\" content=\"Trener personalny Wroc\u0142aw? Sprawd\u017a ofert\u0119 Well Fitness. Wybierz klub i um\u00f3w si\u0119 na trening dopasowany do Twoich cel\u00f3w.\" \/>\n<meta property=\"og:url\" content=\"https:\/\/wellfitness.pl\/en\/personal-trainer\/wroclaw\" \/>\n<meta property=\"og:site_name\" content=\"Well Fitness\" \/>\n<meta property=\"article:publisher\" content=\"https:\/\/www.facebook.com\/WellFitnessPolska\/\" \/>\n<meta property=\"article:modified_time\" content=\"2026-02-23T11:28:37+00:00\" \/>\n<meta property=\"og:image\" content=\"https:\/\/wellfitness.pl\/wp-content\/uploads\/2025\/09\/trener-personalny-wroclaw-scaled-e1757939529491.jpg\" \/>\n\t<meta property=\"og:image:width\" content=\"2560\" \/>\n\t<meta property=\"og:image:height\" content=\"1540\" \/>\n\t<meta property=\"og:image:type\" content=\"image\/jpeg\" \/>\n<meta name=\"twitter:card\" content=\"summary_large_image\" \/>\n<meta name=\"twitter:label1\" content=\"Estimated reading time\" \/>\n\t<meta name=\"twitter:data1\" content=\"1 minute\" \/>\n<script type=\"application\/ld+json\" class=\"yoast-schema-graph\">{\"@context\":\"https:\\\/\\\/schema.org\",\"@graph\":[{\"@type\":\"WebPage\",\"@id\":\"https:\\\/\\\/wellfitness.pl\\\/trener-personalny\\\/wroclaw\",\"url\":\"https:\\\/\\\/wellfitness.pl\\\/trener-personalny\\\/wroclaw\",\"name\":\"Trener Personalny Wroc\u0142aw | Well Fitness\",\"isPartOf\":{\"@id\":\"https:\\\/\\\/wellfitness.pl\\\/#website\"},\"primaryImageOfPage\":{\"@id\":\"https:\\\/\\\/wellfitness.pl\\\/trener-personalny\\\/wroclaw#primaryimage\"},\"thumbnailUrl\":\"https:\\\/\\\/wellfitness.pl\\\/wp-content\\\/uploads\\\/2025\\\/09\\\/trener-personalny-wroclaw-scaled-e1757939529491.jpg\",\"datePublished\":\"2022-09-13T07:22:58+00:00\",\"dateModified\":\"2026-02-23T11:28:37+00:00\",\"description\":\"Trener personalny Wroc\u0142aw? Sprawd\u017a ofert\u0119 Well Fitness. Wybierz klub i um\u00f3w si\u0119 na trening dopasowany do Twoich cel\u00f3w.\",\"breadcrumb\":{\"@id\":\"https:\\\/\\\/wellfitness.pl\\\/trener-personalny\\\/wroclaw#breadcrumb\"},\"inLanguage\":\"en-GB\",\"potentialAction\":[{\"@type\":\"ReadAction\",\"target\":[\"https:\\\/\\\/wellfitness.pl\\\/trener-personalny\\\/wroclaw\"]}]},{\"@type\":\"ImageObject\",\"inLanguage\":\"en-GB\",\"@id\":\"https:\\\/\\\/wellfitness.pl\\\/trener-personalny\\\/wroclaw#primaryimage\",\"url\":\"https:\\\/\\\/wellfitness.pl\\\/wp-content\\\/uploads\\\/2025\\\/09\\\/trener-personalny-wroclaw-scaled-e1757939529491.jpg\",\"contentUrl\":\"https:\\\/\\\/wellfitness.pl\\\/wp-content\\\/uploads\\\/2025\\\/09\\\/trener-personalny-wroclaw-scaled-e1757939529491.jpg\",\"width\":2560,\"height\":1540,\"caption\":\"Dw\u00f3ch m\u0119\u017cczyzn podczas konsultacji z trenerem personalnym w si\u0142owni \u2013 rozmowa przy stoliku, w tle sprz\u0119t cardio.\"},{\"@type\":\"BreadcrumbList\",\"@id\":\"https:\\\/\\\/wellfitness.pl\\\/trener-personalny\\\/wroclaw#breadcrumb\",\"itemListElement\":[{\"@type\":\"ListItem\",\"position\":1,\"name\":\"Strona g\u0142\u00f3wna\",\"item\":\"https:\\\/\\\/wellfitness.pl\\\/\"},{\"@type\":\"ListItem\",\"position\":2,\"name\":\"Trener personalny\",\"item\":\"https:\\\/\\\/wellfitness.pl\\\/trener-personalny\"},{\"@type\":\"ListItem\",\"position\":3,\"name\":\"Wroc\u0142aw\"}]},{\"@type\":\"WebSite\",\"@id\":\"https:\\\/\\\/wellfitness.pl\\\/#website\",\"url\":\"https:\\\/\\\/wellfitness.pl\\\/\",\"name\":\"Well Fitness\",\"description\":\"Be well. Be fit. Be yourself.\",\"publisher\":{\"@id\":\"https:\\\/\\\/wellfitness.pl\\\/#organization\"},\"potentialAction\":[{\"@type\":\"SearchAction\",\"target\":{\"@type\":\"EntryPoint\",\"urlTemplate\":\"https:\\\/\\\/wellfitness.pl\\\/?s={search_term_string}\"},\"query-input\":{\"@type\":\"PropertyValueSpecification\",\"valueRequired\":true,\"valueName\":\"search_term_string\"}}],\"inLanguage\":\"en-GB\"},{\"@type\":\"Organization\",\"@id\":\"https:\\\/\\\/wellfitness.pl\\\/#organization\",\"name\":\"Well Fitness\",\"url\":\"https:\\\/\\\/wellfitness.pl\\\/\",\"logo\":{\"@type\":\"ImageObject\",\"inLanguage\":\"en-GB\",\"@id\":\"https:\\\/\\\/wellfitness.pl\\\/#\\\/schema\\\/logo\\\/image\\\/\",\"url\":\"https:\\\/\\\/wellfitness.pl\\\/wp-content\\\/uploads\\\/2021\\\/12\\\/well-fitness-logo.png\",\"contentUrl\":\"https:\\\/\\\/wellfitness.pl\\\/wp-content\\\/uploads\\\/2021\\\/12\\\/well-fitness-logo.png\",\"width\":512,\"height\":512,\"caption\":\"Well Fitness\"},\"sameAs\":[\"https:\\\/\\\/www.facebook.com\\\/WellFitnessPolska\\\/\",\"https:\\\/\\\/www.instagram.com\\\/wellfitnesspolska\\\/\"],\"contactPoint\":{\"@type\":\"ContactPoint\",\"contactType\":\"customer service\",\"url\":\"https:\\\/\\\/wellfitness.pl\\\/en\",\"email\":\"\",\"telephone\":\"\"},\"knowsAbout\":[\"fitness\",\"si\u0142ownia\",\"zaj\u0119cia grupowe\",\"wellness\"]}]}<\/script>\n<!-- \/ Yoast SEO plugin. -->","yoast_head_json":{"title":"Personal Trainer Wroc\u0142aw | Well Fitness","description":"Personal trainer Wroc\u0142aw? Check out the offer of Well Fitness. Choose a club and make an appointment for a training tailored to your goals.","robots":{"index":"index","follow":"follow","max-snippet":"max-snippet:-1","max-image-preview":"max-image-preview:large","max-video-preview":"max-video-preview:-1"},"canonical":"https:\/\/wellfitness.pl\/en\/personal-trainer\/wroclaw","og_locale":"en_GB","og_type":"article","og_title":"Trener Personalny Wroc\u0142aw | Well Fitness","og_description":"Trener personalny Wroc\u0142aw? Sprawd\u017a ofert\u0119 Well Fitness. Wybierz klub i um\u00f3w si\u0119 na trening dopasowany do Twoich cel\u00f3w.","og_url":"https:\/\/wellfitness.pl\/en\/personal-trainer\/wroclaw","og_site_name":"Well Fitness","article_publisher":"https:\/\/www.facebook.com\/WellFitnessPolska\/","article_modified_time":"2026-02-23T11:28:37+00:00","og_image":[{"width":2560,"height":1540,"url":"https:\/\/wellfitness.pl\/wp-content\/uploads\/2025\/09\/trener-personalny-wroclaw-scaled-e1757939529491.jpg","type":"image\/jpeg"}],"twitter_card":"summary_large_image","twitter_misc":{"Estimated reading time":"1 minute"},"schema":{"@context":"https:\/\/schema.org","@graph":[{"@type":"WebPage","@id":"https:\/\/wellfitness.pl\/trener-personalny\/wroclaw","url":"https:\/\/wellfitness.pl\/trener-personalny\/wroclaw","name":"Personal Trainer Wroc\u0142aw | Well Fitness","isPartOf":{"@id":"https:\/\/wellfitness.pl\/#website"},"primaryImageOfPage":{"@id":"https:\/\/wellfitness.pl\/trener-personalny\/wroclaw#primaryimage"},"thumbnailUrl":"https:\/\/wellfitness.pl\/wp-content\/uploads\/2025\/09\/trener-personalny-wroclaw-scaled-e1757939529491.jpg","datePublished":"2022-09-13T07:22:58+00:00","dateModified":"2026-02-23T11:28:37+00:00","description":"Personal trainer Wroc\u0142aw? Check out the offer of Well Fitness. Choose a club and make an appointment for a training tailored to your goals.","breadcrumb":{"@id":"https:\/\/wellfitness.pl\/trener-personalny\/wroclaw#breadcrumb"},"inLanguage":"en-GB","potentialAction":[{"@type":"ReadAction","target":["https:\/\/wellfitness.pl\/trener-personalny\/wroclaw"]}]},{"@type":"ImageObject","inLanguage":"en-GB","@id":"https:\/\/wellfitness.pl\/trener-personalny\/wroclaw#primaryimage","url":"https:\/\/wellfitness.pl\/wp-content\/uploads\/2025\/09\/trener-personalny-wroclaw-scaled-e1757939529491.jpg","contentUrl":"https:\/\/wellfitness.pl\/wp-content\/uploads\/2025\/09\/trener-personalny-wroclaw-scaled-e1757939529491.jpg","width":2560,"height":1540,"caption":"Dw\u00f3ch m\u0119\u017cczyzn podczas konsultacji z trenerem personalnym w si\u0142owni \u2013 rozmowa przy stoliku, w tle sprz\u0119t cardio."},{"@type":"BreadcrumbList","@id":"https:\/\/wellfitness.pl\/trener-personalny\/wroclaw#breadcrumb","itemListElement":[{"@type":"ListItem","position":1,"name":"Strona g\u0142\u00f3wna","item":"https:\/\/wellfitness.pl\/"},{"@type":"ListItem","position":2,"name":"Trener personalny","item":"https:\/\/wellfitness.pl\/trener-personalny"},{"@type":"ListItem","position":3,"name":"Wroc\u0142aw"}]},{"@type":"WebSite","@id":"https:\/\/wellfitness.pl\/#website","url":"https:\/\/wellfitness.pl\/","name":"Well Fitness","description":"Be well. Be fit. Be yourself.","publisher":{"@id":"https:\/\/wellfitness.pl\/#organization"},"potentialAction":[{"@type":"SearchAction","target":{"@type":"EntryPoint","urlTemplate":"https:\/\/wellfitness.pl\/?s={search_term_string}"},"query-input":{"@type":"PropertyValueSpecification","valueRequired":true,"valueName":"search_term_string"}}],"inLanguage":"en-GB"},{"@type":"Organization","@id":"https:\/\/wellfitness.pl\/#organization","name":"Well Fitness","url":"https:\/\/wellfitness.pl\/","logo":{"@type":"ImageObject","inLanguage":"en-GB","@id":"https:\/\/wellfitness.pl\/#\/schema\/logo\/image\/","url":"https:\/\/wellfitness.pl\/wp-content\/uploads\/2021\/12\/well-fitness-logo.png","contentUrl":"https:\/\/wellfitness.pl\/wp-content\/uploads\/2021\/12\/well-fitness-logo.png","width":512,"height":512,"caption":"Well Fitness"},"sameAs":["https:\/\/www.facebook.com\/WellFitnessPolska\/","https:\/\/www.instagram.com\/wellfitnesspolska\/"],"contactPoint":{"@type":"ContactPoint","contactType":"customer service","url":"https:\/\/wellfitness.pl\/en","email":"","telephone":""},"knowsAbout":["fitness","si\u0142ownia","zaj\u0119cia grupowe","wellness"]}]}},"_links":{"self":[{"href":"https:\/\/wellfitness.pl\/en\/wp-json\/wp\/v2\/pages\/3490","targetHints":{"allow":["GET"]}}],"collection":[{"href":"https:\/\/wellfitness.pl\/en\/wp-json\/wp\/v2\/pages"}],"about":[{"href":"https:\/\/wellfitness.pl\/en\/wp-json\/wp\/v2\/types\/page"}],"author":[{"embeddable":true,"href":"https:\/\/wellfitness.pl\/en\/wp-json\/wp\/v2\/users\/7"}],"replies":[{"embeddable":true,"href":"https:\/\/wellfitness.pl\/en\/wp-json\/wp\/v2\/comments?post=3490"}],"version-history":[{"count":33,"href":"https:\/\/wellfitness.pl\/en\/wp-json\/wp\/v2\/pages\/3490\/revisions"}],"predecessor-version":[{"id":14047,"href":"https:\/\/wellfitness.pl\/en\/wp-json\/wp\/v2\/pages\/3490\/revisions\/14047"}],"up":[{"embeddable":true,"href":"https:\/\/wellfitness.pl\/en\/wp-json\/wp\/v2\/pages\/57"}],"wp:featuredmedia":[{"embeddable":true,"href":"https:\/\/wellfitness.pl\/en\/wp-json\/wp\/v2\/media\/12335"}],"wp:attachment":[{"href":"https:\/\/wellfitness.pl\/en\/wp-json\/wp\/v2\/media?parent=3490"}],"curies":[{"name":"wp","href":"https:\/\/api.w.org\/{rel}","templated":true}]}}