{"id":14386,"date":"2022-09-13T09:22:58","date_gmt":"2022-09-13T07:22:58","guid":{"rendered":"https:\/\/wellfitness.pl\/?page_id=14386"},"modified":"2026-03-12T14:09:50","modified_gmt":"2026-03-12T13:09:50","slug":"legnica","status":"publish","type":"page","link":"https:\/\/wellfitness.pl\/en\/trener-personalny\/legnica","title":{"rendered":"Personal trainer Legnica"},"content":{"rendered":"<p>If you want to know the details of the offer\u00a0<strong>personal training<\/strong><br \/>\nw\u00a0<strong>Well Fitness<\/strong>, check out what it offers\u00a0<strong>gym in Legnica<\/strong>.<\/p>","protected":false},"excerpt":{"rendered":"<p>Je\u015bli chcesz pozna\u0107 szczeg\u00f3\u0142y oferty\u00a0trening\u00f3w personalnych w\u00a0Well Fitness, sprawd\u017a, co oferuje\u00a0si\u0142ownia w Legnicy.<\/p>","protected":false},"author":7,"featured_media":14388,"parent":57,"menu_order":0,"comment_status":"closed","ping_status":"closed","template":"template-flexible.php","meta":{"_acf_changed":false,"inline_featured_image":false,"footnotes":""},"class_list":["post-14386","page","type-page","status-publish","has-post-thumbnail","hentry"],"acf":[],"yoast_head":"<!-- This site is optimized with the Yoast SEO plugin v27.4 - https:\/\/yoast.com\/product\/yoast-seo-wordpress\/ -->\n<title>Trener Personalny Legnica | Plan Treninowy | Well Fitness<\/title>\n<meta name=\"description\" content=\"Szukasz trenera personalnego w Legnicy? Odwied\u017a Well Fitness w Galerii Ferio lub na ul. Marsa. Skuteczna motywacja, plany treningowe i opieka profesjonalist\u00f3w.\" \/>\n<meta name=\"robots\" content=\"index, follow, max-snippet:-1, max-image-preview:large, max-video-preview:-1\" \/>\n<link rel=\"canonical\" href=\"https:\/\/wellfitness.pl\/en\/personal-trainer\/legnica\" \/>\n<meta property=\"og:locale\" content=\"en_GB\" \/>\n<meta property=\"og:type\" content=\"article\" \/>\n<meta property=\"og:title\" content=\"Trener Personalny Legnica | Plan Treninowy | Well Fitness\" \/>\n<meta property=\"og:description\" content=\"Szukasz trenera personalnego w Legnicy? Odwied\u017a Well Fitness w Galerii Ferio lub na ul. Marsa. Skuteczna motywacja, plany treningowe i opieka profesjonalist\u00f3w.\" \/>\n<meta property=\"og:url\" content=\"https:\/\/wellfitness.pl\/en\/personal-trainer\/legnica\" \/>\n<meta property=\"og:site_name\" content=\"Well Fitness\" \/>\n<meta property=\"article:publisher\" content=\"https:\/\/www.facebook.com\/WellFitnessPolska\/\" \/>\n<meta property=\"article:modified_time\" content=\"2026-03-12T13:09:50+00:00\" \/>\n<meta property=\"og:image\" content=\"https:\/\/wellfitness.pl\/wp-content\/uploads\/2026\/03\/trener-personalny-legnica.jpg\" \/>\n\t<meta property=\"og:image:width\" content=\"2560\" \/>\n\t<meta property=\"og:image:height\" content=\"1707\" \/>\n\t<meta property=\"og:image:type\" content=\"image\/jpeg\" \/>\n<meta name=\"twitter:card\" content=\"summary_large_image\" \/>\n<meta name=\"twitter:label1\" content=\"Estimated reading time\" \/>\n\t<meta name=\"twitter:data1\" content=\"1 minute\" \/>\n<script type=\"application\/ld+json\" class=\"yoast-schema-graph\">{\"@context\":\"https:\\\/\\\/schema.org\",\"@graph\":[{\"@type\":\"WebPage\",\"@id\":\"https:\\\/\\\/wellfitness.pl\\\/trener-personalny\\\/legnica\",\"url\":\"https:\\\/\\\/wellfitness.pl\\\/trener-personalny\\\/legnica\",\"name\":\"Trener Personalny Legnica | Plan Treninowy | Well Fitness\",\"isPartOf\":{\"@id\":\"https:\\\/\\\/wellfitness.pl\\\/#website\"},\"primaryImageOfPage\":{\"@id\":\"https:\\\/\\\/wellfitness.pl\\\/trener-personalny\\\/legnica#primaryimage\"},\"thumbnailUrl\":\"https:\\\/\\\/wellfitness.pl\\\/wp-content\\\/uploads\\\/2026\\\/03\\\/trener-personalny-legnica.jpg\",\"datePublished\":\"2022-09-13T07:22:58+00:00\",\"dateModified\":\"2026-03-12T13:09:50+00:00\",\"description\":\"Szukasz trenera personalnego w Legnicy? Odwied\u017a Well Fitness w Galerii Ferio lub na ul. Marsa. Skuteczna motywacja, plany treningowe i opieka profesjonalist\u00f3w.\",\"breadcrumb\":{\"@id\":\"https:\\\/\\\/wellfitness.pl\\\/trener-personalny\\\/legnica#breadcrumb\"},\"inLanguage\":\"en-GB\",\"potentialAction\":[{\"@type\":\"ReadAction\",\"target\":[\"https:\\\/\\\/wellfitness.pl\\\/trener-personalny\\\/legnica\"]}]},{\"@type\":\"ImageObject\",\"inLanguage\":\"en-GB\",\"@id\":\"https:\\\/\\\/wellfitness.pl\\\/trener-personalny\\\/legnica#primaryimage\",\"url\":\"https:\\\/\\\/wellfitness.pl\\\/wp-content\\\/uploads\\\/2026\\\/03\\\/trener-personalny-legnica.jpg\",\"contentUrl\":\"https:\\\/\\\/wellfitness.pl\\\/wp-content\\\/uploads\\\/2026\\\/03\\\/trener-personalny-legnica.jpg\",\"width\":2560,\"height\":1707,\"caption\":\"Dw\u00f3ch m\u0119\u017cczyzn podczas konsultacji z trenerem personalnym w si\u0142owni Well Fitness - rozmowa przy stoliku, w tle sprz\u0119t cardio.\"},{\"@type\":\"BreadcrumbList\",\"@id\":\"https:\\\/\\\/wellfitness.pl\\\/trener-personalny\\\/legnica#breadcrumb\",\"itemListElement\":[{\"@type\":\"ListItem\",\"position\":1,\"name\":\"Strona g\u0142\u00f3wna\",\"item\":\"https:\\\/\\\/wellfitness.pl\\\/\"},{\"@type\":\"ListItem\",\"position\":2,\"name\":\"Trener personalny\",\"item\":\"https:\\\/\\\/wellfitness.pl\\\/trener-personalny\"},{\"@type\":\"ListItem\",\"position\":3,\"name\":\"Legnica\"}]},{\"@type\":\"WebSite\",\"@id\":\"https:\\\/\\\/wellfitness.pl\\\/#website\",\"url\":\"https:\\\/\\\/wellfitness.pl\\\/\",\"name\":\"Well Fitness\",\"description\":\"Be well. Be fit. Be yourself.\",\"publisher\":{\"@id\":\"https:\\\/\\\/wellfitness.pl\\\/#organization\"},\"potentialAction\":[{\"@type\":\"SearchAction\",\"target\":{\"@type\":\"EntryPoint\",\"urlTemplate\":\"https:\\\/\\\/wellfitness.pl\\\/?s={search_term_string}\"},\"query-input\":{\"@type\":\"PropertyValueSpecification\",\"valueRequired\":true,\"valueName\":\"search_term_string\"}}],\"inLanguage\":\"en-GB\"},{\"@type\":\"Organization\",\"@id\":\"https:\\\/\\\/wellfitness.pl\\\/#organization\",\"name\":\"Well Fitness\",\"url\":\"https:\\\/\\\/wellfitness.pl\\\/\",\"logo\":{\"@type\":\"ImageObject\",\"inLanguage\":\"en-GB\",\"@id\":\"https:\\\/\\\/wellfitness.pl\\\/#\\\/schema\\\/logo\\\/image\\\/\",\"url\":\"https:\\\/\\\/wellfitness.pl\\\/wp-content\\\/uploads\\\/2021\\\/12\\\/well-fitness-logo.png\",\"contentUrl\":\"https:\\\/\\\/wellfitness.pl\\\/wp-content\\\/uploads\\\/2021\\\/12\\\/well-fitness-logo.png\",\"width\":512,\"height\":512,\"caption\":\"Well Fitness\"},\"sameAs\":[\"https:\\\/\\\/www.facebook.com\\\/WellFitnessPolska\\\/\",\"https:\\\/\\\/www.instagram.com\\\/wellfitnesspolska\\\/\"],\"contactPoint\":{\"@type\":\"ContactPoint\",\"contactType\":\"customer service\",\"url\":\"https:\\\/\\\/wellfitness.pl\\\/en\",\"email\":\"\",\"telephone\":\"\"},\"knowsAbout\":[\"fitness\",\"si\u0142ownia\",\"zaj\u0119cia grupowe\",\"wellness\"]}]}<\/script>\n<!-- \/ Yoast SEO plugin. -->","yoast_head_json":{"title":"Personal trainer Legnica | Workout plan | Well Fitness","description":"Looking for a personal trainer in Legnica? Visit Well Fitness in Galeria Ferio or on Marsa Street. Effective motivation, training plans and professional care.","robots":{"index":"index","follow":"follow","max-snippet":"max-snippet:-1","max-image-preview":"max-image-preview:large","max-video-preview":"max-video-preview:-1"},"canonical":"https:\/\/wellfitness.pl\/en\/personal-trainer\/legnica","og_locale":"en_GB","og_type":"article","og_title":"Trener Personalny Legnica | Plan Treninowy | Well Fitness","og_description":"Szukasz trenera personalnego w Legnicy? Odwied\u017a Well Fitness w Galerii Ferio lub na ul. Marsa. Skuteczna motywacja, plany treningowe i opieka profesjonalist\u00f3w.","og_url":"https:\/\/wellfitness.pl\/en\/personal-trainer\/legnica","og_site_name":"Well Fitness","article_publisher":"https:\/\/www.facebook.com\/WellFitnessPolska\/","article_modified_time":"2026-03-12T13:09:50+00:00","og_image":[{"width":2560,"height":1707,"url":"https:\/\/wellfitness.pl\/wp-content\/uploads\/2026\/03\/trener-personalny-legnica.jpg","type":"image\/jpeg"}],"twitter_card":"summary_large_image","twitter_misc":{"Estimated reading time":"1 minute"},"schema":{"@context":"https:\/\/schema.org","@graph":[{"@type":"WebPage","@id":"https:\/\/wellfitness.pl\/trener-personalny\/legnica","url":"https:\/\/wellfitness.pl\/trener-personalny\/legnica","name":"Personal trainer Legnica | Workout plan | Well Fitness","isPartOf":{"@id":"https:\/\/wellfitness.pl\/#website"},"primaryImageOfPage":{"@id":"https:\/\/wellfitness.pl\/trener-personalny\/legnica#primaryimage"},"thumbnailUrl":"https:\/\/wellfitness.pl\/wp-content\/uploads\/2026\/03\/trener-personalny-legnica.jpg","datePublished":"2022-09-13T07:22:58+00:00","dateModified":"2026-03-12T13:09:50+00:00","description":"Looking for a personal trainer in Legnica? Visit Well Fitness in Galeria Ferio or on Marsa Street. Effective motivation, training plans and professional care.","breadcrumb":{"@id":"https:\/\/wellfitness.pl\/trener-personalny\/legnica#breadcrumb"},"inLanguage":"en-GB","potentialAction":[{"@type":"ReadAction","target":["https:\/\/wellfitness.pl\/trener-personalny\/legnica"]}]},{"@type":"ImageObject","inLanguage":"en-GB","@id":"https:\/\/wellfitness.pl\/trener-personalny\/legnica#primaryimage","url":"https:\/\/wellfitness.pl\/wp-content\/uploads\/2026\/03\/trener-personalny-legnica.jpg","contentUrl":"https:\/\/wellfitness.pl\/wp-content\/uploads\/2026\/03\/trener-personalny-legnica.jpg","width":2560,"height":1707,"caption":"Dw\u00f3ch m\u0119\u017cczyzn podczas konsultacji z trenerem personalnym w si\u0142owni Well Fitness - rozmowa przy stoliku, w tle sprz\u0119t cardio."},{"@type":"BreadcrumbList","@id":"https:\/\/wellfitness.pl\/trener-personalny\/legnica#breadcrumb","itemListElement":[{"@type":"ListItem","position":1,"name":"Strona g\u0142\u00f3wna","item":"https:\/\/wellfitness.pl\/"},{"@type":"ListItem","position":2,"name":"Trener personalny","item":"https:\/\/wellfitness.pl\/trener-personalny"},{"@type":"ListItem","position":3,"name":"Legnica"}]},{"@type":"WebSite","@id":"https:\/\/wellfitness.pl\/#website","url":"https:\/\/wellfitness.pl\/","name":"Well Fitness","description":"Be well. Be fit. Be yourself.","publisher":{"@id":"https:\/\/wellfitness.pl\/#organization"},"potentialAction":[{"@type":"SearchAction","target":{"@type":"EntryPoint","urlTemplate":"https:\/\/wellfitness.pl\/?s={search_term_string}"},"query-input":{"@type":"PropertyValueSpecification","valueRequired":true,"valueName":"search_term_string"}}],"inLanguage":"en-GB"},{"@type":"Organization","@id":"https:\/\/wellfitness.pl\/#organization","name":"Well Fitness","url":"https:\/\/wellfitness.pl\/","logo":{"@type":"ImageObject","inLanguage":"en-GB","@id":"https:\/\/wellfitness.pl\/#\/schema\/logo\/image\/","url":"https:\/\/wellfitness.pl\/wp-content\/uploads\/2021\/12\/well-fitness-logo.png","contentUrl":"https:\/\/wellfitness.pl\/wp-content\/uploads\/2021\/12\/well-fitness-logo.png","width":512,"height":512,"caption":"Well Fitness"},"sameAs":["https:\/\/www.facebook.com\/WellFitnessPolska\/","https:\/\/www.instagram.com\/wellfitnesspolska\/"],"contactPoint":{"@type":"ContactPoint","contactType":"customer service","url":"https:\/\/wellfitness.pl\/en","email":"","telephone":""},"knowsAbout":["fitness","si\u0142ownia","zaj\u0119cia grupowe","wellness"]}]}},"_links":{"self":[{"href":"https:\/\/wellfitness.pl\/en\/wp-json\/wp\/v2\/pages\/14386","targetHints":{"allow":["GET"]}}],"collection":[{"href":"https:\/\/wellfitness.pl\/en\/wp-json\/wp\/v2\/pages"}],"about":[{"href":"https:\/\/wellfitness.pl\/en\/wp-json\/wp\/v2\/types\/page"}],"author":[{"embeddable":true,"href":"https:\/\/wellfitness.pl\/en\/wp-json\/wp\/v2\/users\/7"}],"replies":[{"embeddable":true,"href":"https:\/\/wellfitness.pl\/en\/wp-json\/wp\/v2\/comments?post=14386"}],"version-history":[{"count":3,"href":"https:\/\/wellfitness.pl\/en\/wp-json\/wp\/v2\/pages\/14386\/revisions"}],"predecessor-version":[{"id":14390,"href":"https:\/\/wellfitness.pl\/en\/wp-json\/wp\/v2\/pages\/14386\/revisions\/14390"}],"up":[{"embeddable":true,"href":"https:\/\/wellfitness.pl\/en\/wp-json\/wp\/v2\/pages\/57"}],"wp:featuredmedia":[{"embeddable":true,"href":"https:\/\/wellfitness.pl\/en\/wp-json\/wp\/v2\/media\/14388"}],"wp:attachment":[{"href":"https:\/\/wellfitness.pl\/en\/wp-json\/wp\/v2\/media?parent=14386"}],"curies":[{"name":"wp","href":"https:\/\/api.w.org\/{rel}","templated":true}]}}