{"id":14301,"date":"2026-03-09T14:30:39","date_gmt":"2026-03-09T13:30:39","guid":{"rendered":"https:\/\/wellfitness.pl\/?page_id=14301"},"modified":"2026-03-09T14:30:39","modified_gmt":"2026-03-09T13:30:39","slug":"faq","status":"publish","type":"page","link":"https:\/\/wellfitness.pl\/en\/faq","title":{"rendered":"FAQ"},"content":{"rendered":"","protected":false},"excerpt":{"rendered":"","protected":false},"author":32,"featured_media":14311,"parent":0,"menu_order":0,"comment_status":"closed","ping_status":"closed","template":"","meta":{"_acf_changed":false,"inline_featured_image":false,"footnotes":""},"class_list":["post-14301","page","type-page","status-publish","has-post-thumbnail","hentry"],"acf":[],"yoast_head":"<!-- This site is optimized with the Yoast SEO plugin v27.4 - https:\/\/yoast.com\/product\/yoast-seo-wordpress\/ -->\n<title>FAQ \u2013 Najcz\u0119\u015bciej zadawane pytania | Well Fitness<\/title>\n<meta name=\"description\" content=\"Masz pytania dotycz\u0105ce karnet\u00f3w, aplikacji lub zaj\u0119\u0107 fitness? Sprawd\u017a odpowiedzi na najcz\u0119\u015bciej zadawane pytania w Well Fitness.\" \/>\n<meta name=\"robots\" content=\"index, follow, max-snippet:-1, max-image-preview:large, max-video-preview:-1\" \/>\n<link rel=\"canonical\" href=\"https:\/\/wellfitness.pl\/en\/faq\" \/>\n<meta property=\"og:locale\" content=\"en_GB\" \/>\n<meta property=\"og:type\" content=\"article\" \/>\n<meta property=\"og:title\" content=\"FAQ \u2013 Najcz\u0119\u015bciej zadawane pytania | Well Fitness\" \/>\n<meta property=\"og:description\" content=\"Masz pytania dotycz\u0105ce karnet\u00f3w, aplikacji lub zaj\u0119\u0107 fitness? Sprawd\u017a odpowiedzi na najcz\u0119\u015bciej zadawane pytania w Well Fitness.\" \/>\n<meta property=\"og:url\" content=\"https:\/\/wellfitness.pl\/en\/faq\" \/>\n<meta property=\"og:site_name\" content=\"Well Fitness\" \/>\n<meta property=\"article:publisher\" content=\"https:\/\/www.facebook.com\/WellFitnessPolska\/\" \/>\n<meta property=\"og:image\" content=\"https:\/\/wellfitness.pl\/wp-content\/uploads\/2026\/03\/faq-well-fitness-scaled.jpg\" \/>\n\t<meta property=\"og:image:width\" content=\"2560\" \/>\n\t<meta property=\"og:image:height\" content=\"1707\" \/>\n\t<meta property=\"og:image:type\" content=\"image\/jpeg\" \/>\n<meta name=\"twitter:card\" content=\"summary_large_image\" \/>\n<meta name=\"twitter:label1\" content=\"Estimated reading time\" \/>\n\t<meta name=\"twitter:data1\" content=\"1 minute\" \/>\n<script type=\"application\/ld+json\" class=\"yoast-schema-graph\">{\"@context\":\"https:\\\/\\\/schema.org\",\"@graph\":[{\"@type\":\"WebPage\",\"@id\":\"https:\\\/\\\/wellfitness.pl\\\/faq\",\"url\":\"https:\\\/\\\/wellfitness.pl\\\/faq\",\"name\":\"FAQ \u2013 Najcz\u0119\u015bciej zadawane pytania | Well Fitness\",\"isPartOf\":{\"@id\":\"https:\\\/\\\/wellfitness.pl\\\/#website\"},\"primaryImageOfPage\":{\"@id\":\"https:\\\/\\\/wellfitness.pl\\\/faq#primaryimage\"},\"thumbnailUrl\":\"https:\\\/\\\/wellfitness.pl\\\/wp-content\\\/uploads\\\/2026\\\/03\\\/faq-well-fitness-scaled.jpg\",\"datePublished\":\"2026-03-09T13:30:39+00:00\",\"description\":\"Masz pytania dotycz\u0105ce karnet\u00f3w, aplikacji lub zaj\u0119\u0107 fitness? Sprawd\u017a odpowiedzi na najcz\u0119\u015bciej zadawane pytania w Well Fitness.\",\"breadcrumb\":{\"@id\":\"https:\\\/\\\/wellfitness.pl\\\/faq#breadcrumb\"},\"inLanguage\":\"en-GB\",\"potentialAction\":[{\"@type\":\"ReadAction\",\"target\":[\"https:\\\/\\\/wellfitness.pl\\\/faq\"]}]},{\"@type\":\"ImageObject\",\"inLanguage\":\"en-GB\",\"@id\":\"https:\\\/\\\/wellfitness.pl\\\/faq#primaryimage\",\"url\":\"https:\\\/\\\/wellfitness.pl\\\/wp-content\\\/uploads\\\/2026\\\/03\\\/faq-well-fitness-scaled.jpg\",\"contentUrl\":\"https:\\\/\\\/wellfitness.pl\\\/wp-content\\\/uploads\\\/2026\\\/03\\\/faq-well-fitness-scaled.jpg\",\"width\":2560,\"height\":1707,\"caption\":\"Wn\u0119trze si\u0142owni Well Fitness\"},{\"@type\":\"BreadcrumbList\",\"@id\":\"https:\\\/\\\/wellfitness.pl\\\/faq#breadcrumb\",\"itemListElement\":[{\"@type\":\"ListItem\",\"position\":1,\"name\":\"Strona g\u0142\u00f3wna\",\"item\":\"https:\\\/\\\/wellfitness.pl\\\/\"},{\"@type\":\"ListItem\",\"position\":2,\"name\":\"FAQ\"}]},{\"@type\":\"WebSite\",\"@id\":\"https:\\\/\\\/wellfitness.pl\\\/#website\",\"url\":\"https:\\\/\\\/wellfitness.pl\\\/\",\"name\":\"Well Fitness\",\"description\":\"Be well. Be fit. Be yourself.\",\"publisher\":{\"@id\":\"https:\\\/\\\/wellfitness.pl\\\/#organization\"},\"potentialAction\":[{\"@type\":\"SearchAction\",\"target\":{\"@type\":\"EntryPoint\",\"urlTemplate\":\"https:\\\/\\\/wellfitness.pl\\\/?s={search_term_string}\"},\"query-input\":{\"@type\":\"PropertyValueSpecification\",\"valueRequired\":true,\"valueName\":\"search_term_string\"}}],\"inLanguage\":\"en-GB\"},{\"@type\":\"Organization\",\"@id\":\"https:\\\/\\\/wellfitness.pl\\\/#organization\",\"name\":\"Well Fitness\",\"url\":\"https:\\\/\\\/wellfitness.pl\\\/\",\"logo\":{\"@type\":\"ImageObject\",\"inLanguage\":\"en-GB\",\"@id\":\"https:\\\/\\\/wellfitness.pl\\\/#\\\/schema\\\/logo\\\/image\\\/\",\"url\":\"https:\\\/\\\/wellfitness.pl\\\/wp-content\\\/uploads\\\/2021\\\/12\\\/well-fitness-logo.png\",\"contentUrl\":\"https:\\\/\\\/wellfitness.pl\\\/wp-content\\\/uploads\\\/2021\\\/12\\\/well-fitness-logo.png\",\"width\":512,\"height\":512,\"caption\":\"Well Fitness\"},\"sameAs\":[\"https:\\\/\\\/www.facebook.com\\\/WellFitnessPolska\\\/\",\"https:\\\/\\\/www.instagram.com\\\/wellfitnesspolska\\\/\"],\"contactPoint\":{\"@type\":\"ContactPoint\",\"contactType\":\"customer service\",\"url\":\"https:\\\/\\\/wellfitness.pl\\\/en\",\"email\":\"\",\"telephone\":\"\"},\"knowsAbout\":[\"fitness\",\"si\u0142ownia\",\"zaj\u0119cia grupowe\",\"wellness\"]}]}<\/script>\n<!-- \/ Yoast SEO plugin. -->","yoast_head_json":{"title":"FAQ - Frequently asked questions | Well Fitness","description":"Have questions about passes, apps or fitness classes? Check out the answers to the most frequently asked questions at Well Fitness.","robots":{"index":"index","follow":"follow","max-snippet":"max-snippet:-1","max-image-preview":"max-image-preview:large","max-video-preview":"max-video-preview:-1"},"canonical":"https:\/\/wellfitness.pl\/en\/faq","og_locale":"en_GB","og_type":"article","og_title":"FAQ \u2013 Najcz\u0119\u015bciej zadawane pytania | Well Fitness","og_description":"Masz pytania dotycz\u0105ce karnet\u00f3w, aplikacji lub zaj\u0119\u0107 fitness? Sprawd\u017a odpowiedzi na najcz\u0119\u015bciej zadawane pytania w Well Fitness.","og_url":"https:\/\/wellfitness.pl\/en\/faq","og_site_name":"Well Fitness","article_publisher":"https:\/\/www.facebook.com\/WellFitnessPolska\/","og_image":[{"width":2560,"height":1707,"url":"https:\/\/wellfitness.pl\/wp-content\/uploads\/2026\/03\/faq-well-fitness-scaled.jpg","type":"image\/jpeg"}],"twitter_card":"summary_large_image","twitter_misc":{"Estimated reading time":"1 minute"},"schema":{"@context":"https:\/\/schema.org","@graph":[{"@type":"WebPage","@id":"https:\/\/wellfitness.pl\/faq","url":"https:\/\/wellfitness.pl\/faq","name":"FAQ - Frequently asked questions | Well Fitness","isPartOf":{"@id":"https:\/\/wellfitness.pl\/#website"},"primaryImageOfPage":{"@id":"https:\/\/wellfitness.pl\/faq#primaryimage"},"thumbnailUrl":"https:\/\/wellfitness.pl\/wp-content\/uploads\/2026\/03\/faq-well-fitness-scaled.jpg","datePublished":"2026-03-09T13:30:39+00:00","description":"Have questions about passes, apps or fitness classes? Check out the answers to the most frequently asked questions at Well Fitness.","breadcrumb":{"@id":"https:\/\/wellfitness.pl\/faq#breadcrumb"},"inLanguage":"en-GB","potentialAction":[{"@type":"ReadAction","target":["https:\/\/wellfitness.pl\/faq"]}]},{"@type":"ImageObject","inLanguage":"en-GB","@id":"https:\/\/wellfitness.pl\/faq#primaryimage","url":"https:\/\/wellfitness.pl\/wp-content\/uploads\/2026\/03\/faq-well-fitness-scaled.jpg","contentUrl":"https:\/\/wellfitness.pl\/wp-content\/uploads\/2026\/03\/faq-well-fitness-scaled.jpg","width":2560,"height":1707,"caption":"Wn\u0119trze si\u0142owni Well Fitness"},{"@type":"BreadcrumbList","@id":"https:\/\/wellfitness.pl\/faq#breadcrumb","itemListElement":[{"@type":"ListItem","position":1,"name":"Strona g\u0142\u00f3wna","item":"https:\/\/wellfitness.pl\/"},{"@type":"ListItem","position":2,"name":"FAQ"}]},{"@type":"WebSite","@id":"https:\/\/wellfitness.pl\/#website","url":"https:\/\/wellfitness.pl\/","name":"Well Fitness","description":"Be well. Be fit. Be yourself.","publisher":{"@id":"https:\/\/wellfitness.pl\/#organization"},"potentialAction":[{"@type":"SearchAction","target":{"@type":"EntryPoint","urlTemplate":"https:\/\/wellfitness.pl\/?s={search_term_string}"},"query-input":{"@type":"PropertyValueSpecification","valueRequired":true,"valueName":"search_term_string"}}],"inLanguage":"en-GB"},{"@type":"Organization","@id":"https:\/\/wellfitness.pl\/#organization","name":"Well Fitness","url":"https:\/\/wellfitness.pl\/","logo":{"@type":"ImageObject","inLanguage":"en-GB","@id":"https:\/\/wellfitness.pl\/#\/schema\/logo\/image\/","url":"https:\/\/wellfitness.pl\/wp-content\/uploads\/2021\/12\/well-fitness-logo.png","contentUrl":"https:\/\/wellfitness.pl\/wp-content\/uploads\/2021\/12\/well-fitness-logo.png","width":512,"height":512,"caption":"Well Fitness"},"sameAs":["https:\/\/www.facebook.com\/WellFitnessPolska\/","https:\/\/www.instagram.com\/wellfitnesspolska\/"],"contactPoint":{"@type":"ContactPoint","contactType":"customer service","url":"https:\/\/wellfitness.pl\/en","email":"","telephone":""},"knowsAbout":["fitness","si\u0142ownia","zaj\u0119cia grupowe","wellness"]}]}},"_links":{"self":[{"href":"https:\/\/wellfitness.pl\/en\/wp-json\/wp\/v2\/pages\/14301","targetHints":{"allow":["GET"]}}],"collection":[{"href":"https:\/\/wellfitness.pl\/en\/wp-json\/wp\/v2\/pages"}],"about":[{"href":"https:\/\/wellfitness.pl\/en\/wp-json\/wp\/v2\/types\/page"}],"author":[{"embeddable":true,"href":"https:\/\/wellfitness.pl\/en\/wp-json\/wp\/v2\/users\/32"}],"replies":[{"embeddable":true,"href":"https:\/\/wellfitness.pl\/en\/wp-json\/wp\/v2\/comments?post=14301"}],"version-history":[{"count":9,"href":"https:\/\/wellfitness.pl\/en\/wp-json\/wp\/v2\/pages\/14301\/revisions"}],"predecessor-version":[{"id":14313,"href":"https:\/\/wellfitness.pl\/en\/wp-json\/wp\/v2\/pages\/14301\/revisions\/14313"}],"wp:featuredmedia":[{"embeddable":true,"href":"https:\/\/wellfitness.pl\/en\/wp-json\/wp\/v2\/media\/14311"}],"wp:attachment":[{"href":"https:\/\/wellfitness.pl\/en\/wp-json\/wp\/v2\/media?parent=14301"}],"curies":[{"name":"wp","href":"https:\/\/api.w.org\/{rel}","templated":true}]}}