{"id":1222,"date":"2021-10-27T13:38:25","date_gmt":"2021-10-27T11:38:25","guid":{"rendered":"https:\/\/wellfitness.pl\/?page_id=1222"},"modified":"2026-03-23T11:16:49","modified_gmt":"2026-03-23T10:16:49","slug":"well-start","status":"publish","type":"page","link":"https:\/\/wellfitness.pl\/en\/well-start","title":{"rendered":"Well Start"},"content":{"rendered":"","protected":false},"excerpt":{"rendered":"","protected":false},"author":3,"featured_media":0,"parent":0,"menu_order":0,"comment_status":"closed","ping_status":"closed","template":"template-flexible.php","meta":{"_acf_changed":false,"inline_featured_image":false,"footnotes":""},"class_list":["post-1222","page","type-page","status-publish","hentry"],"acf":[],"yoast_head":"<!-- This site is optimized with the Yoast SEO plugin v27.4 - https:\/\/yoast.com\/product\/yoast-seo-wordpress\/ -->\n<title>Well Start I Well Fitness<\/title>\n<meta name=\"description\" content=\"Zaj\u0119cia prowadzone przez trener\u00f3w personalnych w ma\u0142ych grupach, kt\u00f3re wprowadz\u0105 Ci\u0119 w \u015bwiat si\u0142owni. Poznasz strefy i dost\u0119pne maszyny.\" \/>\n<meta name=\"robots\" content=\"index, follow, max-snippet:-1, max-image-preview:large, max-video-preview:-1\" \/>\n<link rel=\"canonical\" href=\"https:\/\/wellfitness.pl\/en\/well-start\" \/>\n<meta property=\"og:locale\" content=\"en_GB\" \/>\n<meta property=\"og:type\" content=\"article\" \/>\n<meta property=\"og:title\" content=\"Well Start I Well Fitness\" \/>\n<meta property=\"og:description\" content=\"Zaj\u0119cia prowadzone przez trener\u00f3w personalnych w ma\u0142ych grupach, kt\u00f3re wprowadz\u0105 Ci\u0119 w \u015bwiat si\u0142owni. Poznasz strefy i dost\u0119pne maszyny.\" \/>\n<meta property=\"og:url\" content=\"https:\/\/wellfitness.pl\/en\/well-start\" \/>\n<meta property=\"og:site_name\" content=\"Well Fitness\" \/>\n<meta property=\"article:publisher\" content=\"https:\/\/www.facebook.com\/WellFitnessPolska\/\" \/>\n<meta property=\"article:modified_time\" content=\"2026-03-23T10:16:49+00:00\" \/>\n<meta property=\"og:image\" content=\"https:\/\/wellfitness.pl\/wp-content\/uploads\/2021\/12\/well-fitness-logo.png\" \/>\n\t<meta property=\"og:image:width\" content=\"512\" \/>\n\t<meta property=\"og:image:height\" content=\"512\" \/>\n\t<meta property=\"og:image:type\" content=\"image\/png\" \/>\n<meta name=\"twitter:card\" content=\"summary_large_image\" \/>\n<script type=\"application\/ld+json\" class=\"yoast-schema-graph\">{\"@context\":\"https:\\\/\\\/schema.org\",\"@graph\":[{\"@type\":\"WebPage\",\"@id\":\"https:\\\/\\\/wellfitness.pl\\\/well-start\",\"url\":\"https:\\\/\\\/wellfitness.pl\\\/well-start\",\"name\":\"Well Start I Well Fitness\",\"isPartOf\":{\"@id\":\"https:\\\/\\\/wellfitness.pl\\\/#website\"},\"datePublished\":\"2021-10-27T11:38:25+00:00\",\"dateModified\":\"2026-03-23T10:16:49+00:00\",\"description\":\"Zaj\u0119cia prowadzone przez trener\u00f3w personalnych w ma\u0142ych grupach, kt\u00f3re wprowadz\u0105 Ci\u0119 w \u015bwiat si\u0142owni. Poznasz strefy i dost\u0119pne maszyny.\",\"breadcrumb\":{\"@id\":\"https:\\\/\\\/wellfitness.pl\\\/well-start#breadcrumb\"},\"inLanguage\":\"en-GB\",\"potentialAction\":[{\"@type\":\"ReadAction\",\"target\":[\"https:\\\/\\\/wellfitness.pl\\\/well-start\"]}]},{\"@type\":\"BreadcrumbList\",\"@id\":\"https:\\\/\\\/wellfitness.pl\\\/well-start#breadcrumb\",\"itemListElement\":[{\"@type\":\"ListItem\",\"position\":1,\"name\":\"Strona g\u0142\u00f3wna\",\"item\":\"https:\\\/\\\/wellfitness.pl\\\/\"},{\"@type\":\"ListItem\",\"position\":2,\"name\":\"Well Start\"}]},{\"@type\":\"WebSite\",\"@id\":\"https:\\\/\\\/wellfitness.pl\\\/#website\",\"url\":\"https:\\\/\\\/wellfitness.pl\\\/\",\"name\":\"Well Fitness\",\"description\":\"Be well. Be fit. Be yourself.\",\"publisher\":{\"@id\":\"https:\\\/\\\/wellfitness.pl\\\/#organization\"},\"potentialAction\":[{\"@type\":\"SearchAction\",\"target\":{\"@type\":\"EntryPoint\",\"urlTemplate\":\"https:\\\/\\\/wellfitness.pl\\\/?s={search_term_string}\"},\"query-input\":{\"@type\":\"PropertyValueSpecification\",\"valueRequired\":true,\"valueName\":\"search_term_string\"}}],\"inLanguage\":\"en-GB\"},{\"@type\":\"Organization\",\"@id\":\"https:\\\/\\\/wellfitness.pl\\\/#organization\",\"name\":\"Well Fitness\",\"url\":\"https:\\\/\\\/wellfitness.pl\\\/\",\"logo\":{\"@type\":\"ImageObject\",\"inLanguage\":\"en-GB\",\"@id\":\"https:\\\/\\\/wellfitness.pl\\\/#\\\/schema\\\/logo\\\/image\\\/\",\"url\":\"https:\\\/\\\/wellfitness.pl\\\/wp-content\\\/uploads\\\/2021\\\/12\\\/well-fitness-logo.png\",\"contentUrl\":\"https:\\\/\\\/wellfitness.pl\\\/wp-content\\\/uploads\\\/2021\\\/12\\\/well-fitness-logo.png\",\"width\":512,\"height\":512,\"caption\":\"Well Fitness\"},\"sameAs\":[\"https:\\\/\\\/www.facebook.com\\\/WellFitnessPolska\\\/\",\"https:\\\/\\\/www.instagram.com\\\/wellfitnesspolska\\\/\"],\"contactPoint\":{\"@type\":\"ContactPoint\",\"contactType\":\"customer service\",\"url\":\"https:\\\/\\\/wellfitness.pl\\\/en\",\"email\":\"\",\"telephone\":\"\"},\"knowsAbout\":[\"fitness\",\"si\u0142ownia\",\"zaj\u0119cia grupowe\",\"wellness\"]}]}<\/script>\n<!-- \/ Yoast SEO plugin. -->","yoast_head_json":{"title":"Well Start and Well Fitness","description":"Classes led by personal trainers in small groups that will introduce you to the world of the gym. You will learn about the zones and the machines available.","robots":{"index":"index","follow":"follow","max-snippet":"max-snippet:-1","max-image-preview":"max-image-preview:large","max-video-preview":"max-video-preview:-1"},"canonical":"https:\/\/wellfitness.pl\/en\/well-start","og_locale":"en_GB","og_type":"article","og_title":"Well Start I Well Fitness","og_description":"Zaj\u0119cia prowadzone przez trener\u00f3w personalnych w ma\u0142ych grupach, kt\u00f3re wprowadz\u0105 Ci\u0119 w \u015bwiat si\u0142owni. Poznasz strefy i dost\u0119pne maszyny.","og_url":"https:\/\/wellfitness.pl\/en\/well-start","og_site_name":"Well Fitness","article_publisher":"https:\/\/www.facebook.com\/WellFitnessPolska\/","article_modified_time":"2026-03-23T10:16:49+00:00","og_image":[{"width":512,"height":512,"url":"https:\/\/wellfitness.pl\/wp-content\/uploads\/2021\/12\/well-fitness-logo.png","type":"image\/png"}],"twitter_card":"summary_large_image","schema":{"@context":"https:\/\/schema.org","@graph":[{"@type":"WebPage","@id":"https:\/\/wellfitness.pl\/well-start","url":"https:\/\/wellfitness.pl\/well-start","name":"Well Start and Well Fitness","isPartOf":{"@id":"https:\/\/wellfitness.pl\/#website"},"datePublished":"2021-10-27T11:38:25+00:00","dateModified":"2026-03-23T10:16:49+00:00","description":"Classes led by personal trainers in small groups that will introduce you to the world of the gym. You will learn about the zones and the machines available.","breadcrumb":{"@id":"https:\/\/wellfitness.pl\/well-start#breadcrumb"},"inLanguage":"en-GB","potentialAction":[{"@type":"ReadAction","target":["https:\/\/wellfitness.pl\/well-start"]}]},{"@type":"BreadcrumbList","@id":"https:\/\/wellfitness.pl\/well-start#breadcrumb","itemListElement":[{"@type":"ListItem","position":1,"name":"Strona g\u0142\u00f3wna","item":"https:\/\/wellfitness.pl\/"},{"@type":"ListItem","position":2,"name":"Well Start"}]},{"@type":"WebSite","@id":"https:\/\/wellfitness.pl\/#website","url":"https:\/\/wellfitness.pl\/","name":"Well Fitness","description":"Be well. Be fit. Be yourself.","publisher":{"@id":"https:\/\/wellfitness.pl\/#organization"},"potentialAction":[{"@type":"SearchAction","target":{"@type":"EntryPoint","urlTemplate":"https:\/\/wellfitness.pl\/?s={search_term_string}"},"query-input":{"@type":"PropertyValueSpecification","valueRequired":true,"valueName":"search_term_string"}}],"inLanguage":"en-GB"},{"@type":"Organization","@id":"https:\/\/wellfitness.pl\/#organization","name":"Well Fitness","url":"https:\/\/wellfitness.pl\/","logo":{"@type":"ImageObject","inLanguage":"en-GB","@id":"https:\/\/wellfitness.pl\/#\/schema\/logo\/image\/","url":"https:\/\/wellfitness.pl\/wp-content\/uploads\/2021\/12\/well-fitness-logo.png","contentUrl":"https:\/\/wellfitness.pl\/wp-content\/uploads\/2021\/12\/well-fitness-logo.png","width":512,"height":512,"caption":"Well Fitness"},"sameAs":["https:\/\/www.facebook.com\/WellFitnessPolska\/","https:\/\/www.instagram.com\/wellfitnesspolska\/"],"contactPoint":{"@type":"ContactPoint","contactType":"customer service","url":"https:\/\/wellfitness.pl\/en","email":"","telephone":""},"knowsAbout":["fitness","si\u0142ownia","zaj\u0119cia grupowe","wellness"]}]}},"_links":{"self":[{"href":"https:\/\/wellfitness.pl\/en\/wp-json\/wp\/v2\/pages\/1222","targetHints":{"allow":["GET"]}}],"collection":[{"href":"https:\/\/wellfitness.pl\/en\/wp-json\/wp\/v2\/pages"}],"about":[{"href":"https:\/\/wellfitness.pl\/en\/wp-json\/wp\/v2\/types\/page"}],"author":[{"embeddable":true,"href":"https:\/\/wellfitness.pl\/en\/wp-json\/wp\/v2\/users\/3"}],"replies":[{"embeddable":true,"href":"https:\/\/wellfitness.pl\/en\/wp-json\/wp\/v2\/comments?post=1222"}],"version-history":[{"count":47,"href":"https:\/\/wellfitness.pl\/en\/wp-json\/wp\/v2\/pages\/1222\/revisions"}],"predecessor-version":[{"id":14542,"href":"https:\/\/wellfitness.pl\/en\/wp-json\/wp\/v2\/pages\/1222\/revisions\/14542"}],"wp:attachment":[{"href":"https:\/\/wellfitness.pl\/en\/wp-json\/wp\/v2\/media?parent=1222"}],"curies":[{"name":"wp","href":"https:\/\/api.w.org\/{rel}","templated":true}]}}