{"id":10998,"date":"2025-06-17T15:01:02","date_gmt":"2025-06-17T13:01:02","guid":{"rendered":"https:\/\/wellfitness.pl\/?page_id=10998"},"modified":"2025-08-28T10:31:00","modified_gmt":"2025-08-28T08:31:00","slug":"how-old-do-you-have-to-be-to-go-to-the-gym","status":"publish","type":"page","link":"https:\/\/wellfitness.pl\/en\/ile-lat-trzeba-miec-zeby-chodzic-na-silownie","title":{"rendered":"Age requirements"},"content":{"rendered":"","protected":false},"excerpt":{"rendered":"","protected":false},"author":32,"featured_media":0,"parent":0,"menu_order":0,"comment_status":"closed","ping_status":"closed","template":"template-flexible.php","meta":{"_acf_changed":false,"inline_featured_image":false,"footnotes":""},"class_list":["post-10998","page","type-page","status-publish","hentry"],"acf":[],"yoast_head":"<!-- This site is optimized with the Yoast SEO plugin v27.4 - https:\/\/yoast.com\/product\/yoast-seo-wordpress\/ -->\n<title>Od ilu lat mo\u017cna chodzi\u0107 na si\u0142owni\u0119? | Well Fitness<\/title>\n<meta name=\"description\" content=\"Sprawd\u017a, od jakiego wieku mo\u017cesz trenowa\u0107 na si\u0142owni Well Fitness. Zasady dla m\u0142odzie\u017cy, zgoda opiekuna i bezpieczny start z treningiem.\" \/>\n<meta name=\"robots\" content=\"index, follow, max-snippet:-1, max-image-preview:large, max-video-preview:-1\" \/>\n<link rel=\"canonical\" href=\"https:\/\/wellfitness.pl\/en\/how-old-do-you-have-to-be-to-go-to-the-gym\" \/>\n<meta property=\"og:locale\" content=\"en_GB\" \/>\n<meta property=\"og:type\" content=\"article\" \/>\n<meta property=\"og:title\" content=\"Od ilu lat mo\u017cna chodzi\u0107 na si\u0142owni\u0119? | Well Fitness\" \/>\n<meta property=\"og:description\" content=\"Sprawd\u017a, od jakiego wieku mo\u017cesz trenowa\u0107 na si\u0142owni Well Fitness. Zasady dla m\u0142odzie\u017cy, zgoda opiekuna i bezpieczny start z treningiem.\" \/>\n<meta property=\"og:url\" content=\"https:\/\/wellfitness.pl\/en\/how-old-do-you-have-to-be-to-go-to-the-gym\" \/>\n<meta property=\"og:site_name\" content=\"Well Fitness\" \/>\n<meta property=\"article:publisher\" content=\"https:\/\/www.facebook.com\/WellFitnessPolska\/\" \/>\n<meta property=\"article:modified_time\" content=\"2025-08-28T08:31:00+00:00\" \/>\n<meta property=\"og:image\" content=\"https:\/\/wellfitness.pl\/wp-content\/uploads\/2021\/12\/well-fitness-logo.png\" \/>\n\t<meta property=\"og:image:width\" content=\"512\" \/>\n\t<meta property=\"og:image:height\" content=\"512\" \/>\n\t<meta property=\"og:image:type\" content=\"image\/png\" \/>\n<meta name=\"twitter:card\" content=\"summary_large_image\" \/>\n<script type=\"application\/ld+json\" class=\"yoast-schema-graph\">{\"@context\":\"https:\\\/\\\/schema.org\",\"@graph\":[{\"@type\":\"WebPage\",\"@id\":\"https:\\\/\\\/wellfitness.pl\\\/ile-lat-trzeba-miec-zeby-chodzic-na-silownie\",\"url\":\"https:\\\/\\\/wellfitness.pl\\\/ile-lat-trzeba-miec-zeby-chodzic-na-silownie\",\"name\":\"Od ilu lat mo\u017cna chodzi\u0107 na si\u0142owni\u0119? | Well Fitness\",\"isPartOf\":{\"@id\":\"https:\\\/\\\/wellfitness.pl\\\/#website\"},\"datePublished\":\"2025-06-17T13:01:02+00:00\",\"dateModified\":\"2025-08-28T08:31:00+00:00\",\"description\":\"Sprawd\u017a, od jakiego wieku mo\u017cesz trenowa\u0107 na si\u0142owni Well Fitness. Zasady dla m\u0142odzie\u017cy, zgoda opiekuna i bezpieczny start z treningiem.\",\"breadcrumb\":{\"@id\":\"https:\\\/\\\/wellfitness.pl\\\/ile-lat-trzeba-miec-zeby-chodzic-na-silownie#breadcrumb\"},\"inLanguage\":\"en-GB\",\"potentialAction\":[{\"@type\":\"ReadAction\",\"target\":[\"https:\\\/\\\/wellfitness.pl\\\/ile-lat-trzeba-miec-zeby-chodzic-na-silownie\"]}]},{\"@type\":\"BreadcrumbList\",\"@id\":\"https:\\\/\\\/wellfitness.pl\\\/ile-lat-trzeba-miec-zeby-chodzic-na-silownie#breadcrumb\",\"itemListElement\":[{\"@type\":\"ListItem\",\"position\":1,\"name\":\"Strona g\u0142\u00f3wna\",\"item\":\"https:\\\/\\\/wellfitness.pl\\\/\"},{\"@type\":\"ListItem\",\"position\":2,\"name\":\"Od ilu lat na si\u0142owni\u0119?\"}]},{\"@type\":\"WebSite\",\"@id\":\"https:\\\/\\\/wellfitness.pl\\\/#website\",\"url\":\"https:\\\/\\\/wellfitness.pl\\\/\",\"name\":\"Well Fitness\",\"description\":\"Be well. Be fit. Be yourself.\",\"publisher\":{\"@id\":\"https:\\\/\\\/wellfitness.pl\\\/#organization\"},\"potentialAction\":[{\"@type\":\"SearchAction\",\"target\":{\"@type\":\"EntryPoint\",\"urlTemplate\":\"https:\\\/\\\/wellfitness.pl\\\/?s={search_term_string}\"},\"query-input\":{\"@type\":\"PropertyValueSpecification\",\"valueRequired\":true,\"valueName\":\"search_term_string\"}}],\"inLanguage\":\"en-GB\"},{\"@type\":\"Organization\",\"@id\":\"https:\\\/\\\/wellfitness.pl\\\/#organization\",\"name\":\"Well Fitness\",\"url\":\"https:\\\/\\\/wellfitness.pl\\\/\",\"logo\":{\"@type\":\"ImageObject\",\"inLanguage\":\"en-GB\",\"@id\":\"https:\\\/\\\/wellfitness.pl\\\/#\\\/schema\\\/logo\\\/image\\\/\",\"url\":\"https:\\\/\\\/wellfitness.pl\\\/wp-content\\\/uploads\\\/2021\\\/12\\\/well-fitness-logo.png\",\"contentUrl\":\"https:\\\/\\\/wellfitness.pl\\\/wp-content\\\/uploads\\\/2021\\\/12\\\/well-fitness-logo.png\",\"width\":512,\"height\":512,\"caption\":\"Well Fitness\"},\"sameAs\":[\"https:\\\/\\\/www.facebook.com\\\/WellFitnessPolska\\\/\",\"https:\\\/\\\/www.instagram.com\\\/wellfitnesspolska\\\/\"],\"contactPoint\":{\"@type\":\"ContactPoint\",\"contactType\":\"customer service\",\"url\":\"https:\\\/\\\/wellfitness.pl\\\/en\",\"email\":\"\",\"telephone\":\"\"},\"knowsAbout\":[\"fitness\",\"si\u0142ownia\",\"zaj\u0119cia grupowe\",\"wellness\"]}]}<\/script>\n<!-- \/ Yoast SEO plugin. -->","yoast_head_json":{"title":"From how old can you go to the gym? | Well Fitness","description":"Find out what age you can train from at the Well Fitness gym. Rules for young people, guardian consent and a safe start to your training.","robots":{"index":"index","follow":"follow","max-snippet":"max-snippet:-1","max-image-preview":"max-image-preview:large","max-video-preview":"max-video-preview:-1"},"canonical":"https:\/\/wellfitness.pl\/en\/how-old-do-you-have-to-be-to-go-to-the-gym","og_locale":"en_GB","og_type":"article","og_title":"Od ilu lat mo\u017cna chodzi\u0107 na si\u0142owni\u0119? | Well Fitness","og_description":"Sprawd\u017a, od jakiego wieku mo\u017cesz trenowa\u0107 na si\u0142owni Well Fitness. Zasady dla m\u0142odzie\u017cy, zgoda opiekuna i bezpieczny start z treningiem.","og_url":"https:\/\/wellfitness.pl\/en\/how-old-do-you-have-to-be-to-go-to-the-gym","og_site_name":"Well Fitness","article_publisher":"https:\/\/www.facebook.com\/WellFitnessPolska\/","article_modified_time":"2025-08-28T08:31:00+00:00","og_image":[{"width":512,"height":512,"url":"https:\/\/wellfitness.pl\/wp-content\/uploads\/2021\/12\/well-fitness-logo.png","type":"image\/png"}],"twitter_card":"summary_large_image","schema":{"@context":"https:\/\/schema.org","@graph":[{"@type":"WebPage","@id":"https:\/\/wellfitness.pl\/ile-lat-trzeba-miec-zeby-chodzic-na-silownie","url":"https:\/\/wellfitness.pl\/ile-lat-trzeba-miec-zeby-chodzic-na-silownie","name":"From how old can you go to the gym? | Well Fitness","isPartOf":{"@id":"https:\/\/wellfitness.pl\/#website"},"datePublished":"2025-06-17T13:01:02+00:00","dateModified":"2025-08-28T08:31:00+00:00","description":"Find out what age you can train from at the Well Fitness gym. Rules for young people, guardian consent and a safe start to your training.","breadcrumb":{"@id":"https:\/\/wellfitness.pl\/ile-lat-trzeba-miec-zeby-chodzic-na-silownie#breadcrumb"},"inLanguage":"en-GB","potentialAction":[{"@type":"ReadAction","target":["https:\/\/wellfitness.pl\/ile-lat-trzeba-miec-zeby-chodzic-na-silownie"]}]},{"@type":"BreadcrumbList","@id":"https:\/\/wellfitness.pl\/ile-lat-trzeba-miec-zeby-chodzic-na-silownie#breadcrumb","itemListElement":[{"@type":"ListItem","position":1,"name":"Strona g\u0142\u00f3wna","item":"https:\/\/wellfitness.pl\/"},{"@type":"ListItem","position":2,"name":"Od ilu lat na si\u0142owni\u0119?"}]},{"@type":"WebSite","@id":"https:\/\/wellfitness.pl\/#website","url":"https:\/\/wellfitness.pl\/","name":"Well Fitness","description":"Be well. Be fit. Be yourself.","publisher":{"@id":"https:\/\/wellfitness.pl\/#organization"},"potentialAction":[{"@type":"SearchAction","target":{"@type":"EntryPoint","urlTemplate":"https:\/\/wellfitness.pl\/?s={search_term_string}"},"query-input":{"@type":"PropertyValueSpecification","valueRequired":true,"valueName":"search_term_string"}}],"inLanguage":"en-GB"},{"@type":"Organization","@id":"https:\/\/wellfitness.pl\/#organization","name":"Well Fitness","url":"https:\/\/wellfitness.pl\/","logo":{"@type":"ImageObject","inLanguage":"en-GB","@id":"https:\/\/wellfitness.pl\/#\/schema\/logo\/image\/","url":"https:\/\/wellfitness.pl\/wp-content\/uploads\/2021\/12\/well-fitness-logo.png","contentUrl":"https:\/\/wellfitness.pl\/wp-content\/uploads\/2021\/12\/well-fitness-logo.png","width":512,"height":512,"caption":"Well Fitness"},"sameAs":["https:\/\/www.facebook.com\/WellFitnessPolska\/","https:\/\/www.instagram.com\/wellfitnesspolska\/"],"contactPoint":{"@type":"ContactPoint","contactType":"customer service","url":"https:\/\/wellfitness.pl\/en","email":"","telephone":""},"knowsAbout":["fitness","si\u0142ownia","zaj\u0119cia grupowe","wellness"]}]}},"_links":{"self":[{"href":"https:\/\/wellfitness.pl\/en\/wp-json\/wp\/v2\/pages\/10998","targetHints":{"allow":["GET"]}}],"collection":[{"href":"https:\/\/wellfitness.pl\/en\/wp-json\/wp\/v2\/pages"}],"about":[{"href":"https:\/\/wellfitness.pl\/en\/wp-json\/wp\/v2\/types\/page"}],"author":[{"embeddable":true,"href":"https:\/\/wellfitness.pl\/en\/wp-json\/wp\/v2\/users\/32"}],"replies":[{"embeddable":true,"href":"https:\/\/wellfitness.pl\/en\/wp-json\/wp\/v2\/comments?post=10998"}],"version-history":[{"count":9,"href":"https:\/\/wellfitness.pl\/en\/wp-json\/wp\/v2\/pages\/10998\/revisions"}],"predecessor-version":[{"id":12135,"href":"https:\/\/wellfitness.pl\/en\/wp-json\/wp\/v2\/pages\/10998\/revisions\/12135"}],"wp:attachment":[{"href":"https:\/\/wellfitness.pl\/en\/wp-json\/wp\/v2\/media?parent=10998"}],"curies":[{"name":"wp","href":"https:\/\/api.w.org\/{rel}","templated":true}]}}